{"id":30494,"date":"2023-04-27T16:49:28","date_gmt":"2023-04-27T14:49:28","guid":{"rendered":"https:\/\/beta.dropstop-print.ch\/product\/cavatappi-da-sommelier-in-metallo\/"},"modified":"2025-11-05T10:27:48","modified_gmt":"2025-11-05T09:27:48","slug":"apribottiglie-da-sommelier-in-metallo","status":"publish","type":"product","link":"https:\/\/dropstop-print.ch\/it\/produit\/apribottiglie-da-sommelier-in-metallo\/","title":{"rendered":"Cavatappi Murano &#8211; Cavatappi da sommelier in metallo"},"content":{"rendered":"<p><a class=\"btn\" href=\"https:\/\/tire-bouchon-personnalise.ch\/\">Vai al nostro sito specializzato<\/a><br \/>\nIl cavatappi Murano \u00e8 il modello di punta della nostra collezione, che unisce eleganza e funzionalit\u00e0. Progettato con particolare attenzione ai dettagli, non \u00e8 solo esteticamente gradevole, ma anche estremamente efficace e resistente. <\/p>\n<p>In tutto il mondo, Murano \u00e8 la scelta dei professionisti che aprono decine di bottiglie ogni giorno. I coltelli da sommelier di Murano sono quindi di qualit\u00e0 impeccabile. Le nostre <a class=\"clickable\" data-toggle=\"modal\" data-target=\"#largeModal\">specifiche <\/a>spiegano perch\u00e9.  <\/p>\n<p><strong>Caratteristiche principali:<\/strong><\/p>\n<ul>\n<li><strong>Design elegante<\/strong>: con la sua silhouette slanciata, Murano \u00e8 piacevole sia alla vista che all&#8217;uso.<\/li>\n<li><strong>Variet\u00e0 di colori<\/strong>: disponibile in oltre 35 colori, potete scegliere quello che meglio si adatta all&#8217;identit\u00e0 della vostra azienda o alle vostre preferenze personali.<\/li>\n<li><strong>Stampa sulla parte superiore<\/strong>: il modello Murano \u00e8 stampato solo sulla parte superiore, offrendo una superficie ottimale per personalizzare il tuo logo o testo.<\/li>\n<li><strong>Design italiano<\/strong>: prodotto e stampato in Italia, Murano \u00e8 il risultato di un savoir-faire artigianale di altissima qualit\u00e0.<\/li>\n<li><strong>Poign\u00e9e en caoutchouc<\/strong> : La poign\u00e9e en caoutchouc assure une prise en main confortable et s\u00e9curis\u00e9e lors de l&#8217;utilisation.<\/li>\n<li><strong>Spirale extra lunga in teflon<\/strong>: grazie alla spirale in teflon, il tappo viene sempre estratto correttamente, con una resistenza minima.<\/li>\n<\/ul>\n<p><strong>Specifiche:<\/strong><\/p>\n<ul>\n<li>Lama curva affilata<\/li>\n<li>Doppio effetto leva leggero ed esclusivo<\/li>\n<li>Design brevettato<\/li>\n<li>Peso: 65 grammi<\/li>\n<\/ul>\n","protected":false},"excerpt":{"rendered":"<p><a class=\"btn\" href=\"https:\/\/tire-bouchon-personnalise.ch\/\">Vai al nostro sito specializzato<\/a><\/p>\n","protected":false},"featured_media":31323,"comment_status":"open","ping_status":"closed","template":"","meta":{"inline_featured_image":false},"product_brand":[],"product_cat":[164],"product_tag":[],"class_list":{"0":"post-30494","1":"product","2":"type-product","3":"status-publish","4":"has-post-thumbnail","6":"product_cat-cavatappi","8":"first","9":"instock","10":"taxable","11":"shipping-taxable","12":"purchasable","13":"product-type-variable"},"yoast_head":"<!-- This site is optimized with the Yoast SEO plugin v27.4 - https:\/\/yoast.com\/product\/yoast-seo-wordpress\/ -->\n<title>Cavatappi Murano - Cavatappi da sommelier in metallo | DropStop Print<\/title>\n<meta name=\"robots\" content=\"index, follow, max-snippet:-1, max-image-preview:large, max-video-preview:-1\" \/>\n<link rel=\"canonical\" href=\"https:\/\/dropstop-print.ch\/it\/produit\/apribottiglie-da-sommelier-in-metallo\/\" \/>\n<meta property=\"og:locale\" content=\"it_IT\" \/>\n<meta property=\"og:type\" content=\"article\" \/>\n<meta property=\"og:title\" content=\"Cavatappi Murano - Cavatappi da sommelier in metallo | DropStop Print\" \/>\n<meta property=\"og:description\" content=\"Vai al nostro sito specializzato\" \/>\n<meta property=\"og:url\" content=\"https:\/\/dropstop-print.ch\/it\/produit\/apribottiglie-da-sommelier-in-metallo\/\" \/>\n<meta property=\"og:site_name\" content=\"DropStop Print\" \/>\n<meta property=\"article:publisher\" content=\"https:\/\/fb.me\/dropstopprint\" \/>\n<meta property=\"article:modified_time\" content=\"2025-11-05T09:27:48+00:00\" \/>\n<meta property=\"og:image\" content=\"https:\/\/dropstop-print.ch\/wp-content\/uploads\/2023\/04\/tire-bouchon_murano.png\" \/>\n\t<meta property=\"og:image:width\" content=\"1920\" \/>\n\t<meta property=\"og:image:height\" content=\"1920\" \/>\n\t<meta property=\"og:image:type\" content=\"image\/png\" \/>\n<meta name=\"twitter:card\" content=\"summary_large_image\" \/>\n<meta name=\"twitter:label1\" content=\"Tempo di lettura stimato\" \/>\n\t<meta name=\"twitter:data1\" content=\"1 minuto\" \/>\n<script type=\"application\/ld+json\" class=\"yoast-schema-graph\">{\"@context\":\"https:\\\/\\\/schema.org\",\"@graph\":[{\"@type\":\"WebPage\",\"@id\":\"https:\\\/\\\/dropstop-print.ch\\\/it\\\/produit\\\/apribottiglie-da-sommelier-in-metallo\\\/\",\"url\":\"https:\\\/\\\/dropstop-print.ch\\\/it\\\/produit\\\/apribottiglie-da-sommelier-in-metallo\\\/\",\"name\":\"Cavatappi Murano - Cavatappi da sommelier in metallo | DropStop Print\",\"isPartOf\":{\"@id\":\"https:\\\/\\\/dropstop-print.ch\\\/it\\\/#website\"},\"primaryImageOfPage\":{\"@id\":\"https:\\\/\\\/dropstop-print.ch\\\/it\\\/produit\\\/apribottiglie-da-sommelier-in-metallo\\\/#primaryimage\"},\"image\":{\"@id\":\"https:\\\/\\\/dropstop-print.ch\\\/it\\\/produit\\\/apribottiglie-da-sommelier-in-metallo\\\/#primaryimage\"},\"thumbnailUrl\":\"https:\\\/\\\/dropstop-print.ch\\\/wp-content\\\/uploads\\\/2023\\\/04\\\/tire-bouchon_murano.png\",\"datePublished\":\"2023-04-27T14:49:28+00:00\",\"dateModified\":\"2025-11-05T09:27:48+00:00\",\"breadcrumb\":{\"@id\":\"https:\\\/\\\/dropstop-print.ch\\\/it\\\/produit\\\/apribottiglie-da-sommelier-in-metallo\\\/#breadcrumb\"},\"inLanguage\":\"it-IT\",\"potentialAction\":[{\"@type\":\"ReadAction\",\"target\":[\"https:\\\/\\\/dropstop-print.ch\\\/it\\\/produit\\\/apribottiglie-da-sommelier-in-metallo\\\/\"]}]},{\"@type\":\"ImageObject\",\"inLanguage\":\"it-IT\",\"@id\":\"https:\\\/\\\/dropstop-print.ch\\\/it\\\/produit\\\/apribottiglie-da-sommelier-in-metallo\\\/#primaryimage\",\"url\":\"https:\\\/\\\/dropstop-print.ch\\\/wp-content\\\/uploads\\\/2023\\\/04\\\/tire-bouchon_murano.png\",\"contentUrl\":\"https:\\\/\\\/dropstop-print.ch\\\/wp-content\\\/uploads\\\/2023\\\/04\\\/tire-bouchon_murano.png\",\"width\":1920,\"height\":1920},{\"@type\":\"BreadcrumbList\",\"@id\":\"https:\\\/\\\/dropstop-print.ch\\\/it\\\/produit\\\/apribottiglie-da-sommelier-in-metallo\\\/#breadcrumb\",\"itemListElement\":[{\"@type\":\"ListItem\",\"position\":1,\"name\":\"Casa\",\"item\":\"https:\\\/\\\/dropstop-print.ch\\\/it\\\/\"},{\"@type\":\"ListItem\",\"position\":2,\"name\":\"Boutique\",\"item\":\"https:\\\/\\\/dropstop-print.ch\\\/it\\\/negozio-2\\\/\"},{\"@type\":\"ListItem\",\"position\":3,\"name\":\"Cavatappi Murano &#8211; Cavatappi da sommelier in metallo\"}]},{\"@type\":\"WebSite\",\"@id\":\"https:\\\/\\\/dropstop-print.ch\\\/it\\\/#website\",\"url\":\"https:\\\/\\\/dropstop-print.ch\\\/it\\\/\",\"name\":\"DropStop Print\",\"description\":\"Impression personnalis\u00e9e de Drop Stop\",\"publisher\":{\"@id\":\"https:\\\/\\\/dropstop-print.ch\\\/it\\\/#organization\"},\"potentialAction\":[{\"@type\":\"SearchAction\",\"target\":{\"@type\":\"EntryPoint\",\"urlTemplate\":\"https:\\\/\\\/dropstop-print.ch\\\/it\\\/?s={search_term_string}\"},\"query-input\":{\"@type\":\"PropertyValueSpecification\",\"valueRequired\":true,\"valueName\":\"search_term_string\"}}],\"inLanguage\":\"it-IT\"},{\"@type\":\"Organization\",\"@id\":\"https:\\\/\\\/dropstop-print.ch\\\/it\\\/#organization\",\"name\":\"DropStop Print\",\"url\":\"https:\\\/\\\/dropstop-print.ch\\\/it\\\/\",\"logo\":{\"@type\":\"ImageObject\",\"inLanguage\":\"it-IT\",\"@id\":\"https:\\\/\\\/dropstop-print.ch\\\/it\\\/#\\\/schema\\\/logo\\\/image\\\/\",\"url\":\"https:\\\/\\\/dropstop-print.ch\\\/wp-content\\\/uploads\\\/2022\\\/12\\\/logo-1.png\",\"contentUrl\":\"https:\\\/\\\/dropstop-print.ch\\\/wp-content\\\/uploads\\\/2022\\\/12\\\/logo-1.png\",\"width\":751,\"height\":306,\"caption\":\"DropStop Print\"},\"image\":{\"@id\":\"https:\\\/\\\/dropstop-print.ch\\\/it\\\/#\\\/schema\\\/logo\\\/image\\\/\"},\"sameAs\":[\"https:\\\/\\\/fb.me\\\/dropstopprint\"]}]}<\/script>\n<!-- \/ Yoast SEO plugin. -->","yoast_head_json":{"title":"Cavatappi Murano - Cavatappi da sommelier in metallo | DropStop Print","robots":{"index":"index","follow":"follow","max-snippet":"max-snippet:-1","max-image-preview":"max-image-preview:large","max-video-preview":"max-video-preview:-1"},"canonical":"https:\/\/dropstop-print.ch\/it\/produit\/apribottiglie-da-sommelier-in-metallo\/","og_locale":"it_IT","og_type":"article","og_title":"Cavatappi Murano - Cavatappi da sommelier in metallo | DropStop Print","og_description":"Vai al nostro sito specializzato","og_url":"https:\/\/dropstop-print.ch\/it\/produit\/apribottiglie-da-sommelier-in-metallo\/","og_site_name":"DropStop Print","article_publisher":"https:\/\/fb.me\/dropstopprint","article_modified_time":"2025-11-05T09:27:48+00:00","og_image":[{"width":1920,"height":1920,"url":"https:\/\/dropstop-print.ch\/wp-content\/uploads\/2023\/04\/tire-bouchon_murano.png","type":"image\/png"}],"twitter_card":"summary_large_image","twitter_misc":{"Tempo di lettura stimato":"1 minuto"},"schema":{"@context":"https:\/\/schema.org","@graph":[{"@type":"WebPage","@id":"https:\/\/dropstop-print.ch\/it\/produit\/apribottiglie-da-sommelier-in-metallo\/","url":"https:\/\/dropstop-print.ch\/it\/produit\/apribottiglie-da-sommelier-in-metallo\/","name":"Cavatappi Murano - Cavatappi da sommelier in metallo | DropStop Print","isPartOf":{"@id":"https:\/\/dropstop-print.ch\/it\/#website"},"primaryImageOfPage":{"@id":"https:\/\/dropstop-print.ch\/it\/produit\/apribottiglie-da-sommelier-in-metallo\/#primaryimage"},"image":{"@id":"https:\/\/dropstop-print.ch\/it\/produit\/apribottiglie-da-sommelier-in-metallo\/#primaryimage"},"thumbnailUrl":"https:\/\/dropstop-print.ch\/wp-content\/uploads\/2023\/04\/tire-bouchon_murano.png","datePublished":"2023-04-27T14:49:28+00:00","dateModified":"2025-11-05T09:27:48+00:00","breadcrumb":{"@id":"https:\/\/dropstop-print.ch\/it\/produit\/apribottiglie-da-sommelier-in-metallo\/#breadcrumb"},"inLanguage":"it-IT","potentialAction":[{"@type":"ReadAction","target":["https:\/\/dropstop-print.ch\/it\/produit\/apribottiglie-da-sommelier-in-metallo\/"]}]},{"@type":"ImageObject","inLanguage":"it-IT","@id":"https:\/\/dropstop-print.ch\/it\/produit\/apribottiglie-da-sommelier-in-metallo\/#primaryimage","url":"https:\/\/dropstop-print.ch\/wp-content\/uploads\/2023\/04\/tire-bouchon_murano.png","contentUrl":"https:\/\/dropstop-print.ch\/wp-content\/uploads\/2023\/04\/tire-bouchon_murano.png","width":1920,"height":1920},{"@type":"BreadcrumbList","@id":"https:\/\/dropstop-print.ch\/it\/produit\/apribottiglie-da-sommelier-in-metallo\/#breadcrumb","itemListElement":[{"@type":"ListItem","position":1,"name":"Casa","item":"https:\/\/dropstop-print.ch\/it\/"},{"@type":"ListItem","position":2,"name":"Boutique","item":"https:\/\/dropstop-print.ch\/it\/negozio-2\/"},{"@type":"ListItem","position":3,"name":"Cavatappi Murano &#8211; Cavatappi da sommelier in metallo"}]},{"@type":"WebSite","@id":"https:\/\/dropstop-print.ch\/it\/#website","url":"https:\/\/dropstop-print.ch\/it\/","name":"DropStop Print","description":"Impression personnalis\u00e9e de Drop Stop","publisher":{"@id":"https:\/\/dropstop-print.ch\/it\/#organization"},"potentialAction":[{"@type":"SearchAction","target":{"@type":"EntryPoint","urlTemplate":"https:\/\/dropstop-print.ch\/it\/?s={search_term_string}"},"query-input":{"@type":"PropertyValueSpecification","valueRequired":true,"valueName":"search_term_string"}}],"inLanguage":"it-IT"},{"@type":"Organization","@id":"https:\/\/dropstop-print.ch\/it\/#organization","name":"DropStop Print","url":"https:\/\/dropstop-print.ch\/it\/","logo":{"@type":"ImageObject","inLanguage":"it-IT","@id":"https:\/\/dropstop-print.ch\/it\/#\/schema\/logo\/image\/","url":"https:\/\/dropstop-print.ch\/wp-content\/uploads\/2022\/12\/logo-1.png","contentUrl":"https:\/\/dropstop-print.ch\/wp-content\/uploads\/2022\/12\/logo-1.png","width":751,"height":306,"caption":"DropStop Print"},"image":{"@id":"https:\/\/dropstop-print.ch\/it\/#\/schema\/logo\/image\/"},"sameAs":["https:\/\/fb.me\/dropstopprint"]}]}},"_links":{"self":[{"href":"https:\/\/dropstop-print.ch\/it\/wp-json\/wp\/v2\/product\/30494","targetHints":{"allow":["GET"]}}],"collection":[{"href":"https:\/\/dropstop-print.ch\/it\/wp-json\/wp\/v2\/product"}],"about":[{"href":"https:\/\/dropstop-print.ch\/it\/wp-json\/wp\/v2\/types\/product"}],"replies":[{"embeddable":true,"href":"https:\/\/dropstop-print.ch\/it\/wp-json\/wp\/v2\/comments?post=30494"}],"wp:featuredmedia":[{"embeddable":true,"href":"https:\/\/dropstop-print.ch\/it\/wp-json\/wp\/v2\/media\/31323"}],"wp:attachment":[{"href":"https:\/\/dropstop-print.ch\/it\/wp-json\/wp\/v2\/media?parent=30494"}],"wp:term":[{"taxonomy":"product_brand","embeddable":true,"href":"https:\/\/dropstop-print.ch\/it\/wp-json\/wp\/v2\/product_brand?post=30494"},{"taxonomy":"product_cat","embeddable":true,"href":"https:\/\/dropstop-print.ch\/it\/wp-json\/wp\/v2\/product_cat?post=30494"},{"taxonomy":"product_tag","embeddable":true,"href":"https:\/\/dropstop-print.ch\/it\/wp-json\/wp\/v2\/product_tag?post=30494"}],"curies":[{"name":"wp","href":"https:\/\/api.w.org\/{rel}","templated":true}]}}