{"id":33542,"date":"2024-01-25T15:32:05","date_gmt":"2024-01-25T14:32:05","guid":{"rendered":"https:\/\/beta.dropstop-print.ch\/come-creare-un-fermagocce-personalizzato\/"},"modified":"2025-11-04T11:35:03","modified_gmt":"2025-11-04T10:35:03","slug":"come-creare-un-fermagocce-personalizzato","status":"publish","type":"page","link":"https:\/\/dropstop-print.ch\/it\/come-creare-un-fermagocce-personalizzato\/","title":{"rendered":"Come creare un fermagocce personalizzato?"},"content":{"rendered":"\n<p>La personalizzazione del tuo fermagocce riflette la tua identit\u00e0 o quella della tua azienda. Ecco quindi, passo dopo passo, come trasformare la tua idea in realt\u00e0. <\/p>\n\n<ol class=\"wp-block-list\" start=\"1\">\n<li><strong>Scegliete il vostro modello sul sito<\/strong>: classico in cellophane, lusso in busta o con supporto per bottiglia. Ogni opzione offre uno stile unico, pensato per adattarsi alle vostre esigenze specifiche. <\/li>\n\n\n\n<li>Seleziona la quantit\u00e0 desiderata. Che si tratti di un piccolo evento intimo o di una grande occasione, siamo pronti a soddisfare tutte le richieste. <\/li>\n\n\n\n<li><strong>Carica la tua immagine o il tuo logo.<\/strong> Il tuo marchio o il tuo messaggio meritano di essere visti, e cosa c&#8217;\u00e8 di meglio di uno stop-drop per diffonderli? <\/li>\n\n\n\n<li><strong>Aggiungi al carrello<\/strong>. Un passo semplice ma essenziale per realizzare il tuo progetto. <\/li>\n\n\n\n<li><strong>Opzione<\/strong>: forniteci alcune precisazioni sulla vostra grafica. Pi\u00f9 informazioni ci fornite, meglio potremo soddisfare le vostre aspettative. <\/li>\n\n\n\n<li><strong>Procedete con l&#8217;ordine<\/strong>. \u00c8 un momento emozionante, perch\u00e9 il vostro progetto sta per prendere forma. <\/li>\n\n\n\n<li><strong>Une fois re\u00e7u, nous commen\u00e7ons \u00e0 r\u00e9aliser votre visuel<\/strong>. Notre \u00e9quipe met tout son savoir-faire en \u0153uvre pour que le r\u00e9sultat soit \u00e0 la hauteur de vos esp\u00e9rances. <\/li>\n\n\n\n<li><strong>Ti invieremo una bozza di stampa<\/strong> (BAT) per confermare la tua grafica. \u00c8 il tuo lavoro e vogliamo assicurarci che sia perfetto. <\/li>\n\n\n\n<li><strong>Il visual \u00e8 stato approvato<\/strong>: i vostri drop stop vengono mandati in stampa. \u00c8 qui che inizia la magia della trasformazione. <\/li>\n\n\n\n<li><strong>I vostri tappi personalizzati vengono stampati<\/strong>, imballati con cura e spediti al vostro indirizzo. Ogni fase viene eseguita con la massima attenzione. <\/li>\n\n\n\n<li><strong>Salute!<\/strong> Festeggia il tuo successo con un prodotto personalizzato.<\/li>\n<\/ol>\n\n<div class=\"wp-block-columns is-layout-flex wp-container-core-columns-is-layout-9d6595d7 wp-block-columns-is-layout-flex\">\n<div class=\"wp-block-column is-layout-flow wp-block-column-is-layout-flow\"><div data-block-name=\"woocommerce\/featured-product\" data-dim-ratio=\"60\" data-edit-mode=\"false\" data-image-fit=\"cover\" data-overlay-color=\"#ffffff\" data-product-id=\"30470\" data-show-desc=\"false\" data-style=\"{&quot;elements&quot;:{&quot;link&quot;:{&quot;color&quot;:{&quot;text&quot;:&quot;var:preset|color|black&quot;}}}}\" data-text-color=\"black\" class=\"wc-block-featured-product alignnone has-background-dim has-background-dim-60 has-text-color has-black-color wp-elements-26bb3e0593db2a70c7bee519cda5b62a wp-block-woocommerce-featured-product\" style=\"min-height:500px;\"><div class=\"wc-block-featured-product__wrapper\"><div class=\"background-dim__overlay\" style=\"background-color: #ffffff\"><\/div><img decoding=\"async\" alt=\"Drop Stop &quot;Luxe&quot; con tasca personalizzata in due parti\" class=\"wc-block-featured-product__background-image\" src=\"https:\/\/dropstop-print.ch\/wp-content\/uploads\/2023\/01\/lux_dropstop-1-1024x1024.webp\" style=\"object-fit: cover;object-position: 50% 50%;\" \/><h2 class=\"wc-block-featured-product__title\">Drop Stop &#8220;Luxe&#8221; con tasca personalizzata in due parti<\/h2><div class=\"wc-block-featured-product__price\"><span class=\"woocommerce-Price-amount amount\" aria-hidden=\"true\"><span class=\"woocommerce-Price-currencySymbol\">&#067;&#072;&#070;<\/span>&nbsp;925.00<\/span> <span aria-hidden=\"true\">&#8211;<\/span> <span class=\"woocommerce-Price-amount amount\" aria-hidden=\"true\"><span class=\"woocommerce-Price-currencySymbol\">&#067;&#072;&#070;<\/span>&nbsp;3&#8217;075.00<\/span><span class=\"screen-reader-text\">Fascia di prezzo: da &#067;&#072;&#070;&nbsp;925.00 a &#067;&#072;&#070;&nbsp;3&#8217;075.00<\/span><\/div><div class=\"wc-block-featured-product__inner-blocks\">\n\n<div class=\"wp-block-buttons is-content-justification-center is-layout-flex wp-container-core-buttons-is-layout-16018d1d wp-block-buttons-is-layout-flex\">\n<div class=\"wp-block-button\"><a class=\"wp-block-button__link wp-element-button\" href=\"https:\/\/dropstop-print.ch\/it\/Prodottoprodotto\/lussuoso-drop-stop-con-bustina-2-anteporre-personalizzata\/\">Acquista ora<\/a><\/div>\n<\/div>\n\n<\/div><\/div><\/div><\/div>\n\n\n\n<div class=\"wp-block-column is-layout-flow wp-block-column-is-layout-flow\"><div data-block-name=\"woocommerce\/featured-product\" data-dim-ratio=\"60\" data-edit-mode=\"false\" data-image-fit=\"cover\" data-overlay-color=\"#ffffff\" data-product-id=\"30488\" data-show-desc=\"false\" data-style=\"{&quot;elements&quot;:{&quot;link&quot;:{&quot;color&quot;:{&quot;text&quot;:&quot;var:preset|color|black&quot;}}}}\" data-text-color=\"black\" class=\"wc-block-featured-product alignnone has-background-dim has-background-dim-60 has-text-color has-black-color wp-elements-721040f1dc8f2cd203c9ba51e536be58 wp-block-woocommerce-featured-product\" style=\"min-height:500px;\"><div class=\"wc-block-featured-product__wrapper\"><div class=\"background-dim__overlay\" style=\"background-color: #ffffff\"><\/div><img decoding=\"async\" alt=\"Drop Stop con portabottiglie\" class=\"wc-block-featured-product__background-image\" src=\"https:\/\/dropstop-print.ch\/wp-content\/uploads\/2023\/04\/support-bouteil_dropstop-1024x1024.png\" style=\"object-fit: cover;object-position: 50% 50%;\" \/><h2 class=\"wc-block-featured-product__title\">Drop Stop con portabottiglie<\/h2><div class=\"wc-block-featured-product__price\"><span class=\"woocommerce-Price-amount amount\" aria-hidden=\"true\"><span class=\"woocommerce-Price-currencySymbol\">&#067;&#072;&#070;<\/span>&nbsp;975.00<\/span> <span aria-hidden=\"true\">&#8211;<\/span> <span class=\"woocommerce-Price-amount amount\" aria-hidden=\"true\"><span class=\"woocommerce-Price-currencySymbol\">&#067;&#072;&#070;<\/span>&nbsp;1&#8217;575.00<\/span><span class=\"screen-reader-text\">Fascia di prezzo: da &#067;&#072;&#070;&nbsp;975.00 a &#067;&#072;&#070;&nbsp;1&#8217;575.00<\/span><\/div><div class=\"wc-block-featured-product__inner-blocks\">\n\n<div class=\"wp-block-buttons is-content-justification-center is-layout-flex wp-container-core-buttons-is-layout-16018d1d wp-block-buttons-is-layout-flex\">\n<div class=\"wp-block-button\"><a class=\"wp-block-button__link wp-element-button\" href=\"https:\/\/dropstop-print.ch\/it\/Prodottoprodotto\/drop-stop-con-supporto-per-bottiglia\/\">Acquista ora<\/a><\/div>\n<\/div>\n\n<\/div><\/div><\/div><\/div>\n\n\n\n<div class=\"wp-block-column is-layout-flow wp-block-column-is-layout-flow\"><div data-block-name=\"woocommerce\/featured-product\" data-dim-ratio=\"60\" data-edit-mode=\"false\" data-image-fit=\"cover\" data-overlay-color=\"#ffffff\" data-product-id=\"30450\" data-show-desc=\"false\" data-style=\"{&quot;elements&quot;:{&quot;link&quot;:{&quot;color&quot;:{&quot;text&quot;:&quot;var:preset|color|black&quot;}}}}\" data-text-color=\"black\" class=\"wc-block-featured-product alignnone has-background-dim has-background-dim-60 has-text-color has-black-color wp-elements-2b33e753e7167b1f6d65eb732017756c wp-block-woocommerce-featured-product\" style=\"min-height:500px;\"><div class=\"wc-block-featured-product__wrapper\"><div class=\"background-dim__overlay\" style=\"background-color: #ffffff\"><\/div><img decoding=\"async\" alt=\"DropStop personalizzato standard (busta in cellophane)\" class=\"wc-block-featured-product__background-image\" src=\"https:\/\/dropstop-print.ch\/wp-content\/uploads\/2023\/01\/dropstop_ensemble-2-1024x1024.webp\" style=\"object-fit: cover;object-position: 50% 50%;\" \/><h2 class=\"wc-block-featured-product__title\">DropStop personalizzato standard (busta in cellophane)<\/h2><div class=\"wc-block-featured-product__price\"><span class=\"woocommerce-Price-amount amount\" aria-hidden=\"true\"><span class=\"woocommerce-Price-currencySymbol\">&#067;&#072;&#070;<\/span>&nbsp;225.00<\/span> <span aria-hidden=\"true\">&#8211;<\/span> <span class=\"woocommerce-Price-amount amount\" aria-hidden=\"true\"><span class=\"woocommerce-Price-currencySymbol\">&#067;&#072;&#070;<\/span>&nbsp;1&#8217;875.00<\/span><span class=\"screen-reader-text\">Fascia di prezzo: da &#067;&#072;&#070;&nbsp;225.00 a &#067;&#072;&#070;&nbsp;1&#8217;875.00<\/span><\/div><div class=\"wc-block-featured-product__inner-blocks\">\n\n<div class=\"wp-block-buttons is-content-justification-center is-layout-flex wp-container-core-buttons-is-layout-16018d1d wp-block-buttons-is-layout-flex\">\n<div class=\"wp-block-button\"><a class=\"wp-block-button__link wp-element-button\" href=\"https:\/\/dropstop-print.ch\/it\/Prodottoprodotto\/custodia-drop-stop-standard-cellophane\/\">Acquista ora<\/a><\/div>\n<\/div>\n\n<\/div><\/div><\/div><\/div>\n<\/div>\n\n<div style=\"height:50px\" aria-hidden=\"true\" class=\"wp-block-spacer\"><\/div>\n\n<h2 class=\"wp-block-heading\">La tua grafica per i tuoi drop stop personalizzati<\/h2>\n\n<p>Sappiamo che l&#8217;aspetto visivo \u00e8 il cuore del tuo <strong>stop-gap personalizzato<\/strong>. Ecco come possiamo lavorare insieme per realizzarlo: <\/p>\n\n<ol class=\"wp-block-list\" start=\"1\">\n<li><strong>Sapete cosa volete<\/strong>: inviateci il file, comunicateci le vostre esigenze. Siamo qui per realizzare la vostra visione. <\/li>\n\n\n\n<li><strong>Non avete idee?<\/strong> Lasciate libero sfogo alla fantasia dei nostri designer. Sono esperti nella creazione e sapranno dare vita anche alle vostre idee pi\u00f9 vaghe. <\/li>\n<\/ol>\n\n<p>Ogni modello viene approvato da voi prima della stampa. Non lasciamo nulla al caso e la vostra soddisfazione \u00e8 la nostra priorit\u00e0. <\/p>\n\n<h2 class=\"wp-block-heading\">Che cos&#8217;\u00e8 uno stop goccia?<\/h2>\n\n<p><strong>Il fermagocce<\/strong>, spesso sottovalutato, \u00e8 <strong>un accessorio indispensabile<\/strong> per gli amanti del vino. Impedisce alle gocce di cadere sulla tovaglia o sull&#8217;etichetta della bottiglia, aggiungendo un tocco di eleganza e pulizia alla vostra degustazione. <\/p>\n\n<p>Ma noi di Dropstop-print.ch guardiamo oltre: \u00e8 anche un <strong>mezzo di comunicazione<\/strong>, un oggetto che veicola la vostra immagine o quella della vostra azienda. Ecco perch\u00e9 ci impegniamo a fornire paraspruzzi non solo funzionali, ma anche esteticamente accattivanti e personalizzati secondo i vostri desideri. <\/p>\n","protected":false},"excerpt":{"rendered":"<p>La personalizzazione del tuo fermagocce riflette la tua identit\u00e0 o quella della tua azienda. Ecco quindi, passo dopo passo, come trasformare la tua idea in realt\u00e0. La tua grafica per i tuoi drop stop personalizzati Sappiamo che l&#8217;aspetto visivo \u00e8 il cuore del tuo stop-gap personalizzato. Ecco come possiamo lavorare insieme per realizzarlo: Ogni modello [&hellip;]<\/p>\n","protected":false},"author":2,"featured_media":31214,"parent":0,"menu_order":0,"comment_status":"closed","ping_status":"closed","template":"","meta":{"inline_featured_image":false,"footnotes":""},"class_list":["post-33542","page","type-page","status-publish","has-post-thumbnail","hentry"],"yoast_head":"<!-- This site is optimized with the Yoast SEO plugin v27.4 - https:\/\/yoast.com\/product\/yoast-seo-wordpress\/ -->\n<title>Personalizza il tuo Stop Goutte: una guida completa<\/title>\n<meta name=\"robots\" content=\"index, follow, max-snippet:-1, max-image-preview:large, max-video-preview:-1\" \/>\n<link rel=\"canonical\" href=\"https:\/\/dropstop-print.ch\/it\/come-creare-un-fermagocce-personalizzato\/\" \/>\n<meta property=\"og:locale\" content=\"it_IT\" \/>\n<meta property=\"og:type\" content=\"article\" \/>\n<meta property=\"og:title\" content=\"Personalizza il tuo Stop Goutte: una guida completa\" \/>\n<meta property=\"og:description\" content=\"La personalizzazione del tuo fermagocce riflette la tua identit\u00e0 o quella della tua azienda. Ecco quindi, passo dopo passo, come trasformare la tua idea in realt\u00e0. La tua grafica per i tuoi drop stop personalizzati Sappiamo che l&#8217;aspetto visivo \u00e8 il cuore del tuo stop-gap personalizzato. Ecco come possiamo lavorare insieme per realizzarlo: Ogni modello [&hellip;]\" \/>\n<meta property=\"og:url\" content=\"https:\/\/dropstop-print.ch\/it\/come-creare-un-fermagocce-personalizzato\/\" \/>\n<meta property=\"og:site_name\" content=\"DropStop Print\" \/>\n<meta property=\"article:publisher\" content=\"https:\/\/fb.me\/dropstopprint\" \/>\n<meta property=\"article:modified_time\" content=\"2025-11-04T10:35:03+00:00\" \/>\n<meta property=\"og:image\" content=\"https:\/\/dropstop-print.ch\/wp-content\/uploads\/2023\/11\/slider_background_lux-jpg-webp.webp\" \/>\n\t<meta property=\"og:image:width\" content=\"2400\" \/>\n\t<meta property=\"og:image:height\" content=\"945\" \/>\n\t<meta property=\"og:image:type\" content=\"image\/jpeg\" \/>\n<meta name=\"twitter:card\" content=\"summary_large_image\" \/>\n<meta name=\"twitter:label1\" content=\"Tempo di lettura stimato\" \/>\n\t<meta name=\"twitter:data1\" content=\"2 minuti\" \/>\n<script type=\"application\/ld+json\" class=\"yoast-schema-graph\">{\"@context\":\"https:\\\/\\\/schema.org\",\"@graph\":[{\"@type\":\"WebPage\",\"@id\":\"https:\\\/\\\/dropstop-print.ch\\\/it\\\/come-creare-un-fermagocce-personalizzato\\\/\",\"url\":\"https:\\\/\\\/dropstop-print.ch\\\/it\\\/come-creare-un-fermagocce-personalizzato\\\/\",\"name\":\"Personalizza il tuo Stop Goutte: una guida completa\",\"isPartOf\":{\"@id\":\"https:\\\/\\\/dropstop-print.ch\\\/it\\\/#website\"},\"primaryImageOfPage\":{\"@id\":\"https:\\\/\\\/dropstop-print.ch\\\/it\\\/come-creare-un-fermagocce-personalizzato\\\/#primaryimage\"},\"image\":{\"@id\":\"https:\\\/\\\/dropstop-print.ch\\\/it\\\/come-creare-un-fermagocce-personalizzato\\\/#primaryimage\"},\"thumbnailUrl\":\"https:\\\/\\\/dropstop-print.ch\\\/wp-content\\\/uploads\\\/2023\\\/11\\\/slider_background_lux-jpg-webp.webp\",\"datePublished\":\"2024-01-25T14:32:05+00:00\",\"dateModified\":\"2025-11-04T10:35:03+00:00\",\"breadcrumb\":{\"@id\":\"https:\\\/\\\/dropstop-print.ch\\\/it\\\/come-creare-un-fermagocce-personalizzato\\\/#breadcrumb\"},\"inLanguage\":\"it-IT\",\"potentialAction\":[{\"@type\":\"ReadAction\",\"target\":[\"https:\\\/\\\/dropstop-print.ch\\\/it\\\/come-creare-un-fermagocce-personalizzato\\\/\"]}]},{\"@type\":\"ImageObject\",\"inLanguage\":\"it-IT\",\"@id\":\"https:\\\/\\\/dropstop-print.ch\\\/it\\\/come-creare-un-fermagocce-personalizzato\\\/#primaryimage\",\"url\":\"https:\\\/\\\/dropstop-print.ch\\\/wp-content\\\/uploads\\\/2023\\\/11\\\/slider_background_lux-jpg-webp.webp\",\"contentUrl\":\"https:\\\/\\\/dropstop-print.ch\\\/wp-content\\\/uploads\\\/2023\\\/11\\\/slider_background_lux-jpg-webp.webp\",\"width\":2400,\"height\":945},{\"@type\":\"BreadcrumbList\",\"@id\":\"https:\\\/\\\/dropstop-print.ch\\\/it\\\/come-creare-un-fermagocce-personalizzato\\\/#breadcrumb\",\"itemListElement\":[{\"@type\":\"ListItem\",\"position\":1,\"name\":\"Casa\",\"item\":\"https:\\\/\\\/dropstop-print.ch\\\/it\\\/\"},{\"@type\":\"ListItem\",\"position\":2,\"name\":\"Come creare un fermagocce personalizzato?\"}]},{\"@type\":\"WebSite\",\"@id\":\"https:\\\/\\\/dropstop-print.ch\\\/it\\\/#website\",\"url\":\"https:\\\/\\\/dropstop-print.ch\\\/it\\\/\",\"name\":\"DropStop Print\",\"description\":\"Impression personnalis\u00e9e de Drop Stop\",\"publisher\":{\"@id\":\"https:\\\/\\\/dropstop-print.ch\\\/it\\\/#organization\"},\"potentialAction\":[{\"@type\":\"SearchAction\",\"target\":{\"@type\":\"EntryPoint\",\"urlTemplate\":\"https:\\\/\\\/dropstop-print.ch\\\/it\\\/?s={search_term_string}\"},\"query-input\":{\"@type\":\"PropertyValueSpecification\",\"valueRequired\":true,\"valueName\":\"search_term_string\"}}],\"inLanguage\":\"it-IT\"},{\"@type\":\"Organization\",\"@id\":\"https:\\\/\\\/dropstop-print.ch\\\/it\\\/#organization\",\"name\":\"DropStop Print\",\"url\":\"https:\\\/\\\/dropstop-print.ch\\\/it\\\/\",\"logo\":{\"@type\":\"ImageObject\",\"inLanguage\":\"it-IT\",\"@id\":\"https:\\\/\\\/dropstop-print.ch\\\/it\\\/#\\\/schema\\\/logo\\\/image\\\/\",\"url\":\"https:\\\/\\\/dropstop-print.ch\\\/wp-content\\\/uploads\\\/2022\\\/12\\\/logo-1.png\",\"contentUrl\":\"https:\\\/\\\/dropstop-print.ch\\\/wp-content\\\/uploads\\\/2022\\\/12\\\/logo-1.png\",\"width\":751,\"height\":306,\"caption\":\"DropStop Print\"},\"image\":{\"@id\":\"https:\\\/\\\/dropstop-print.ch\\\/it\\\/#\\\/schema\\\/logo\\\/image\\\/\"},\"sameAs\":[\"https:\\\/\\\/fb.me\\\/dropstopprint\"]}]}<\/script>\n<!-- \/ Yoast SEO plugin. -->","yoast_head_json":{"title":"Personalizza il tuo Stop Goutte: una guida completa","robots":{"index":"index","follow":"follow","max-snippet":"max-snippet:-1","max-image-preview":"max-image-preview:large","max-video-preview":"max-video-preview:-1"},"canonical":"https:\/\/dropstop-print.ch\/it\/come-creare-un-fermagocce-personalizzato\/","og_locale":"it_IT","og_type":"article","og_title":"Personalizza il tuo Stop Goutte: una guida completa","og_description":"La personalizzazione del tuo fermagocce riflette la tua identit\u00e0 o quella della tua azienda. Ecco quindi, passo dopo passo, come trasformare la tua idea in realt\u00e0. La tua grafica per i tuoi drop stop personalizzati Sappiamo che l&#8217;aspetto visivo \u00e8 il cuore del tuo stop-gap personalizzato. Ecco come possiamo lavorare insieme per realizzarlo: Ogni modello [&hellip;]","og_url":"https:\/\/dropstop-print.ch\/it\/come-creare-un-fermagocce-personalizzato\/","og_site_name":"DropStop Print","article_publisher":"https:\/\/fb.me\/dropstopprint","article_modified_time":"2025-11-04T10:35:03+00:00","og_image":[{"width":2400,"height":945,"url":"https:\/\/dropstop-print.ch\/wp-content\/uploads\/2023\/11\/slider_background_lux-jpg-webp.webp","type":"image\/jpeg"}],"twitter_card":"summary_large_image","twitter_misc":{"Tempo di lettura stimato":"2 minuti"},"schema":{"@context":"https:\/\/schema.org","@graph":[{"@type":"WebPage","@id":"https:\/\/dropstop-print.ch\/it\/come-creare-un-fermagocce-personalizzato\/","url":"https:\/\/dropstop-print.ch\/it\/come-creare-un-fermagocce-personalizzato\/","name":"Personalizza il tuo Stop Goutte: una guida completa","isPartOf":{"@id":"https:\/\/dropstop-print.ch\/it\/#website"},"primaryImageOfPage":{"@id":"https:\/\/dropstop-print.ch\/it\/come-creare-un-fermagocce-personalizzato\/#primaryimage"},"image":{"@id":"https:\/\/dropstop-print.ch\/it\/come-creare-un-fermagocce-personalizzato\/#primaryimage"},"thumbnailUrl":"https:\/\/dropstop-print.ch\/wp-content\/uploads\/2023\/11\/slider_background_lux-jpg-webp.webp","datePublished":"2024-01-25T14:32:05+00:00","dateModified":"2025-11-04T10:35:03+00:00","breadcrumb":{"@id":"https:\/\/dropstop-print.ch\/it\/come-creare-un-fermagocce-personalizzato\/#breadcrumb"},"inLanguage":"it-IT","potentialAction":[{"@type":"ReadAction","target":["https:\/\/dropstop-print.ch\/it\/come-creare-un-fermagocce-personalizzato\/"]}]},{"@type":"ImageObject","inLanguage":"it-IT","@id":"https:\/\/dropstop-print.ch\/it\/come-creare-un-fermagocce-personalizzato\/#primaryimage","url":"https:\/\/dropstop-print.ch\/wp-content\/uploads\/2023\/11\/slider_background_lux-jpg-webp.webp","contentUrl":"https:\/\/dropstop-print.ch\/wp-content\/uploads\/2023\/11\/slider_background_lux-jpg-webp.webp","width":2400,"height":945},{"@type":"BreadcrumbList","@id":"https:\/\/dropstop-print.ch\/it\/come-creare-un-fermagocce-personalizzato\/#breadcrumb","itemListElement":[{"@type":"ListItem","position":1,"name":"Casa","item":"https:\/\/dropstop-print.ch\/it\/"},{"@type":"ListItem","position":2,"name":"Come creare un fermagocce personalizzato?"}]},{"@type":"WebSite","@id":"https:\/\/dropstop-print.ch\/it\/#website","url":"https:\/\/dropstop-print.ch\/it\/","name":"DropStop Print","description":"Impression personnalis\u00e9e de Drop Stop","publisher":{"@id":"https:\/\/dropstop-print.ch\/it\/#organization"},"potentialAction":[{"@type":"SearchAction","target":{"@type":"EntryPoint","urlTemplate":"https:\/\/dropstop-print.ch\/it\/?s={search_term_string}"},"query-input":{"@type":"PropertyValueSpecification","valueRequired":true,"valueName":"search_term_string"}}],"inLanguage":"it-IT"},{"@type":"Organization","@id":"https:\/\/dropstop-print.ch\/it\/#organization","name":"DropStop Print","url":"https:\/\/dropstop-print.ch\/it\/","logo":{"@type":"ImageObject","inLanguage":"it-IT","@id":"https:\/\/dropstop-print.ch\/it\/#\/schema\/logo\/image\/","url":"https:\/\/dropstop-print.ch\/wp-content\/uploads\/2022\/12\/logo-1.png","contentUrl":"https:\/\/dropstop-print.ch\/wp-content\/uploads\/2022\/12\/logo-1.png","width":751,"height":306,"caption":"DropStop Print"},"image":{"@id":"https:\/\/dropstop-print.ch\/it\/#\/schema\/logo\/image\/"},"sameAs":["https:\/\/fb.me\/dropstopprint"]}]}},"_links":{"self":[{"href":"https:\/\/dropstop-print.ch\/it\/wp-json\/wp\/v2\/pages\/33542","targetHints":{"allow":["GET"]}}],"collection":[{"href":"https:\/\/dropstop-print.ch\/it\/wp-json\/wp\/v2\/pages"}],"about":[{"href":"https:\/\/dropstop-print.ch\/it\/wp-json\/wp\/v2\/types\/page"}],"author":[{"embeddable":true,"href":"https:\/\/dropstop-print.ch\/it\/wp-json\/wp\/v2\/users\/2"}],"replies":[{"embeddable":true,"href":"https:\/\/dropstop-print.ch\/it\/wp-json\/wp\/v2\/comments?post=33542"}],"version-history":[{"count":2,"href":"https:\/\/dropstop-print.ch\/it\/wp-json\/wp\/v2\/pages\/33542\/revisions"}],"predecessor-version":[{"id":33545,"href":"https:\/\/dropstop-print.ch\/it\/wp-json\/wp\/v2\/pages\/33542\/revisions\/33545"}],"wp:featuredmedia":[{"embeddable":true,"href":"https:\/\/dropstop-print.ch\/it\/wp-json\/wp\/v2\/media\/31214"}],"wp:attachment":[{"href":"https:\/\/dropstop-print.ch\/it\/wp-json\/wp\/v2\/media?parent=33542"}],"curies":[{"name":"wp","href":"https:\/\/api.w.org\/{rel}","templated":true}]}}