{"id":31792,"date":"2024-05-01T17:10:51","date_gmt":"2024-05-01T15:10:51","guid":{"rendered":"https:\/\/beta.dropstop-print.ch\/?page_id=31792"},"modified":"2024-05-01T17:10:52","modified_gmt":"2024-05-01T15:10:52","slug":"informazioni-legali-3","status":"publish","type":"page","link":"https:\/\/dropstop-print.ch\/it\/informazioni-legali-3\/","title":{"rendered":"Informazioni legali"},"content":{"rendered":"\n<h2 class=\"wp-block-heading\">1 &#8211; Modifica del sito<\/h2>\n\n<p>Ai sensi dell&#8217;<a href=\"https:\/\/www.legifrance.gouv.fr\/affichTexte.do?cidTexte=JORFTEXT000000801164#LEGIARTI000042038977\" target=\"_blank\" rel=\"noreferrer noopener\">articolo 6 della legge francese n. 2004-575 del 21 giugno 2004<\/a> sulla fiducia nell&#8217;economia digitale, gli utenti del sito <strong>https:\/\/dropstop-print.ch\/<\/strong> sono informati dell&#8217;identit\u00e0 dei diversi soggetti coinvolti nella sua creazione e nel suo monitoraggio:<\/p>\n\n<p><strong>Proprietario del sito: <\/strong>Ditta individuale &#8211; Torche Webmarketing &#8211; Contatto: info@dropstop-print.ch +41 24 519 00 31 &#8211; Indirizzo: Rte de Lausanne 17, 1400 Yverdon-les-Bains.<\/p>\n\n<p><strong>Identificazione dell&#8217;azienda:<\/strong> Ditta individuale &#8211; Torche Webmarketing con capitale sociale di \u20ac &#8211; SIRENE: CH-550.1.151.006-0 &#8211; RCS o RM: &#8211; Indirizzo postale: Rte de Lausanne 17, 1400 Yverdon-les-Bains &#8211; <a href=\"https:\/\/dropstop-print.ch\/it\/allgemeine-verkaufsbedingungen\/\">https:\/\/dropstop-print.ch\/conditions-generales-de-vente\/<\/a><\/p>\n\n<p><strong>Responsabile della pubblicazione: <\/strong>Herv\u00e9 Torche &#8211; Contatto: info@dropstop-print.ch.<\/p>\n\n<p><strong>Host :<\/strong> Infomaniak &#8211; Rue Eug\u00e8ne-Marziano 25, 1227 Ginevra, Svizzera &#8211; Telefono : +41.22.820.35.44<\/p>\n\n<p><strong>Responsabile della protezione dei dati: <\/strong>Herv\u00e9 Torche &#8211; info@dropstop-print.ch<\/p>\n\n<hr class=\"wp-block-separator has-alpha-channel-opacity\"\/>\n\n<h2 class=\"wp-block-heading\">2 &#8211; Propriet\u00e0 intellettuale e contraffazione.<\/h2>\n\n<p><strong>Raison individuelle &#8211; Torche Webmarketing<\/strong> \u00e8 titolare dei diritti di propriet\u00e0 intellettuale e detiene i diritti di utilizzo di tutti gli elementi accessibili sul sito, in particolare testi, immagini, grafici, loghi, video, architetture, icone e suoni.<\/p>\n\n<p>\u00c8 vietata la riproduzione, la rappresentazione, la modifica, la pubblicazione, l&#8217;adattamento di tutti o parte degli elementi del sito, qualunque sia il mezzo o il processo utilizzato, salvo previa autorizzazione scritta di <strong>Raison individuelle &#8211; Torche Webmarketing<\/strong>.<\/p>\n\n<p>Qualsiasi utilizzo non autorizzato del sito o di uno qualsiasi degli elementi in esso contenuti sar\u00e0 considerato come una violazione e sar\u00e0 perseguito in conformit\u00e0 alle disposizioni degli articoli <a href=\"https:\/\/www.legifrance.gouv.fr\/affichCodeArticle.do?idArticle=LEGIARTI000032655082&amp;cidTexte=LEGITEXT000006069414&amp;dateTexte=20160605\" target=\"_blank\" rel=\"noreferrer noopener\">L.335-2 e seguenti del Codice della Propriet\u00e0 Intellettuale francese<\/a>.<\/p>\n\n<hr class=\"wp-block-separator has-alpha-channel-opacity\"\/>\n\n<h2 class=\"wp-block-heading\">3 &#8211; Limitazioni di responsabilit\u00e0.<\/h2>\n\n<p><strong>Raison individuelle &#8211; Torche Webmarketing<\/strong> non pu\u00f2 essere ritenuta responsabile di eventuali danni diretti o indiretti causati alle apparecchiature dell&#8217;utente durante l&#8217;accesso al sito <strong>https:\/\/dropstop-print.ch\/<\/strong>.<\/p>\n\n<p><strong>Raison individuelle &#8211; Torche Webmarketing<\/strong> non si assume alcuna responsabilit\u00e0 per l&#8217;uso che pu\u00f2 essere fatto delle informazioni e dei contenuti presenti su <strong>https:\/\/dropstop-print.ch\/.<\/strong><\/p>\n\n<p><strong>Raison individuelle &#8211; Torche Webmarketing<\/strong> si impegna a rendere il sito <strong>https:\/\/dropstop-print.ch\/<\/strong> il pi\u00f9 sicuro possibile, tuttavia non pu\u00f2 essere ritenuta responsabile se dati indesiderati vengono importati e installati sul suo sito a sua insaputa.<\/p>\n\n<p>Gli utenti hanno a disposizione aree interattive (spazio per i contatti o per i commenti).  <strong>Raison individuelle &#8211; Torche Webmarketing<\/strong> si riserva il diritto di eliminare, senza preavviso, qualsiasi contenuto pubblicato in questo spazio che contravvenga alla legislazione applicabile in Francia, in particolare alle disposizioni relative alla protezione dei dati.<\/p>\n\n<p>Se del caso, <strong>Raison individuelle &#8211; Torche Webmarketing<\/strong> si riserva inoltre il diritto di ritenere l&#8217;utente responsabile civilmente e\/o penalmente, in particolare in caso di messaggi di natura razzista, ingiuriosa, diffamatoria o pornografica, indipendentemente dal mezzo utilizzato (testo, fotografie, ecc.).<\/p>\n\n<hr class=\"wp-block-separator has-alpha-channel-opacity\"\/>\n\n<h2 class=\"wp-block-heading\">4 &#8211; CNIL e gestione dei dati personali.<\/h2>\n\n<p>In conformit\u00e0 con le disposizioni della <a href=\"https:\/\/www.legifrance.gouv.fr\/affichTexte.do?cidTexte=JORFTEXT000000886460\" target=\"_blank\" rel=\"noreferrer noopener\">legge 78-17 del 6 gennaio 1978 e successive modifiche<\/a>, gli utenti del sito <strong>https:\/\/dropstop-print.ch\/<\/strong> hanno il diritto di accedere, modificare e cancellare le informazioni raccolte. Per esercitare questo diritto, inviare un messaggio al nostro responsabile della protezione dei dati: <strong>Herv\u00e9 Torche<\/strong> &#8211; <strong>info@dropstop-print.ch.<\/strong><\/p>\n\n<p>Per maggiori informazioni su come trattiamo i vostri dati (tipo di dati, finalit\u00e0, destinatario, ecc.), leggete la nostra informativa sulla privacy. <strong>\n  <a href=\"https:\/\/dropstop-print.ch\/politique-de-confidentialite\/\">https:\/\/dropstop-print.ch\/politique-de-confidentialite\/<\/a>\n<\/strong>.<\/p>\n\n<hr class=\"wp-block-separator has-alpha-channel-opacity\"\/>\n\n<h2 class=\"wp-block-heading\">5 &#8211; Link ipertestuali e cookie<\/h2>\n\n<p>Il sito <strong>https:\/\/dropstop-print.ch\/<\/strong> contiene collegamenti ipertestuali ad altri siti e non si assume alcuna responsabilit\u00e0 per questi collegamenti esterni o per i collegamenti creati da altri siti a <strong>https:\/\/dropstop-print.ch\/.<\/strong><\/p>\n\n<p>La navigazione sul sito web <strong>https:\/\/dropstop-print.ch\/<\/strong> pu\u00f2 causare l&#8217;installazione di cookie sul computer dell&#8217;utente.<\/p>\n\n<p>Un &#8220;cookie&#8221; \u00e8 un piccolo file che registra informazioni sulla navigazione di un utente su un sito. I dati ottenuti in questo modo possono essere utilizzati per misurare il numero di visitatori, ad esempio.<\/p>\n\n<p>\u00c8 possibile <strong>accettare o rifiutare i cookie<\/strong> modificando le impostazioni del browser. Non verranno depositati cookie senza il vostro consenso.<\/p>\n\n<p>I cookie vengono memorizzati per un massimo di 6 mesi.<\/p>\n\n<p>Per maggiori informazioni su come utilizziamo i cookie, leggere il nostro sito <strong>\n  <a href=\"https:\/\/dropstop-print.ch\/politique-de-confidentialite\/\">https:\/\/dropstop-print.ch\/politique-de-confidentialite\/<\/a>\n<\/strong>.<\/p>\n\n<hr class=\"wp-block-separator has-alpha-channel-opacity\"\/>\n\n<h2 class=\"wp-block-heading\">6 &#8211; Legge applicabile e giurisdizione.<\/h2>\n\n<p>Qualsiasi controversia relativa all&#8217;utilizzo del sito web <strong>https:\/\/dropstop-print.ch\/<\/strong> \u00e8 soggetta alla legge francese.<\/p>\n","protected":false},"excerpt":{"rendered":"<p>1 &#8211; Modifica del sito Ai sensi dell&#8217;articolo 6 della legge francese n. 2004-575 del 21 giugno 2004 sulla fiducia nell&#8217;economia digitale, gli utenti del sito https:\/\/dropstop-print.ch\/ sono informati dell&#8217;identit\u00e0 dei diversi soggetti coinvolti nella sua creazione e nel suo monitoraggio: Proprietario del sito: Ditta individuale &#8211; Torche Webmarketing &#8211; Contatto: info@dropstop-print.ch +41 24 519 [&hellip;]<\/p>\n","protected":false},"author":2,"featured_media":0,"parent":0,"menu_order":0,"comment_status":"closed","ping_status":"closed","template":"","meta":{"inline_featured_image":false,"footnotes":""},"class_list":["post-31792","page","type-page","status-publish","hentry"],"yoast_head":"<!-- This site is optimized with the Yoast SEO plugin v26.9 - https:\/\/yoast.com\/product\/yoast-seo-wordpress\/ -->\n<title>Informazioni legali | DropStop Print<\/title>\n<meta name=\"robots\" content=\"index, follow, max-snippet:-1, max-image-preview:large, max-video-preview:-1\" \/>\n<link rel=\"canonical\" href=\"https:\/\/dropstop-print.ch\/it\/informazioni-legali-3\/\" \/>\n<meta property=\"og:locale\" content=\"it_IT\" \/>\n<meta property=\"og:type\" content=\"article\" \/>\n<meta property=\"og:title\" content=\"Informazioni legali | DropStop Print\" \/>\n<meta property=\"og:description\" content=\"1 &#8211; Modifica del sito Ai sensi dell&#8217;articolo 6 della legge francese n. 2004-575 del 21 giugno 2004 sulla fiducia nell&#8217;economia digitale, gli utenti del sito https:\/\/dropstop-print.ch\/ sono informati dell&#8217;identit\u00e0 dei diversi soggetti coinvolti nella sua creazione e nel suo monitoraggio: Proprietario del sito: Ditta individuale &#8211; Torche Webmarketing &#8211; Contatto: info@dropstop-print.ch +41 24 519 [&hellip;]\" \/>\n<meta property=\"og:url\" content=\"https:\/\/dropstop-print.ch\/it\/informazioni-legali-3\/\" \/>\n<meta property=\"og:site_name\" content=\"DropStop Print\" \/>\n<meta property=\"article:publisher\" content=\"https:\/\/fb.me\/dropstopprint\" \/>\n<meta property=\"article:modified_time\" content=\"2024-05-01T15:10:52+00:00\" \/>\n<meta property=\"og:image\" content=\"https:\/\/dropstop-print.ch\/wp-content\/uploads\/2022\/12\/logo-1.png\" \/>\n\t<meta property=\"og:image:width\" content=\"751\" \/>\n\t<meta property=\"og:image:height\" content=\"306\" \/>\n\t<meta property=\"og:image:type\" content=\"image\/png\" \/>\n<meta name=\"twitter:card\" content=\"summary_large_image\" \/>\n<meta name=\"twitter:label1\" content=\"Tempo di lettura stimato\" \/>\n\t<meta name=\"twitter:data1\" content=\"3 minuti\" \/>\n<script type=\"application\/ld+json\" class=\"yoast-schema-graph\">{\"@context\":\"https:\/\/schema.org\",\"@graph\":[{\"@type\":\"WebPage\",\"@id\":\"https:\/\/dropstop-print.ch\/it\/informazioni-legali-3\/\",\"url\":\"https:\/\/dropstop-print.ch\/it\/informazioni-legali-3\/\",\"name\":\"Informazioni legali | DropStop Print\",\"isPartOf\":{\"@id\":\"https:\/\/dropstop-print.ch\/it\/#website\"},\"datePublished\":\"2024-05-01T15:10:51+00:00\",\"dateModified\":\"2024-05-01T15:10:52+00:00\",\"breadcrumb\":{\"@id\":\"https:\/\/dropstop-print.ch\/it\/informazioni-legali-3\/#breadcrumb\"},\"inLanguage\":\"it-IT\",\"potentialAction\":[{\"@type\":\"ReadAction\",\"target\":[\"https:\/\/dropstop-print.ch\/it\/informazioni-legali-3\/\"]}]},{\"@type\":\"BreadcrumbList\",\"@id\":\"https:\/\/dropstop-print.ch\/it\/informazioni-legali-3\/#breadcrumb\",\"itemListElement\":[{\"@type\":\"ListItem\",\"position\":1,\"name\":\"Casa\",\"item\":\"https:\/\/dropstop-print.ch\/it\/dropstop-personalizzato-servizio-di-stampa-di-alta-qualita-2\/\"},{\"@type\":\"ListItem\",\"position\":2,\"name\":\"Informazioni legali\"}]},{\"@type\":\"WebSite\",\"@id\":\"https:\/\/dropstop-print.ch\/it\/#website\",\"url\":\"https:\/\/dropstop-print.ch\/it\/\",\"name\":\"DropStop Print\",\"description\":\"Impression personnalis\u00e9e de Drop Stop\",\"publisher\":{\"@id\":\"https:\/\/dropstop-print.ch\/it\/#organization\"},\"potentialAction\":[{\"@type\":\"SearchAction\",\"target\":{\"@type\":\"EntryPoint\",\"urlTemplate\":\"https:\/\/dropstop-print.ch\/it\/?s={search_term_string}\"},\"query-input\":{\"@type\":\"PropertyValueSpecification\",\"valueRequired\":true,\"valueName\":\"search_term_string\"}}],\"inLanguage\":\"it-IT\"},{\"@type\":\"Organization\",\"@id\":\"https:\/\/dropstop-print.ch\/it\/#organization\",\"name\":\"DropStop Print\",\"url\":\"https:\/\/dropstop-print.ch\/it\/\",\"logo\":{\"@type\":\"ImageObject\",\"inLanguage\":\"it-IT\",\"@id\":\"https:\/\/dropstop-print.ch\/it\/#\/schema\/logo\/image\/\",\"url\":\"https:\/\/dropstop-print.ch\/wp-content\/uploads\/2022\/12\/logo-1.png\",\"contentUrl\":\"https:\/\/dropstop-print.ch\/wp-content\/uploads\/2022\/12\/logo-1.png\",\"width\":751,\"height\":306,\"caption\":\"DropStop Print\"},\"image\":{\"@id\":\"https:\/\/dropstop-print.ch\/it\/#\/schema\/logo\/image\/\"},\"sameAs\":[\"https:\/\/fb.me\/dropstopprint\"]}]}<\/script>\n<!-- \/ Yoast SEO plugin. -->","yoast_head_json":{"title":"Informazioni legali | DropStop Print","robots":{"index":"index","follow":"follow","max-snippet":"max-snippet:-1","max-image-preview":"max-image-preview:large","max-video-preview":"max-video-preview:-1"},"canonical":"https:\/\/dropstop-print.ch\/it\/informazioni-legali-3\/","og_locale":"it_IT","og_type":"article","og_title":"Informazioni legali | DropStop Print","og_description":"1 &#8211; Modifica del sito Ai sensi dell&#8217;articolo 6 della legge francese n. 2004-575 del 21 giugno 2004 sulla fiducia nell&#8217;economia digitale, gli utenti del sito https:\/\/dropstop-print.ch\/ sono informati dell&#8217;identit\u00e0 dei diversi soggetti coinvolti nella sua creazione e nel suo monitoraggio: Proprietario del sito: Ditta individuale &#8211; Torche Webmarketing &#8211; Contatto: info@dropstop-print.ch +41 24 519 [&hellip;]","og_url":"https:\/\/dropstop-print.ch\/it\/informazioni-legali-3\/","og_site_name":"DropStop Print","article_publisher":"https:\/\/fb.me\/dropstopprint","article_modified_time":"2024-05-01T15:10:52+00:00","og_image":[{"width":751,"height":306,"url":"https:\/\/dropstop-print.ch\/wp-content\/uploads\/2022\/12\/logo-1.png","type":"image\/png"}],"twitter_card":"summary_large_image","twitter_misc":{"Tempo di lettura stimato":"3 minuti"},"schema":{"@context":"https:\/\/schema.org","@graph":[{"@type":"WebPage","@id":"https:\/\/dropstop-print.ch\/it\/informazioni-legali-3\/","url":"https:\/\/dropstop-print.ch\/it\/informazioni-legali-3\/","name":"Informazioni legali | DropStop Print","isPartOf":{"@id":"https:\/\/dropstop-print.ch\/it\/#website"},"datePublished":"2024-05-01T15:10:51+00:00","dateModified":"2024-05-01T15:10:52+00:00","breadcrumb":{"@id":"https:\/\/dropstop-print.ch\/it\/informazioni-legali-3\/#breadcrumb"},"inLanguage":"it-IT","potentialAction":[{"@type":"ReadAction","target":["https:\/\/dropstop-print.ch\/it\/informazioni-legali-3\/"]}]},{"@type":"BreadcrumbList","@id":"https:\/\/dropstop-print.ch\/it\/informazioni-legali-3\/#breadcrumb","itemListElement":[{"@type":"ListItem","position":1,"name":"Casa","item":"https:\/\/dropstop-print.ch\/it\/dropstop-personalizzato-servizio-di-stampa-di-alta-qualita-2\/"},{"@type":"ListItem","position":2,"name":"Informazioni legali"}]},{"@type":"WebSite","@id":"https:\/\/dropstop-print.ch\/it\/#website","url":"https:\/\/dropstop-print.ch\/it\/","name":"DropStop Print","description":"Impression personnalis\u00e9e de Drop Stop","publisher":{"@id":"https:\/\/dropstop-print.ch\/it\/#organization"},"potentialAction":[{"@type":"SearchAction","target":{"@type":"EntryPoint","urlTemplate":"https:\/\/dropstop-print.ch\/it\/?s={search_term_string}"},"query-input":{"@type":"PropertyValueSpecification","valueRequired":true,"valueName":"search_term_string"}}],"inLanguage":"it-IT"},{"@type":"Organization","@id":"https:\/\/dropstop-print.ch\/it\/#organization","name":"DropStop Print","url":"https:\/\/dropstop-print.ch\/it\/","logo":{"@type":"ImageObject","inLanguage":"it-IT","@id":"https:\/\/dropstop-print.ch\/it\/#\/schema\/logo\/image\/","url":"https:\/\/dropstop-print.ch\/wp-content\/uploads\/2022\/12\/logo-1.png","contentUrl":"https:\/\/dropstop-print.ch\/wp-content\/uploads\/2022\/12\/logo-1.png","width":751,"height":306,"caption":"DropStop Print"},"image":{"@id":"https:\/\/dropstop-print.ch\/it\/#\/schema\/logo\/image\/"},"sameAs":["https:\/\/fb.me\/dropstopprint"]}]}},"_links":{"self":[{"href":"https:\/\/dropstop-print.ch\/it\/wp-json\/wp\/v2\/pages\/31792","targetHints":{"allow":["GET"]}}],"collection":[{"href":"https:\/\/dropstop-print.ch\/it\/wp-json\/wp\/v2\/pages"}],"about":[{"href":"https:\/\/dropstop-print.ch\/it\/wp-json\/wp\/v2\/types\/page"}],"author":[{"embeddable":true,"href":"https:\/\/dropstop-print.ch\/it\/wp-json\/wp\/v2\/users\/2"}],"replies":[{"embeddable":true,"href":"https:\/\/dropstop-print.ch\/it\/wp-json\/wp\/v2\/comments?post=31792"}],"version-history":[{"count":1,"href":"https:\/\/dropstop-print.ch\/it\/wp-json\/wp\/v2\/pages\/31792\/revisions"}],"predecessor-version":[{"id":31795,"href":"https:\/\/dropstop-print.ch\/it\/wp-json\/wp\/v2\/pages\/31792\/revisions\/31795"}],"wp:attachment":[{"href":"https:\/\/dropstop-print.ch\/it\/wp-json\/wp\/v2\/media?parent=31792"}],"curies":[{"name":"wp","href":"https:\/\/api.w.org\/{rel}","templated":true}]}}