{"id":30499,"date":"2023-04-27T16:49:28","date_gmt":"2023-04-27T14:49:28","guid":{"rendered":"https:\/\/beta.dropstop-print.ch\/product\/sommelier-korkenzieher-aus-metall\/"},"modified":"2025-11-05T10:17:37","modified_gmt":"2025-11-05T09:17:37","slug":"metall-kellnermesser-korkenzieher","status":"publish","type":"product","link":"https:\/\/dropstop-print.ch\/de\/produit\/metall-kellnermesser-korkenzieher\/","title":{"rendered":"Korkenzieher Murano \u2013 Sommelier-Korkenzieher aus Metall"},"content":{"rendered":"<p><a class=\"btn\" href=\"https:\/\/tire-bouchon-personnalise.ch\/\">Zu unserer Spezialwebsite<\/a><br \/>\nDer Korkenzieher Murano ist das Flaggschiff unserer Kollektion und vereint Eleganz und Funktionalit\u00e4t. Er wurde mit viel Liebe zum Detail entworfen und ist nicht nur \u00e4sthetisch ansprechend, sondern auch \u00e4u\u00dferst effizient und langlebig. <\/p>\n<p>Weltweit ist Murano die erste Wahl f\u00fcr Fachleute, die t\u00e4glich Dutzende von Flaschen \u00f6ffnen. Die Sommeliermesser von Murano sind daher von einwandfreier Qualit\u00e4t. Unsere <a class=\"clickable\" data-toggle=\"modal\" data-target=\"#largeModal\">Spezifikationen <\/a>erkl\u00e4ren Ihnen warum.  <\/p>\n<p>Hauptmerkmale:<\/p>\n<ul>\n<li><strong>Elegantes Design<\/strong>: Mit seiner schlanken Silhouette ist der Murano ebenso sch\u00f6n anzusehen wie benutzerfreundlich.<\/li>\n<li><strong>Farbvielfalt<\/strong>: Erh\u00e4ltlich in \u00fcber 35 Farben, k\u00f6nnen Sie diejenige ausw\u00e4hlen, die am besten zur Identit\u00e4t Ihres Unternehmens oder Ihren pers\u00f6nlichen Vorlieben passt.<\/li>\n<li>Aufdruck auf der Oberseite: Das Modell Murano ist nur auf der Oberseite bedruckt und bietet somit eine optimale Fl\u00e4che f\u00fcr die Personalisierung mit Ihrem Logo oder Text.<\/li>\n<li><strong>Italienisches Design<\/strong>: Der Murano wird in Italien hergestellt und bedruckt und ist das Ergebnis hochwertiger Handwerkskunst.<\/li>\n<li><strong>Gummigriff<\/strong>: Der Gummigriff sorgt f\u00fcr einen bequemen und sicheren Halt w\u00e4hrend der Benutzung.<\/li>\n<li>Extra lange Teflonspirale: Dank der Teflonspirale l\u00e4sst sich der Pfropfen stets mit minimalem Kraftaufwand korrekt entfernen.<\/li>\n<\/ul>\n<p><strong>Spezifikationen:<\/strong><\/p>\n<ul>\n<li>Geschwungene, gesch\u00e4rfte Klinge<\/li>\n<li>Leichte und exklusive doppelte Hebelwirkung<\/li>\n<li>Patentiertes Design<\/li>\n<li>Gewicht: 65 Gramm<\/li>\n<\/ul>\n","protected":false},"excerpt":{"rendered":"<p><a class=\"btn\" href=\"https:\/\/tire-bouchon-personnalise.ch\/\">Zu unserer Spezialseite<\/a><\/p>\n","protected":false},"featured_media":31322,"comment_status":"open","ping_status":"closed","template":"","meta":{"inline_featured_image":false},"product_brand":[],"product_cat":[163],"product_tag":[],"class_list":{"0":"post-30499","1":"product","2":"type-product","3":"status-publish","4":"has-post-thumbnail","6":"product_cat-korkenzieher","8":"first","9":"instock","10":"taxable","11":"shipping-taxable","12":"purchasable","13":"product-type-variable"},"yoast_head":"<!-- This site is optimized with the Yoast SEO plugin v27.4 - https:\/\/yoast.com\/product\/yoast-seo-wordpress\/ -->\n<title>Korkenzieher Murano \u2013 Sommelier-Korkenzieher aus Metall | DropStop Print<\/title>\n<meta name=\"robots\" content=\"index, follow, max-snippet:-1, max-image-preview:large, max-video-preview:-1\" \/>\n<link rel=\"canonical\" href=\"https:\/\/dropstop-print.ch\/de\/produit\/metall-kellnermesser-korkenzieher\/\" \/>\n<meta property=\"og:locale\" content=\"de_DE\" \/>\n<meta property=\"og:type\" content=\"article\" \/>\n<meta property=\"og:title\" content=\"Korkenzieher Murano \u2013 Sommelier-Korkenzieher aus Metall | DropStop Print\" \/>\n<meta property=\"og:description\" content=\"Zu unserer Spezialseite\" \/>\n<meta property=\"og:url\" content=\"https:\/\/dropstop-print.ch\/de\/produit\/metall-kellnermesser-korkenzieher\/\" \/>\n<meta property=\"og:site_name\" content=\"DropStop Print\" \/>\n<meta property=\"article:publisher\" content=\"https:\/\/fb.me\/dropstopprint\" \/>\n<meta property=\"article:modified_time\" content=\"2025-11-05T09:17:37+00:00\" \/>\n<meta property=\"og:image\" content=\"https:\/\/dropstop-print.ch\/wp-content\/uploads\/2023\/04\/tire-bouchon_murano.png\" \/>\n\t<meta property=\"og:image:width\" content=\"1920\" \/>\n\t<meta property=\"og:image:height\" content=\"1920\" \/>\n\t<meta property=\"og:image:type\" content=\"image\/png\" \/>\n<meta name=\"twitter:card\" content=\"summary_large_image\" \/>\n<meta name=\"twitter:label1\" content=\"Gesch\u00e4tzte Lesezeit\" \/>\n\t<meta name=\"twitter:data1\" content=\"1\u00a0Minute\" \/>\n<script type=\"application\/ld+json\" class=\"yoast-schema-graph\">{\"@context\":\"https:\\\/\\\/schema.org\",\"@graph\":[{\"@type\":\"WebPage\",\"@id\":\"https:\\\/\\\/dropstop-print.ch\\\/de\\\/produit\\\/metall-kellnermesser-korkenzieher\\\/\",\"url\":\"https:\\\/\\\/dropstop-print.ch\\\/de\\\/produit\\\/metall-kellnermesser-korkenzieher\\\/\",\"name\":\"Korkenzieher Murano \u2013 Sommelier-Korkenzieher aus Metall | DropStop Print\",\"isPartOf\":{\"@id\":\"https:\\\/\\\/dropstop-print.ch\\\/de\\\/#website\"},\"primaryImageOfPage\":{\"@id\":\"https:\\\/\\\/dropstop-print.ch\\\/de\\\/produit\\\/metall-kellnermesser-korkenzieher\\\/#primaryimage\"},\"image\":{\"@id\":\"https:\\\/\\\/dropstop-print.ch\\\/de\\\/produit\\\/metall-kellnermesser-korkenzieher\\\/#primaryimage\"},\"thumbnailUrl\":\"https:\\\/\\\/dropstop-print.ch\\\/wp-content\\\/uploads\\\/2023\\\/04\\\/tire-bouchon_murano.png\",\"datePublished\":\"2023-04-27T14:49:28+00:00\",\"dateModified\":\"2025-11-05T09:17:37+00:00\",\"breadcrumb\":{\"@id\":\"https:\\\/\\\/dropstop-print.ch\\\/de\\\/produit\\\/metall-kellnermesser-korkenzieher\\\/#breadcrumb\"},\"inLanguage\":\"de\",\"potentialAction\":[{\"@type\":\"ReadAction\",\"target\":[\"https:\\\/\\\/dropstop-print.ch\\\/de\\\/produit\\\/metall-kellnermesser-korkenzieher\\\/\"]}]},{\"@type\":\"ImageObject\",\"inLanguage\":\"de\",\"@id\":\"https:\\\/\\\/dropstop-print.ch\\\/de\\\/produit\\\/metall-kellnermesser-korkenzieher\\\/#primaryimage\",\"url\":\"https:\\\/\\\/dropstop-print.ch\\\/wp-content\\\/uploads\\\/2023\\\/04\\\/tire-bouchon_murano.png\",\"contentUrl\":\"https:\\\/\\\/dropstop-print.ch\\\/wp-content\\\/uploads\\\/2023\\\/04\\\/tire-bouchon_murano.png\",\"width\":1920,\"height\":1920},{\"@type\":\"BreadcrumbList\",\"@id\":\"https:\\\/\\\/dropstop-print.ch\\\/de\\\/produit\\\/metall-kellnermesser-korkenzieher\\\/#breadcrumb\",\"itemListElement\":[{\"@type\":\"ListItem\",\"position\":1,\"name\":\"Startseite\",\"item\":\"https:\\\/\\\/dropstop-print.ch\\\/de\\\/\"},{\"@type\":\"ListItem\",\"position\":2,\"name\":\"Boutique\",\"item\":\"https:\\\/\\\/dropstop-print.ch\\\/de\\\/Laden\\\/\"},{\"@type\":\"ListItem\",\"position\":3,\"name\":\"Korkenzieher Murano \u2013 Sommelier-Korkenzieher aus Metall\"}]},{\"@type\":\"WebSite\",\"@id\":\"https:\\\/\\\/dropstop-print.ch\\\/de\\\/#website\",\"url\":\"https:\\\/\\\/dropstop-print.ch\\\/de\\\/\",\"name\":\"DropStop Print\",\"description\":\"Impression personnalis\u00e9e de Drop Stop\",\"publisher\":{\"@id\":\"https:\\\/\\\/dropstop-print.ch\\\/de\\\/#organization\"},\"potentialAction\":[{\"@type\":\"SearchAction\",\"target\":{\"@type\":\"EntryPoint\",\"urlTemplate\":\"https:\\\/\\\/dropstop-print.ch\\\/de\\\/?s={search_term_string}\"},\"query-input\":{\"@type\":\"PropertyValueSpecification\",\"valueRequired\":true,\"valueName\":\"search_term_string\"}}],\"inLanguage\":\"de\"},{\"@type\":\"Organization\",\"@id\":\"https:\\\/\\\/dropstop-print.ch\\\/de\\\/#organization\",\"name\":\"DropStop Print\",\"url\":\"https:\\\/\\\/dropstop-print.ch\\\/de\\\/\",\"logo\":{\"@type\":\"ImageObject\",\"inLanguage\":\"de\",\"@id\":\"https:\\\/\\\/dropstop-print.ch\\\/de\\\/#\\\/schema\\\/logo\\\/image\\\/\",\"url\":\"https:\\\/\\\/dropstop-print.ch\\\/wp-content\\\/uploads\\\/2022\\\/12\\\/logo-1.png\",\"contentUrl\":\"https:\\\/\\\/dropstop-print.ch\\\/wp-content\\\/uploads\\\/2022\\\/12\\\/logo-1.png\",\"width\":751,\"height\":306,\"caption\":\"DropStop Print\"},\"image\":{\"@id\":\"https:\\\/\\\/dropstop-print.ch\\\/de\\\/#\\\/schema\\\/logo\\\/image\\\/\"},\"sameAs\":[\"https:\\\/\\\/fb.me\\\/dropstopprint\"]}]}<\/script>\n<!-- \/ Yoast SEO plugin. -->","yoast_head_json":{"title":"Korkenzieher Murano \u2013 Sommelier-Korkenzieher aus Metall | DropStop Print","robots":{"index":"index","follow":"follow","max-snippet":"max-snippet:-1","max-image-preview":"max-image-preview:large","max-video-preview":"max-video-preview:-1"},"canonical":"https:\/\/dropstop-print.ch\/de\/produit\/metall-kellnermesser-korkenzieher\/","og_locale":"de_DE","og_type":"article","og_title":"Korkenzieher Murano \u2013 Sommelier-Korkenzieher aus Metall | DropStop Print","og_description":"Zu unserer Spezialseite","og_url":"https:\/\/dropstop-print.ch\/de\/produit\/metall-kellnermesser-korkenzieher\/","og_site_name":"DropStop Print","article_publisher":"https:\/\/fb.me\/dropstopprint","article_modified_time":"2025-11-05T09:17:37+00:00","og_image":[{"width":1920,"height":1920,"url":"https:\/\/dropstop-print.ch\/wp-content\/uploads\/2023\/04\/tire-bouchon_murano.png","type":"image\/png"}],"twitter_card":"summary_large_image","twitter_misc":{"Gesch\u00e4tzte Lesezeit":"1\u00a0Minute"},"schema":{"@context":"https:\/\/schema.org","@graph":[{"@type":"WebPage","@id":"https:\/\/dropstop-print.ch\/de\/produit\/metall-kellnermesser-korkenzieher\/","url":"https:\/\/dropstop-print.ch\/de\/produit\/metall-kellnermesser-korkenzieher\/","name":"Korkenzieher Murano \u2013 Sommelier-Korkenzieher aus Metall | DropStop Print","isPartOf":{"@id":"https:\/\/dropstop-print.ch\/de\/#website"},"primaryImageOfPage":{"@id":"https:\/\/dropstop-print.ch\/de\/produit\/metall-kellnermesser-korkenzieher\/#primaryimage"},"image":{"@id":"https:\/\/dropstop-print.ch\/de\/produit\/metall-kellnermesser-korkenzieher\/#primaryimage"},"thumbnailUrl":"https:\/\/dropstop-print.ch\/wp-content\/uploads\/2023\/04\/tire-bouchon_murano.png","datePublished":"2023-04-27T14:49:28+00:00","dateModified":"2025-11-05T09:17:37+00:00","breadcrumb":{"@id":"https:\/\/dropstop-print.ch\/de\/produit\/metall-kellnermesser-korkenzieher\/#breadcrumb"},"inLanguage":"de","potentialAction":[{"@type":"ReadAction","target":["https:\/\/dropstop-print.ch\/de\/produit\/metall-kellnermesser-korkenzieher\/"]}]},{"@type":"ImageObject","inLanguage":"de","@id":"https:\/\/dropstop-print.ch\/de\/produit\/metall-kellnermesser-korkenzieher\/#primaryimage","url":"https:\/\/dropstop-print.ch\/wp-content\/uploads\/2023\/04\/tire-bouchon_murano.png","contentUrl":"https:\/\/dropstop-print.ch\/wp-content\/uploads\/2023\/04\/tire-bouchon_murano.png","width":1920,"height":1920},{"@type":"BreadcrumbList","@id":"https:\/\/dropstop-print.ch\/de\/produit\/metall-kellnermesser-korkenzieher\/#breadcrumb","itemListElement":[{"@type":"ListItem","position":1,"name":"Startseite","item":"https:\/\/dropstop-print.ch\/de\/"},{"@type":"ListItem","position":2,"name":"Boutique","item":"https:\/\/dropstop-print.ch\/de\/Laden\/"},{"@type":"ListItem","position":3,"name":"Korkenzieher Murano \u2013 Sommelier-Korkenzieher aus Metall"}]},{"@type":"WebSite","@id":"https:\/\/dropstop-print.ch\/de\/#website","url":"https:\/\/dropstop-print.ch\/de\/","name":"DropStop Print","description":"Impression personnalis\u00e9e de Drop Stop","publisher":{"@id":"https:\/\/dropstop-print.ch\/de\/#organization"},"potentialAction":[{"@type":"SearchAction","target":{"@type":"EntryPoint","urlTemplate":"https:\/\/dropstop-print.ch\/de\/?s={search_term_string}"},"query-input":{"@type":"PropertyValueSpecification","valueRequired":true,"valueName":"search_term_string"}}],"inLanguage":"de"},{"@type":"Organization","@id":"https:\/\/dropstop-print.ch\/de\/#organization","name":"DropStop Print","url":"https:\/\/dropstop-print.ch\/de\/","logo":{"@type":"ImageObject","inLanguage":"de","@id":"https:\/\/dropstop-print.ch\/de\/#\/schema\/logo\/image\/","url":"https:\/\/dropstop-print.ch\/wp-content\/uploads\/2022\/12\/logo-1.png","contentUrl":"https:\/\/dropstop-print.ch\/wp-content\/uploads\/2022\/12\/logo-1.png","width":751,"height":306,"caption":"DropStop Print"},"image":{"@id":"https:\/\/dropstop-print.ch\/de\/#\/schema\/logo\/image\/"},"sameAs":["https:\/\/fb.me\/dropstopprint"]}]}},"_links":{"self":[{"href":"https:\/\/dropstop-print.ch\/de\/wp-json\/wp\/v2\/product\/30499","targetHints":{"allow":["GET"]}}],"collection":[{"href":"https:\/\/dropstop-print.ch\/de\/wp-json\/wp\/v2\/product"}],"about":[{"href":"https:\/\/dropstop-print.ch\/de\/wp-json\/wp\/v2\/types\/product"}],"replies":[{"embeddable":true,"href":"https:\/\/dropstop-print.ch\/de\/wp-json\/wp\/v2\/comments?post=30499"}],"wp:featuredmedia":[{"embeddable":true,"href":"https:\/\/dropstop-print.ch\/de\/wp-json\/wp\/v2\/media\/31322"}],"wp:attachment":[{"href":"https:\/\/dropstop-print.ch\/de\/wp-json\/wp\/v2\/media?parent=30499"}],"wp:term":[{"taxonomy":"product_brand","embeddable":true,"href":"https:\/\/dropstop-print.ch\/de\/wp-json\/wp\/v2\/product_brand?post=30499"},{"taxonomy":"product_cat","embeddable":true,"href":"https:\/\/dropstop-print.ch\/de\/wp-json\/wp\/v2\/product_cat?post=30499"},{"taxonomy":"product_tag","embeddable":true,"href":"https:\/\/dropstop-print.ch\/de\/wp-json\/wp\/v2\/product_tag?post=30499"}],"curies":[{"name":"wp","href":"https:\/\/api.w.org\/{rel}","templated":true}]}}