{"id":30490,"date":"2023-04-27T16:19:53","date_gmt":"2023-04-27T14:19:53","guid":{"rendered":"https:\/\/beta.dropstop-print.ch\/product\/drop-stop-mit-flaschenhalter\/"},"modified":"2025-09-10T10:55:22","modified_gmt":"2025-09-10T08:55:22","slug":"drop-stop-mit-flaschenhalter","status":"publish","type":"product","link":"https:\/\/dropstop-print.ch\/de\/produit\/drop-stop-mit-flaschenhalter\/","title":{"rendered":"Drop Stop mit Flaschenhalter"},"content":{"rendered":"<p data-start=\"187\" data-end=\"442\">Verbinden Sie das N\u00fctzliche mit dem Originellen mit dem Drop Stop und seiner bedruckten Halterung, die direkt auf den Flaschenhals aufgesetzt wird.<\/p>\n<p data-start=\"187\" data-end=\"442\">Ideal, um Ihr Image bei Hochzeiten, Firmenessen, Galas, in Restaurants oder anderen festlichen Anl\u00e4ssen zu pr\u00e4sentieren.<\/p>\n<p data-start=\"444\" data-end=\"588\">Ihr individuelles Motiv wird auf den Drop Stop (1 Seite) sowie auf beide Seiten des Tr\u00e4gers gedruckt, um eine optimale Sichtbarkeit auf dem Tisch zu gew\u00e4hrleisten.<\/p>\n<p data-start=\"590\" data-end=\"922\">\u2728 <strong data-start=\"592\" data-end=\"616\">Doppelte Kommunikation<\/strong>: Drop Stop + bedrucktes Werbemittel.<br data-start=\"647\" data-end=\"650\">\ud83c\udf77 <strong data-start=\"653\" data-end=\"681\">Sofortige Aufwertung<\/strong>: Ihre Flaschen werden zu einem eleganten Werbemittel.<br data-start=\"742\" data-end=\"745\">\u267b\ufe0f <strong data-start=\"748\" data-end=\"775\">Wiederverwendbar und nachhaltig<\/strong>: waschbar und nahezu unbegrenzt wiederverwendbar.<br data-start=\"819\" data-end=\"822\">\ud83c\udfa8 <strong data-start=\"825\" data-end=\"852\" data-is-only-node=\"\">HD-Digitaldruck<\/strong>: in mehreren Farben.<br data-start=\"877\" data-end=\"880\">\ud83d\udce6 <strong data-start=\"883\" data-end=\"904\">Mindestbestellmenge<\/strong>: 1&#8217;000 St\u00fcck.<\/p>\n<p data-start=\"924\" data-end=\"1009\">Eine einfache und effektive M\u00f6glichkeit, Geselligkeit und Sichtbarkeit mit jedem Service zu verbinden.<\/p>\n<p data-start=\"924\" data-end=\"1009\">N\u00fctzliche Dokumente:<\/p>\n<p><a href=\"https:\/\/dropstop-print.ch\/wp-content\/uploads\/2024\/04\/canvas_support_dropstop_fr.pdf\" target=\"_blank\" rel=\"noopener\">Canvas_FR<\/a>, <a href=\"https:\/\/dropstop-print.ch\/wp-content\/uploads\/2024\/04\/canvas_support_dropstop_de.pdf\" target=\"_blank\" rel=\"noopener\">Canvas_DE<\/a>, <a href=\"https:\/\/dropstop-print.ch\/wp-content\/uploads\/2024\/04\/canvas_support_dropstop_it.pdf\" target=\"_blank\" rel=\"noopener\">Canvas_IT<\/a>, <a href=\"https:\/\/dropstop-print.ch\/wp-content\/uploads\/2024\/04\/canvas_support_dropstop_en.pdf\" target=\"_blank\" rel=\"noopener\">Canvas_EN<\/a><\/p>\n","protected":false},"excerpt":{"rendered":"<ul>\n<li data-start=\"111\" data-end=\"213\"><strong data-start=\"111\" data-end=\"134\">Maximale Sichtbarkeit<\/strong><br data-start=\"134\" data-end=\"137\">Beidseitig bedrucktes Werbematerial + individueller DropStop f\u00fcr eine wirkungsvolle Kombination.<\/li>\n<li data-start=\"215\" data-end=\"296\"><strong data-start=\"215\" data-end=\"236\">Menge &amp; Lieferzeiten<\/strong><br data-start=\"236\" data-end=\"239\">Bestellung ab 1&#8217;000 St\u00fcck, Lieferung innerhalb von 4 bis 6 Wochen.<\/li>\n<li data-start=\"298\" data-end=\"366\"><strong data-start=\"298\" data-end=\"312\">Ma\u00dfgeschneidert<\/strong><br data-start=\"312\" data-end=\"315\">Bei einer Bestellmenge von mehr als 2.000 Exemplaren <a href=\"https:\/\/dropstop-print.ch\/de\/angebot-anfordern\/\">fordern Sie bitte Ihr individuelles Angebot an<\/a>.<\/li>\n<\/ul>\n","protected":false},"featured_media":31326,"comment_status":"open","ping_status":"closed","template":"","meta":{"inline_featured_image":false},"product_brand":[],"product_cat":[149],"product_tag":[],"class_list":{"0":"post-30490","1":"product","2":"type-product","3":"status-publish","4":"has-post-thumbnail","6":"product_cat-drop-stop-de","8":"first","9":"instock","10":"taxable","11":"shipping-taxable","12":"purchasable","13":"product-type-variable"},"yoast_head":"<!-- This site is optimized with the Yoast SEO plugin v26.9 - https:\/\/yoast.com\/product\/yoast-seo-wordpress\/ -->\n<title>Drop Stop mit Flaschenhalter | DropStop Print<\/title>\n<meta name=\"robots\" content=\"index, follow, max-snippet:-1, max-image-preview:large, max-video-preview:-1\" \/>\n<link rel=\"canonical\" href=\"https:\/\/dropstop-print.ch\/de\/produit\/drop-stop-mit-flaschenhalter\/\" \/>\n<meta property=\"og:locale\" content=\"de_DE\" \/>\n<meta property=\"og:type\" content=\"article\" \/>\n<meta property=\"og:title\" content=\"Drop Stop mit Flaschenhalter | DropStop Print\" \/>\n<meta property=\"og:description\" content=\"Maximale SichtbarkeitBeidseitig bedrucktes Werbematerial + individueller DropStop f\u00fcr eine wirkungsvolle Kombination.  Menge &amp; LieferzeitenBestellung ab 1&#039;000 St\u00fcck, Lieferung innerhalb von 4 bis 6 Wochen.  Ma\u00dfgeschneidertBei einer Bestellmenge von mehr als 2.000 Exemplaren fordern Sie bitte Ihr individuelles Angebot an.\" \/>\n<meta property=\"og:url\" content=\"https:\/\/dropstop-print.ch\/de\/produit\/drop-stop-mit-flaschenhalter\/\" \/>\n<meta property=\"og:site_name\" content=\"DropStop Print\" \/>\n<meta property=\"article:publisher\" content=\"https:\/\/fb.me\/dropstopprint\" \/>\n<meta property=\"article:modified_time\" content=\"2025-09-10T08:55:22+00:00\" \/>\n<meta property=\"og:image\" content=\"https:\/\/dropstop-print.ch\/wp-content\/uploads\/2023\/04\/support-bouteil_dropstop.png\" \/>\n\t<meta property=\"og:image:width\" content=\"1920\" \/>\n\t<meta property=\"og:image:height\" content=\"1920\" \/>\n\t<meta property=\"og:image:type\" content=\"image\/png\" \/>\n<meta name=\"twitter:card\" content=\"summary_large_image\" \/>\n<meta name=\"twitter:label1\" content=\"Gesch\u00e4tzte Lesezeit\" \/>\n\t<meta name=\"twitter:data1\" content=\"1\u00a0Minute\" \/>\n<script type=\"application\/ld+json\" class=\"yoast-schema-graph\">{\"@context\":\"https:\/\/schema.org\",\"@graph\":[{\"@type\":\"WebPage\",\"@id\":\"https:\/\/dropstop-print.ch\/de\/produit\/drop-stop-mit-flaschenhalter\/\",\"url\":\"https:\/\/dropstop-print.ch\/de\/produit\/drop-stop-mit-flaschenhalter\/\",\"name\":\"Drop Stop mit Flaschenhalter | DropStop Print\",\"isPartOf\":{\"@id\":\"https:\/\/dropstop-print.ch\/de\/#website\"},\"primaryImageOfPage\":{\"@id\":\"https:\/\/dropstop-print.ch\/de\/produit\/drop-stop-mit-flaschenhalter\/#primaryimage\"},\"image\":{\"@id\":\"https:\/\/dropstop-print.ch\/de\/produit\/drop-stop-mit-flaschenhalter\/#primaryimage\"},\"thumbnailUrl\":\"https:\/\/dropstop-print.ch\/wp-content\/uploads\/2023\/04\/support-bouteil_dropstop.png\",\"datePublished\":\"2023-04-27T14:19:53+00:00\",\"dateModified\":\"2025-09-10T08:55:22+00:00\",\"breadcrumb\":{\"@id\":\"https:\/\/dropstop-print.ch\/de\/produit\/drop-stop-mit-flaschenhalter\/#breadcrumb\"},\"inLanguage\":\"de\",\"potentialAction\":[{\"@type\":\"ReadAction\",\"target\":[\"https:\/\/dropstop-print.ch\/de\/produit\/drop-stop-mit-flaschenhalter\/\"]}]},{\"@type\":\"ImageObject\",\"inLanguage\":\"de\",\"@id\":\"https:\/\/dropstop-print.ch\/de\/produit\/drop-stop-mit-flaschenhalter\/#primaryimage\",\"url\":\"https:\/\/dropstop-print.ch\/wp-content\/uploads\/2023\/04\/support-bouteil_dropstop.png\",\"contentUrl\":\"https:\/\/dropstop-print.ch\/wp-content\/uploads\/2023\/04\/support-bouteil_dropstop.png\",\"width\":1920,\"height\":1920},{\"@type\":\"BreadcrumbList\",\"@id\":\"https:\/\/dropstop-print.ch\/de\/produit\/drop-stop-mit-flaschenhalter\/#breadcrumb\",\"itemListElement\":[{\"@type\":\"ListItem\",\"position\":1,\"name\":\"Startseite\",\"item\":\"https:\/\/dropstop-print.ch\/de\/individueller-dropstop-hochwertiger-druckservice\/\"},{\"@type\":\"ListItem\",\"position\":2,\"name\":\"Boutique\",\"item\":\"https:\/\/dropstop-print.ch\/de\/Laden\/\"},{\"@type\":\"ListItem\",\"position\":3,\"name\":\"Drop Stop mit Flaschenhalter\"}]},{\"@type\":\"WebSite\",\"@id\":\"https:\/\/dropstop-print.ch\/de\/#website\",\"url\":\"https:\/\/dropstop-print.ch\/de\/\",\"name\":\"DropStop Print\",\"description\":\"Impression personnalis\u00e9e de Drop Stop\",\"publisher\":{\"@id\":\"https:\/\/dropstop-print.ch\/de\/#organization\"},\"potentialAction\":[{\"@type\":\"SearchAction\",\"target\":{\"@type\":\"EntryPoint\",\"urlTemplate\":\"https:\/\/dropstop-print.ch\/de\/?s={search_term_string}\"},\"query-input\":{\"@type\":\"PropertyValueSpecification\",\"valueRequired\":true,\"valueName\":\"search_term_string\"}}],\"inLanguage\":\"de\"},{\"@type\":\"Organization\",\"@id\":\"https:\/\/dropstop-print.ch\/de\/#organization\",\"name\":\"DropStop Print\",\"url\":\"https:\/\/dropstop-print.ch\/de\/\",\"logo\":{\"@type\":\"ImageObject\",\"inLanguage\":\"de\",\"@id\":\"https:\/\/dropstop-print.ch\/de\/#\/schema\/logo\/image\/\",\"url\":\"https:\/\/dropstop-print.ch\/wp-content\/uploads\/2022\/12\/logo-1.png\",\"contentUrl\":\"https:\/\/dropstop-print.ch\/wp-content\/uploads\/2022\/12\/logo-1.png\",\"width\":751,\"height\":306,\"caption\":\"DropStop Print\"},\"image\":{\"@id\":\"https:\/\/dropstop-print.ch\/de\/#\/schema\/logo\/image\/\"},\"sameAs\":[\"https:\/\/fb.me\/dropstopprint\"]}]}<\/script>\n<!-- \/ Yoast SEO plugin. -->","yoast_head_json":{"title":"Drop Stop mit Flaschenhalter | DropStop Print","robots":{"index":"index","follow":"follow","max-snippet":"max-snippet:-1","max-image-preview":"max-image-preview:large","max-video-preview":"max-video-preview:-1"},"canonical":"https:\/\/dropstop-print.ch\/de\/produit\/drop-stop-mit-flaschenhalter\/","og_locale":"de_DE","og_type":"article","og_title":"Drop Stop mit Flaschenhalter | DropStop Print","og_description":"Maximale SichtbarkeitBeidseitig bedrucktes Werbematerial + individueller DropStop f\u00fcr eine wirkungsvolle Kombination.  Menge &amp; LieferzeitenBestellung ab 1'000 St\u00fcck, Lieferung innerhalb von 4 bis 6 Wochen.  Ma\u00dfgeschneidertBei einer Bestellmenge von mehr als 2.000 Exemplaren fordern Sie bitte Ihr individuelles Angebot an.","og_url":"https:\/\/dropstop-print.ch\/de\/produit\/drop-stop-mit-flaschenhalter\/","og_site_name":"DropStop Print","article_publisher":"https:\/\/fb.me\/dropstopprint","article_modified_time":"2025-09-10T08:55:22+00:00","og_image":[{"width":1920,"height":1920,"url":"https:\/\/dropstop-print.ch\/wp-content\/uploads\/2023\/04\/support-bouteil_dropstop.png","type":"image\/png"}],"twitter_card":"summary_large_image","twitter_misc":{"Gesch\u00e4tzte Lesezeit":"1\u00a0Minute"},"schema":{"@context":"https:\/\/schema.org","@graph":[{"@type":"WebPage","@id":"https:\/\/dropstop-print.ch\/de\/produit\/drop-stop-mit-flaschenhalter\/","url":"https:\/\/dropstop-print.ch\/de\/produit\/drop-stop-mit-flaschenhalter\/","name":"Drop Stop mit Flaschenhalter | DropStop Print","isPartOf":{"@id":"https:\/\/dropstop-print.ch\/de\/#website"},"primaryImageOfPage":{"@id":"https:\/\/dropstop-print.ch\/de\/produit\/drop-stop-mit-flaschenhalter\/#primaryimage"},"image":{"@id":"https:\/\/dropstop-print.ch\/de\/produit\/drop-stop-mit-flaschenhalter\/#primaryimage"},"thumbnailUrl":"https:\/\/dropstop-print.ch\/wp-content\/uploads\/2023\/04\/support-bouteil_dropstop.png","datePublished":"2023-04-27T14:19:53+00:00","dateModified":"2025-09-10T08:55:22+00:00","breadcrumb":{"@id":"https:\/\/dropstop-print.ch\/de\/produit\/drop-stop-mit-flaschenhalter\/#breadcrumb"},"inLanguage":"de","potentialAction":[{"@type":"ReadAction","target":["https:\/\/dropstop-print.ch\/de\/produit\/drop-stop-mit-flaschenhalter\/"]}]},{"@type":"ImageObject","inLanguage":"de","@id":"https:\/\/dropstop-print.ch\/de\/produit\/drop-stop-mit-flaschenhalter\/#primaryimage","url":"https:\/\/dropstop-print.ch\/wp-content\/uploads\/2023\/04\/support-bouteil_dropstop.png","contentUrl":"https:\/\/dropstop-print.ch\/wp-content\/uploads\/2023\/04\/support-bouteil_dropstop.png","width":1920,"height":1920},{"@type":"BreadcrumbList","@id":"https:\/\/dropstop-print.ch\/de\/produit\/drop-stop-mit-flaschenhalter\/#breadcrumb","itemListElement":[{"@type":"ListItem","position":1,"name":"Startseite","item":"https:\/\/dropstop-print.ch\/de\/individueller-dropstop-hochwertiger-druckservice\/"},{"@type":"ListItem","position":2,"name":"Boutique","item":"https:\/\/dropstop-print.ch\/de\/Laden\/"},{"@type":"ListItem","position":3,"name":"Drop Stop mit Flaschenhalter"}]},{"@type":"WebSite","@id":"https:\/\/dropstop-print.ch\/de\/#website","url":"https:\/\/dropstop-print.ch\/de\/","name":"DropStop Print","description":"Impression personnalis\u00e9e de Drop Stop","publisher":{"@id":"https:\/\/dropstop-print.ch\/de\/#organization"},"potentialAction":[{"@type":"SearchAction","target":{"@type":"EntryPoint","urlTemplate":"https:\/\/dropstop-print.ch\/de\/?s={search_term_string}"},"query-input":{"@type":"PropertyValueSpecification","valueRequired":true,"valueName":"search_term_string"}}],"inLanguage":"de"},{"@type":"Organization","@id":"https:\/\/dropstop-print.ch\/de\/#organization","name":"DropStop Print","url":"https:\/\/dropstop-print.ch\/de\/","logo":{"@type":"ImageObject","inLanguage":"de","@id":"https:\/\/dropstop-print.ch\/de\/#\/schema\/logo\/image\/","url":"https:\/\/dropstop-print.ch\/wp-content\/uploads\/2022\/12\/logo-1.png","contentUrl":"https:\/\/dropstop-print.ch\/wp-content\/uploads\/2022\/12\/logo-1.png","width":751,"height":306,"caption":"DropStop Print"},"image":{"@id":"https:\/\/dropstop-print.ch\/de\/#\/schema\/logo\/image\/"},"sameAs":["https:\/\/fb.me\/dropstopprint"]}]}},"_links":{"self":[{"href":"https:\/\/dropstop-print.ch\/de\/wp-json\/wp\/v2\/product\/30490","targetHints":{"allow":["GET"]}}],"collection":[{"href":"https:\/\/dropstop-print.ch\/de\/wp-json\/wp\/v2\/product"}],"about":[{"href":"https:\/\/dropstop-print.ch\/de\/wp-json\/wp\/v2\/types\/product"}],"replies":[{"embeddable":true,"href":"https:\/\/dropstop-print.ch\/de\/wp-json\/wp\/v2\/comments?post=30490"}],"wp:featuredmedia":[{"embeddable":true,"href":"https:\/\/dropstop-print.ch\/de\/wp-json\/wp\/v2\/media\/31326"}],"wp:attachment":[{"href":"https:\/\/dropstop-print.ch\/de\/wp-json\/wp\/v2\/media?parent=30490"}],"wp:term":[{"taxonomy":"product_brand","embeddable":true,"href":"https:\/\/dropstop-print.ch\/de\/wp-json\/wp\/v2\/product_brand?post=30490"},{"taxonomy":"product_cat","embeddable":true,"href":"https:\/\/dropstop-print.ch\/de\/wp-json\/wp\/v2\/product_cat?post=30490"},{"taxonomy":"product_tag","embeddable":true,"href":"https:\/\/dropstop-print.ch\/de\/wp-json\/wp\/v2\/product_tag?post=30490"}],"curies":[{"name":"wp","href":"https:\/\/api.w.org\/{rel}","templated":true}]}}