{"id":30476,"date":"2023-01-10T10:54:44","date_gmt":"2023-01-10T09:54:44","guid":{"rendered":"https:\/\/beta.dropstop-print.ch\/product\/drop-stop-luxe-mit-personalisierter-2-teiliger-tasche\/"},"modified":"2025-09-10T10:30:08","modified_gmt":"2025-09-10T08:30:08","slug":"luxus-drop-stop-mit-personalisierter-zweifaltiger-hulle","status":"publish","type":"product","link":"https:\/\/dropstop-print.ch\/de\/produit\/luxus-drop-stop-mit-personalisierter-zweifaltiger-hulle\/","title":{"rendered":"Drop Stop &#8222;Luxe&#8220; mit personalisierter 2-teiliger Tasche"},"content":{"rendered":"<p data-start=\"149\" data-end=\"395\">Verbinden Sie Raffinesse und Funktionalit\u00e4t mit unserer <strong data-start=\"202\" data-end=\"210\">Luxusversion <\/strong>des Drop Stop. Pr\u00e4sentiert in einer doppelseitigen Kartonh\u00fclle mit beidseitigem Aufdruck, ist er viel mehr als nur ein einfaches Accessoire: ein echtes Kommunikationsmittel der Extraklasse. <\/p>\n<p data-start=\"397\" data-end=\"767\">\u2728 <strong data-start=\"399\" data-end=\"422\">Individuelles Design<\/strong>: Vollfl\u00e4chiger Druck auf dem Drop Stop (1 Seite).<br data-start=\"469\" data-end=\"472\">\ud83d\udcd6 <strong data-start=\"475\" data-end=\"496\">4 bedruckte Seiten<\/strong>: Vorderseite, Innenseite und R\u00fcckseite, um Ihre Botschaft optimal zur Geltung zu bringen.<br data-start=\"557\" data-end=\"560\">\ud83c\udfa8 <strong data-start=\"563\" data-end=\"582\">Premium-Qualit\u00e4t<\/strong>: hochaufl\u00f6sender Digitaldruck in mehreren Farben.<br data-start=\"646\" data-end=\"649\">\u267b\ufe0f <strong data-start=\"652\" data-end=\"678\">Wiederverwendbar und nachhaltig<\/strong>: waschbar und nahezu unbegrenzt wiederverwendbar.<br data-start=\"722\" data-end=\"725\">\ud83d\udce6 <strong data-start=\"728\" data-end=\"749\">Mindestbestellmenge<\/strong>: 1&#8217;000 St\u00fcck.<\/p>\n<p data-start=\"769\" data-end=\"1026\"><strong data-start=\"111\" data-end=\"163\">Ein praktisches und originelles Kommunikationsmittel<\/strong>, das sich perfekt eignet, um bei Ihren Veranstaltungen und Werbeaktionen einen bleibenden Eindruck zu hinterlassen.<br \/>\n\ud83d\udc49 Entdecken Sie auch unsere <a href=\"https:\/\/dropstop-print.ch\/de\/produkt\/standard-folie-hulle-drop-stop\/\"><strong data-start=\"908\" data-end=\"920\">Standardversionen <\/strong>(Cellophanh\u00fclle) <\/a>und <strong data-start=\"946\" data-end=\"967\"><a href=\"https:\/\/dropstop-print.ch\/de\/produkt\/drop-stop-mit-flaschenhalter\/\">Flaschenhalter <\/a><\/strong>f\u00fcr eine andere, aber dennoch wirkungsvolle Sichtbarkeit.<\/p>\n<p data-start=\"769\" data-end=\"1026\">N\u00fctzliche Dokumente:<\/p>\n<p><a href=\"https:\/\/dropstop-print.ch\/wp-content\/uploads\/2026\/03\/canvas_cover_dropstop_fr.pdf\" target=\"_blank\" rel=\"noopener\">Canvas_FR<\/a>, <a href=\"https:\/\/dropstop-print.ch\/wp-content\/uploads\/2026\/03\/canvas_cover_dropstop_de.pdf\" target=\"_blank\" rel=\"noopener\">Canvas_DE<\/a>, <a href=\"https:\/\/dropstop-print.ch\/wp-content\/uploads\/2024\/04\/canvas_cover_dropstop_it.pdf\" target=\"_blank\" rel=\"noopener\">Canvas_IT<\/a>, <a href=\"https:\/\/dropstop-print.ch\/wp-content\/uploads\/2026\/03\/canvas_cover_dropstop_en.pdf\" target=\"_blank\" rel=\"noopener\">Canvas_EN<\/a><\/p>\n","protected":false},"excerpt":{"rendered":"<ul>\n<li><strong data-start=\"104\" data-end=\"138\">Hochwertige Personalisierung<\/strong><br data-start=\"138\" data-end=\"141\">Farbiger Druck in hoher Aufl\u00f6sung auf der gesamten Oberfl\u00e4che des DropStop und den vier Seiten seiner H\u00fclle.<\/li>\n<li><strong data-start=\"255\" data-end=\"276\">Menge &amp; Lieferzeiten<\/strong><br data-start=\"276\" data-end=\"279\">Erh\u00e4ltlich ab 1&#8217;000 St\u00fcck, mit schneller Lieferung innerhalb von 4 bis 6 Wochen.<\/li>\n<li><strong data-start=\"352\" data-end=\"373\">Gro\u00dfauftr\u00e4ge<\/strong><br data-start=\"373\" data-end=\"376\">Bei einer Bestellmenge von mehr als 5.000 Exemplaren <a href=\"https:\/\/dropstop-print.ch\/de\/angebot-anfordern\/\">fordern Sie bitte Ihr individuelles Angebot an.<\/a><\/li>\n<\/ul>\n","protected":false},"featured_media":31330,"comment_status":"open","ping_status":"closed","template":"","meta":{"inline_featured_image":false},"product_brand":[],"product_cat":[149],"product_tag":[],"class_list":{"0":"post-30476","1":"product","2":"type-product","3":"status-publish","4":"has-post-thumbnail","6":"product_cat-drop-stop-de","8":"first","9":"instock","10":"taxable","11":"shipping-taxable","12":"purchasable","13":"product-type-variable","14":"has-default-attributes"},"yoast_head":"<!-- This site is optimized with the Yoast SEO plugin v26.9 - https:\/\/yoast.com\/product\/yoast-seo-wordpress\/ -->\n<title>Personalisieren Sie luxuri\u00f6se Drop Stops mit Tasche|Niedriger Preis<\/title>\n<meta name=\"description\" content=\"Individuell gestalteter Drop Stop mit Aufdruck Ihres Visuals auf dem gesamten Drop Stop. Mappe &quot;Luxus&quot; aus Kartonpapier 4-seitiger Druck\" \/>\n<meta name=\"robots\" content=\"index, follow, max-snippet:-1, max-image-preview:large, max-video-preview:-1\" \/>\n<link rel=\"canonical\" href=\"https:\/\/dropstop-print.ch\/de\/produit\/luxus-drop-stop-mit-personalisierter-zweifaltiger-hulle\/\" \/>\n<meta property=\"og:locale\" content=\"de_DE\" \/>\n<meta property=\"og:type\" content=\"article\" \/>\n<meta property=\"og:title\" content=\"Personalisieren Sie luxuri\u00f6se Drop Stops mit Tasche|Niedriger Preis\" \/>\n<meta property=\"og:description\" content=\"Individuell gestalteter Drop Stop mit Aufdruck Ihres Visuals auf dem gesamten Drop Stop. Mappe &quot;Luxus&quot; aus Kartonpapier 4-seitiger Druck\" \/>\n<meta property=\"og:url\" content=\"https:\/\/dropstop-print.ch\/de\/produit\/luxus-drop-stop-mit-personalisierter-zweifaltiger-hulle\/\" \/>\n<meta property=\"og:site_name\" content=\"DropStop Print\" \/>\n<meta property=\"article:publisher\" content=\"https:\/\/fb.me\/dropstopprint\" \/>\n<meta property=\"article:modified_time\" content=\"2025-09-10T08:30:08+00:00\" \/>\n<meta property=\"og:image\" content=\"https:\/\/dropstop-print.ch\/wp-content\/uploads\/2023\/01\/lux_dropstop-1-jpg.webp\" \/>\n\t<meta property=\"og:image:width\" content=\"1500\" \/>\n\t<meta property=\"og:image:height\" content=\"1500\" \/>\n\t<meta property=\"og:image:type\" content=\"image\/jpeg\" \/>\n<meta name=\"twitter:card\" content=\"summary_large_image\" \/>\n<meta name=\"twitter:label1\" content=\"Gesch\u00e4tzte Lesezeit\" \/>\n\t<meta name=\"twitter:data1\" content=\"1\u00a0Minute\" \/>\n<script type=\"application\/ld+json\" class=\"yoast-schema-graph\">{\"@context\":\"https:\/\/schema.org\",\"@graph\":[{\"@type\":\"WebPage\",\"@id\":\"https:\/\/dropstop-print.ch\/de\/produit\/luxus-drop-stop-mit-personalisierter-zweifaltiger-hulle\/\",\"url\":\"https:\/\/dropstop-print.ch\/de\/produit\/luxus-drop-stop-mit-personalisierter-zweifaltiger-hulle\/\",\"name\":\"Personalisieren Sie luxuri\u00f6se Drop Stops mit Tasche|Niedriger Preis\",\"isPartOf\":{\"@id\":\"https:\/\/dropstop-print.ch\/de\/#website\"},\"primaryImageOfPage\":{\"@id\":\"https:\/\/dropstop-print.ch\/de\/produit\/luxus-drop-stop-mit-personalisierter-zweifaltiger-hulle\/#primaryimage\"},\"image\":{\"@id\":\"https:\/\/dropstop-print.ch\/de\/produit\/luxus-drop-stop-mit-personalisierter-zweifaltiger-hulle\/#primaryimage\"},\"thumbnailUrl\":\"https:\/\/dropstop-print.ch\/wp-content\/uploads\/2023\/01\/lux_dropstop-1-jpg.webp\",\"datePublished\":\"2023-01-10T09:54:44+00:00\",\"dateModified\":\"2025-09-10T08:30:08+00:00\",\"description\":\"Individuell gestalteter Drop Stop mit Aufdruck Ihres Visuals auf dem gesamten Drop Stop. Mappe \\\"Luxus\\\" aus Kartonpapier 4-seitiger Druck\",\"breadcrumb\":{\"@id\":\"https:\/\/dropstop-print.ch\/de\/produit\/luxus-drop-stop-mit-personalisierter-zweifaltiger-hulle\/#breadcrumb\"},\"inLanguage\":\"de\",\"potentialAction\":[{\"@type\":\"ReadAction\",\"target\":[\"https:\/\/dropstop-print.ch\/de\/produit\/luxus-drop-stop-mit-personalisierter-zweifaltiger-hulle\/\"]}]},{\"@type\":\"ImageObject\",\"inLanguage\":\"de\",\"@id\":\"https:\/\/dropstop-print.ch\/de\/produit\/luxus-drop-stop-mit-personalisierter-zweifaltiger-hulle\/#primaryimage\",\"url\":\"https:\/\/dropstop-print.ch\/wp-content\/uploads\/2023\/01\/lux_dropstop-1-jpg.webp\",\"contentUrl\":\"https:\/\/dropstop-print.ch\/wp-content\/uploads\/2023\/01\/lux_dropstop-1-jpg.webp\",\"width\":1500,\"height\":1500},{\"@type\":\"BreadcrumbList\",\"@id\":\"https:\/\/dropstop-print.ch\/de\/produit\/luxus-drop-stop-mit-personalisierter-zweifaltiger-hulle\/#breadcrumb\",\"itemListElement\":[{\"@type\":\"ListItem\",\"position\":1,\"name\":\"Startseite\",\"item\":\"https:\/\/dropstop-print.ch\/de\/individueller-dropstop-hochwertiger-druckservice\/\"},{\"@type\":\"ListItem\",\"position\":2,\"name\":\"Boutique\",\"item\":\"https:\/\/dropstop-print.ch\/de\/Laden\/\"},{\"@type\":\"ListItem\",\"position\":3,\"name\":\"Drop Stop &#8222;Luxe&#8220; mit personalisierter 2-teiliger Tasche\"}]},{\"@type\":\"WebSite\",\"@id\":\"https:\/\/dropstop-print.ch\/de\/#website\",\"url\":\"https:\/\/dropstop-print.ch\/de\/\",\"name\":\"DropStop Print\",\"description\":\"Impression personnalis\u00e9e de Drop Stop\",\"publisher\":{\"@id\":\"https:\/\/dropstop-print.ch\/de\/#organization\"},\"potentialAction\":[{\"@type\":\"SearchAction\",\"target\":{\"@type\":\"EntryPoint\",\"urlTemplate\":\"https:\/\/dropstop-print.ch\/de\/?s={search_term_string}\"},\"query-input\":{\"@type\":\"PropertyValueSpecification\",\"valueRequired\":true,\"valueName\":\"search_term_string\"}}],\"inLanguage\":\"de\"},{\"@type\":\"Organization\",\"@id\":\"https:\/\/dropstop-print.ch\/de\/#organization\",\"name\":\"DropStop Print\",\"url\":\"https:\/\/dropstop-print.ch\/de\/\",\"logo\":{\"@type\":\"ImageObject\",\"inLanguage\":\"de\",\"@id\":\"https:\/\/dropstop-print.ch\/de\/#\/schema\/logo\/image\/\",\"url\":\"https:\/\/dropstop-print.ch\/wp-content\/uploads\/2022\/12\/logo-1.png\",\"contentUrl\":\"https:\/\/dropstop-print.ch\/wp-content\/uploads\/2022\/12\/logo-1.png\",\"width\":751,\"height\":306,\"caption\":\"DropStop Print\"},\"image\":{\"@id\":\"https:\/\/dropstop-print.ch\/de\/#\/schema\/logo\/image\/\"},\"sameAs\":[\"https:\/\/fb.me\/dropstopprint\"]}]}<\/script>\n<!-- \/ Yoast SEO plugin. -->","yoast_head_json":{"title":"Personalisieren Sie luxuri\u00f6se Drop Stops mit Tasche|Niedriger Preis","description":"Individuell gestalteter Drop Stop mit Aufdruck Ihres Visuals auf dem gesamten Drop Stop. Mappe \"Luxus\" aus Kartonpapier 4-seitiger Druck","robots":{"index":"index","follow":"follow","max-snippet":"max-snippet:-1","max-image-preview":"max-image-preview:large","max-video-preview":"max-video-preview:-1"},"canonical":"https:\/\/dropstop-print.ch\/de\/produit\/luxus-drop-stop-mit-personalisierter-zweifaltiger-hulle\/","og_locale":"de_DE","og_type":"article","og_title":"Personalisieren Sie luxuri\u00f6se Drop Stops mit Tasche|Niedriger Preis","og_description":"Individuell gestalteter Drop Stop mit Aufdruck Ihres Visuals auf dem gesamten Drop Stop. Mappe \"Luxus\" aus Kartonpapier 4-seitiger Druck","og_url":"https:\/\/dropstop-print.ch\/de\/produit\/luxus-drop-stop-mit-personalisierter-zweifaltiger-hulle\/","og_site_name":"DropStop Print","article_publisher":"https:\/\/fb.me\/dropstopprint","article_modified_time":"2025-09-10T08:30:08+00:00","og_image":[{"width":1500,"height":1500,"url":"https:\/\/dropstop-print.ch\/wp-content\/uploads\/2023\/01\/lux_dropstop-1-jpg.webp","type":"image\/jpeg"}],"twitter_card":"summary_large_image","twitter_misc":{"Gesch\u00e4tzte Lesezeit":"1\u00a0Minute"},"schema":{"@context":"https:\/\/schema.org","@graph":[{"@type":"WebPage","@id":"https:\/\/dropstop-print.ch\/de\/produit\/luxus-drop-stop-mit-personalisierter-zweifaltiger-hulle\/","url":"https:\/\/dropstop-print.ch\/de\/produit\/luxus-drop-stop-mit-personalisierter-zweifaltiger-hulle\/","name":"Personalisieren Sie luxuri\u00f6se Drop Stops mit Tasche|Niedriger Preis","isPartOf":{"@id":"https:\/\/dropstop-print.ch\/de\/#website"},"primaryImageOfPage":{"@id":"https:\/\/dropstop-print.ch\/de\/produit\/luxus-drop-stop-mit-personalisierter-zweifaltiger-hulle\/#primaryimage"},"image":{"@id":"https:\/\/dropstop-print.ch\/de\/produit\/luxus-drop-stop-mit-personalisierter-zweifaltiger-hulle\/#primaryimage"},"thumbnailUrl":"https:\/\/dropstop-print.ch\/wp-content\/uploads\/2023\/01\/lux_dropstop-1-jpg.webp","datePublished":"2023-01-10T09:54:44+00:00","dateModified":"2025-09-10T08:30:08+00:00","description":"Individuell gestalteter Drop Stop mit Aufdruck Ihres Visuals auf dem gesamten Drop Stop. Mappe \"Luxus\" aus Kartonpapier 4-seitiger Druck","breadcrumb":{"@id":"https:\/\/dropstop-print.ch\/de\/produit\/luxus-drop-stop-mit-personalisierter-zweifaltiger-hulle\/#breadcrumb"},"inLanguage":"de","potentialAction":[{"@type":"ReadAction","target":["https:\/\/dropstop-print.ch\/de\/produit\/luxus-drop-stop-mit-personalisierter-zweifaltiger-hulle\/"]}]},{"@type":"ImageObject","inLanguage":"de","@id":"https:\/\/dropstop-print.ch\/de\/produit\/luxus-drop-stop-mit-personalisierter-zweifaltiger-hulle\/#primaryimage","url":"https:\/\/dropstop-print.ch\/wp-content\/uploads\/2023\/01\/lux_dropstop-1-jpg.webp","contentUrl":"https:\/\/dropstop-print.ch\/wp-content\/uploads\/2023\/01\/lux_dropstop-1-jpg.webp","width":1500,"height":1500},{"@type":"BreadcrumbList","@id":"https:\/\/dropstop-print.ch\/de\/produit\/luxus-drop-stop-mit-personalisierter-zweifaltiger-hulle\/#breadcrumb","itemListElement":[{"@type":"ListItem","position":1,"name":"Startseite","item":"https:\/\/dropstop-print.ch\/de\/individueller-dropstop-hochwertiger-druckservice\/"},{"@type":"ListItem","position":2,"name":"Boutique","item":"https:\/\/dropstop-print.ch\/de\/Laden\/"},{"@type":"ListItem","position":3,"name":"Drop Stop &#8222;Luxe&#8220; mit personalisierter 2-teiliger Tasche"}]},{"@type":"WebSite","@id":"https:\/\/dropstop-print.ch\/de\/#website","url":"https:\/\/dropstop-print.ch\/de\/","name":"DropStop Print","description":"Impression personnalis\u00e9e de Drop Stop","publisher":{"@id":"https:\/\/dropstop-print.ch\/de\/#organization"},"potentialAction":[{"@type":"SearchAction","target":{"@type":"EntryPoint","urlTemplate":"https:\/\/dropstop-print.ch\/de\/?s={search_term_string}"},"query-input":{"@type":"PropertyValueSpecification","valueRequired":true,"valueName":"search_term_string"}}],"inLanguage":"de"},{"@type":"Organization","@id":"https:\/\/dropstop-print.ch\/de\/#organization","name":"DropStop Print","url":"https:\/\/dropstop-print.ch\/de\/","logo":{"@type":"ImageObject","inLanguage":"de","@id":"https:\/\/dropstop-print.ch\/de\/#\/schema\/logo\/image\/","url":"https:\/\/dropstop-print.ch\/wp-content\/uploads\/2022\/12\/logo-1.png","contentUrl":"https:\/\/dropstop-print.ch\/wp-content\/uploads\/2022\/12\/logo-1.png","width":751,"height":306,"caption":"DropStop Print"},"image":{"@id":"https:\/\/dropstop-print.ch\/de\/#\/schema\/logo\/image\/"},"sameAs":["https:\/\/fb.me\/dropstopprint"]}]}},"_links":{"self":[{"href":"https:\/\/dropstop-print.ch\/de\/wp-json\/wp\/v2\/product\/30476","targetHints":{"allow":["GET"]}}],"collection":[{"href":"https:\/\/dropstop-print.ch\/de\/wp-json\/wp\/v2\/product"}],"about":[{"href":"https:\/\/dropstop-print.ch\/de\/wp-json\/wp\/v2\/types\/product"}],"replies":[{"embeddable":true,"href":"https:\/\/dropstop-print.ch\/de\/wp-json\/wp\/v2\/comments?post=30476"}],"wp:featuredmedia":[{"embeddable":true,"href":"https:\/\/dropstop-print.ch\/de\/wp-json\/wp\/v2\/media\/31330"}],"wp:attachment":[{"href":"https:\/\/dropstop-print.ch\/de\/wp-json\/wp\/v2\/media?parent=30476"}],"wp:term":[{"taxonomy":"product_brand","embeddable":true,"href":"https:\/\/dropstop-print.ch\/de\/wp-json\/wp\/v2\/product_brand?post=30476"},{"taxonomy":"product_cat","embeddable":true,"href":"https:\/\/dropstop-print.ch\/de\/wp-json\/wp\/v2\/product_cat?post=30476"},{"taxonomy":"product_tag","embeddable":true,"href":"https:\/\/dropstop-print.ch\/de\/wp-json\/wp\/v2\/product_tag?post=30476"}],"curies":[{"name":"wp","href":"https:\/\/api.w.org\/{rel}","templated":true}]}}