{"id":30460,"date":"2023-01-10T10:40:32","date_gmt":"2023-01-10T09:40:32","guid":{"rendered":"https:\/\/beta.dropstop-print.ch\/product\/drop-stop-standard-zellophanhuelle\/"},"modified":"2025-09-10T10:17:17","modified_gmt":"2025-09-10T08:17:17","slug":"standard-folie-hulle-drop-stop","status":"publish","type":"product","link":"https:\/\/dropstop-print.ch\/de\/produit\/standard-folie-hulle-drop-stop\/","title":{"rendered":"Individueller DropStop Standard (Zellophanh\u00fclle)"},"content":{"rendered":"<p data-start=\"150\" data-end=\"414\">Bieten Sie Ihren Kunden ein einfaches, praktisches und elegantes Accessoire, das Ihr Image bei jedem Service aufwertet. Der Drop Stop ist eine d\u00fcnne Aluminiumfolie, die man aufrollt und in den Flaschenhals einf\u00fchrt, um tropfenfrei, fl\u00fcssig und sauber auszugie\u00dfen. <\/p>\n<p data-start=\"416\" data-end=\"734\">\ud83d\udca1 <strong data-start=\"419\" data-end=\"446\">100 % personalisierbar<\/strong>: Ihr Motiv wird auf die gesamte Fl\u00e4che (1 Seite) gedruckt.<br data-start=\"504\" data-end=\"507\">\ud83c\udfa8 <strong data-start=\"510\" data-end=\"533\">Leuchtende Farben<\/strong>: hochaufl\u00f6sender Digitaldruck.<br data-start=\"574\" data-end=\"577\">\u267b\ufe0f <strong data-start=\"580\" data-end=\"606\">Nachhaltig &amp; wiederverwendbar<\/strong>: waschbar und nahezu unbegrenzt wiederverwendbar.<br data-start=\"650\" data-end=\"653\">\ud83d\udce6 <strong data-start=\"656\" data-end=\"677\">Mindestbestellmenge<\/strong>: ab 100 St\u00fcck.<br data-start=\"695\" data-end=\"698\">\u23f1\ufe0f <strong data-start=\"701\" data-end=\"714\">Lieferzeit<\/strong>: 4 bis 6 Wochen.<\/p>\n<p data-start=\"736\" data-end=\"972\">Ein praktisches und raffiniertes Geschenk, perfekt, um Ihr Unternehmen bei Veranstaltungen zu bewerben oder Ihre Kunden zu binden.<br data-start=\"851\" data-end=\"854\">\ud83d\udc49 Entdecken Sie auch die <a href=\"https:\/\/dropstop-print.ch\/de\/produkt\/luxus-drop-stop-mit-personalisierter-zweifaltiger-hulle\/\"><strong data-start=\"884\" data-end=\"892\">Luxusversion <\/strong><\/a>mit beidseitig bedruckter H\u00fclle f\u00fcr eine noch hochwertigere Pr\u00e4sentation.<\/p>\n<p data-start=\"736\" data-end=\"972\"><strong>N\u00fctzliche Dokumente:<\/strong><\/p>\n<p><strong><a style=\"color: #993366; text-decoration: underline;\" href=\"https:\/\/dropstop-print.ch\/wp-content\/uploads\/2025\/09\/dropstop-standard_guide.pdf\" target=\"_blank\" rel=\"noopener\">Drop Stop Standard &#8211; Ein praktischer Leitfaden zum Einreichen Ihrer Dateien<\/a><\/strong><\/p>\n<p><a href=\"https:\/\/dropstop-print.ch\/wp-content\/uploads\/2024\/04\/canvas_dropstop_fr.pdf\" target=\"_blank\" rel=\"noopener\">Canvas_FR<\/a>, <a href=\"https:\/\/dropstop-print.ch\/wp-content\/uploads\/2024\/04\/canvas_dropstop_de.pdf\" target=\"_blank\" rel=\"noopener\">Canvas_DE<\/a>, <a href=\"https:\/\/dropstop-print.ch\/wp-content\/uploads\/2024\/04\/canvas_dropstop_it.pdf\" target=\"_blank\" rel=\"noopener\">Canvas_IT<\/a>, <a href=\"https:\/\/dropstop-print.ch\/wp-content\/uploads\/2024\/04\/canvas_dropstop_en.pdf\" target=\"_blank\" rel=\"noopener\">Canvas_EN<\/a><\/p>\n","protected":false},"excerpt":{"rendered":"<ul>\n<li>\n<p data-start=\"108\" data-end=\"226\"><strong data-start=\"108\" data-end=\"137\">Vollst\u00e4ndige Personalisierung<\/strong><br data-start=\"137\" data-end=\"140\">Hochaufl\u00f6sender Druck auf der gesamten Oberfl\u00e4che des DropStop, in mehreren Farben.<\/p>\n<\/li>\n<li>\n<p data-start=\"108\" data-end=\"226\"><strong data-start=\"228\" data-end=\"249\">Menge &amp; Lieferzeiten<\/strong><br data-start=\"249\" data-end=\"252\">Erh\u00e4ltlich ab 100 St\u00fcck, schnelle Lieferung innerhalb von 4 bis 6 Wochen.<\/p>\n<\/li>\n<li>\n<p data-start=\"108\" data-end=\"226\"><strong data-start=\"318\" data-end=\"339\">Gro\u00dfauftr\u00e4ge<\/strong><br data-start=\"339\" data-end=\"342\">Bei mehr als 5.000 St\u00fcck <a href=\"https:\/\/dropstop-print.ch\/de\/angebot-anfordern\/\">fordern Sie bitte Ihr individuelles Angebot an<\/a>.<\/p>\n<\/li>\n<\/ul>\n<p><strong><a style=\"color: #993366; text-decoration: underline;\" href=\"https:\/\/dropstop-print.ch\/wp-content\/uploads\/2025\/09\/dropstop-standard_guide.pdf\" target=\"_blank\" rel=\"noopener\">Praktischer Leitfaden zum Einreichen Ihrer Dateien<\/a><\/strong><\/p>\n<p>&nbsp;<\/p>\n","protected":false},"featured_media":31318,"comment_status":"open","ping_status":"closed","template":"","meta":{"inline_featured_image":false},"product_brand":[],"product_cat":[149],"product_tag":[],"class_list":{"0":"post-30460","1":"product","2":"type-product","3":"status-publish","4":"has-post-thumbnail","6":"product_cat-drop-stop-de","8":"first","9":"instock","10":"taxable","11":"shipping-taxable","12":"purchasable","13":"product-type-variable","14":"has-default-attributes"},"yoast_head":"<!-- This site is optimized with the Yoast SEO plugin v26.9 - https:\/\/yoast.com\/product\/yoast-seo-wordpress\/ -->\n<title>Personalisieren Sie Standard Drop Stops mit Tasche|Niedriger Preis<\/title>\n<meta name=\"description\" content=\"Um Drop Stops als Geschenke anzubieten, schlagen wir Ihnen vor, sie zu personalisieren, was das Geschenk f\u00fcr einen Weinliebhaber noch einzigartiger macht.\" \/>\n<meta name=\"robots\" content=\"index, follow, max-snippet:-1, max-image-preview:large, max-video-preview:-1\" \/>\n<link rel=\"canonical\" href=\"https:\/\/dropstop-print.ch\/de\/produit\/standard-folie-hulle-drop-stop\/\" \/>\n<meta property=\"og:locale\" content=\"de_DE\" \/>\n<meta property=\"og:type\" content=\"article\" \/>\n<meta property=\"og:title\" content=\"Personalisieren Sie Standard Drop Stops mit Tasche|Niedriger Preis\" \/>\n<meta property=\"og:description\" content=\"Um Drop Stops als Geschenke anzubieten, schlagen wir Ihnen vor, sie zu personalisieren, was das Geschenk f\u00fcr einen Weinliebhaber noch einzigartiger macht.\" \/>\n<meta property=\"og:url\" content=\"https:\/\/dropstop-print.ch\/de\/produit\/standard-folie-hulle-drop-stop\/\" \/>\n<meta property=\"og:site_name\" content=\"DropStop Print\" \/>\n<meta property=\"article:publisher\" content=\"https:\/\/fb.me\/dropstopprint\" \/>\n<meta property=\"article:modified_time\" content=\"2025-09-10T08:17:17+00:00\" \/>\n<meta property=\"og:image\" content=\"https:\/\/dropstop-print.ch\/wp-content\/uploads\/2023\/01\/dropstop_ensemble-2-jpg.webp\" \/>\n\t<meta property=\"og:image:width\" content=\"1500\" \/>\n\t<meta property=\"og:image:height\" content=\"1500\" \/>\n\t<meta property=\"og:image:type\" content=\"image\/jpeg\" \/>\n<meta name=\"twitter:card\" content=\"summary_large_image\" \/>\n<meta name=\"twitter:label1\" content=\"Gesch\u00e4tzte Lesezeit\" \/>\n\t<meta name=\"twitter:data1\" content=\"1\u00a0Minute\" \/>\n<script type=\"application\/ld+json\" class=\"yoast-schema-graph\">{\"@context\":\"https:\/\/schema.org\",\"@graph\":[{\"@type\":\"WebPage\",\"@id\":\"https:\/\/dropstop-print.ch\/de\/produit\/standard-folie-hulle-drop-stop\/\",\"url\":\"https:\/\/dropstop-print.ch\/de\/produit\/standard-folie-hulle-drop-stop\/\",\"name\":\"Personalisieren Sie Standard Drop Stops mit Tasche|Niedriger Preis\",\"isPartOf\":{\"@id\":\"https:\/\/dropstop-print.ch\/de\/#website\"},\"primaryImageOfPage\":{\"@id\":\"https:\/\/dropstop-print.ch\/de\/produit\/standard-folie-hulle-drop-stop\/#primaryimage\"},\"image\":{\"@id\":\"https:\/\/dropstop-print.ch\/de\/produit\/standard-folie-hulle-drop-stop\/#primaryimage\"},\"thumbnailUrl\":\"https:\/\/dropstop-print.ch\/wp-content\/uploads\/2023\/01\/dropstop_ensemble-2-jpg.webp\",\"datePublished\":\"2023-01-10T09:40:32+00:00\",\"dateModified\":\"2025-09-10T08:17:17+00:00\",\"description\":\"Um Drop Stops als Geschenke anzubieten, schlagen wir Ihnen vor, sie zu personalisieren, was das Geschenk f\u00fcr einen Weinliebhaber noch einzigartiger macht.\",\"breadcrumb\":{\"@id\":\"https:\/\/dropstop-print.ch\/de\/produit\/standard-folie-hulle-drop-stop\/#breadcrumb\"},\"inLanguage\":\"de\",\"potentialAction\":[{\"@type\":\"ReadAction\",\"target\":[\"https:\/\/dropstop-print.ch\/de\/produit\/standard-folie-hulle-drop-stop\/\"]}]},{\"@type\":\"ImageObject\",\"inLanguage\":\"de\",\"@id\":\"https:\/\/dropstop-print.ch\/de\/produit\/standard-folie-hulle-drop-stop\/#primaryimage\",\"url\":\"https:\/\/dropstop-print.ch\/wp-content\/uploads\/2023\/01\/dropstop_ensemble-2-jpg.webp\",\"contentUrl\":\"https:\/\/dropstop-print.ch\/wp-content\/uploads\/2023\/01\/dropstop_ensemble-2-jpg.webp\",\"width\":1500,\"height\":1500},{\"@type\":\"BreadcrumbList\",\"@id\":\"https:\/\/dropstop-print.ch\/de\/produit\/standard-folie-hulle-drop-stop\/#breadcrumb\",\"itemListElement\":[{\"@type\":\"ListItem\",\"position\":1,\"name\":\"Startseite\",\"item\":\"https:\/\/dropstop-print.ch\/de\/individueller-dropstop-hochwertiger-druckservice\/\"},{\"@type\":\"ListItem\",\"position\":2,\"name\":\"Boutique\",\"item\":\"https:\/\/dropstop-print.ch\/de\/Laden\/\"},{\"@type\":\"ListItem\",\"position\":3,\"name\":\"Individueller DropStop Standard (Zellophanh\u00fclle)\"}]},{\"@type\":\"WebSite\",\"@id\":\"https:\/\/dropstop-print.ch\/de\/#website\",\"url\":\"https:\/\/dropstop-print.ch\/de\/\",\"name\":\"DropStop Print\",\"description\":\"Impression personnalis\u00e9e de Drop Stop\",\"publisher\":{\"@id\":\"https:\/\/dropstop-print.ch\/de\/#organization\"},\"potentialAction\":[{\"@type\":\"SearchAction\",\"target\":{\"@type\":\"EntryPoint\",\"urlTemplate\":\"https:\/\/dropstop-print.ch\/de\/?s={search_term_string}\"},\"query-input\":{\"@type\":\"PropertyValueSpecification\",\"valueRequired\":true,\"valueName\":\"search_term_string\"}}],\"inLanguage\":\"de\"},{\"@type\":\"Organization\",\"@id\":\"https:\/\/dropstop-print.ch\/de\/#organization\",\"name\":\"DropStop Print\",\"url\":\"https:\/\/dropstop-print.ch\/de\/\",\"logo\":{\"@type\":\"ImageObject\",\"inLanguage\":\"de\",\"@id\":\"https:\/\/dropstop-print.ch\/de\/#\/schema\/logo\/image\/\",\"url\":\"https:\/\/dropstop-print.ch\/wp-content\/uploads\/2022\/12\/logo-1.png\",\"contentUrl\":\"https:\/\/dropstop-print.ch\/wp-content\/uploads\/2022\/12\/logo-1.png\",\"width\":751,\"height\":306,\"caption\":\"DropStop Print\"},\"image\":{\"@id\":\"https:\/\/dropstop-print.ch\/de\/#\/schema\/logo\/image\/\"},\"sameAs\":[\"https:\/\/fb.me\/dropstopprint\"]}]}<\/script>\n<!-- \/ Yoast SEO plugin. -->","yoast_head_json":{"title":"Personalisieren Sie Standard Drop Stops mit Tasche|Niedriger Preis","description":"Um Drop Stops als Geschenke anzubieten, schlagen wir Ihnen vor, sie zu personalisieren, was das Geschenk f\u00fcr einen Weinliebhaber noch einzigartiger macht.","robots":{"index":"index","follow":"follow","max-snippet":"max-snippet:-1","max-image-preview":"max-image-preview:large","max-video-preview":"max-video-preview:-1"},"canonical":"https:\/\/dropstop-print.ch\/de\/produit\/standard-folie-hulle-drop-stop\/","og_locale":"de_DE","og_type":"article","og_title":"Personalisieren Sie Standard Drop Stops mit Tasche|Niedriger Preis","og_description":"Um Drop Stops als Geschenke anzubieten, schlagen wir Ihnen vor, sie zu personalisieren, was das Geschenk f\u00fcr einen Weinliebhaber noch einzigartiger macht.","og_url":"https:\/\/dropstop-print.ch\/de\/produit\/standard-folie-hulle-drop-stop\/","og_site_name":"DropStop Print","article_publisher":"https:\/\/fb.me\/dropstopprint","article_modified_time":"2025-09-10T08:17:17+00:00","og_image":[{"width":1500,"height":1500,"url":"https:\/\/dropstop-print.ch\/wp-content\/uploads\/2023\/01\/dropstop_ensemble-2-jpg.webp","type":"image\/jpeg"}],"twitter_card":"summary_large_image","twitter_misc":{"Gesch\u00e4tzte Lesezeit":"1\u00a0Minute"},"schema":{"@context":"https:\/\/schema.org","@graph":[{"@type":"WebPage","@id":"https:\/\/dropstop-print.ch\/de\/produit\/standard-folie-hulle-drop-stop\/","url":"https:\/\/dropstop-print.ch\/de\/produit\/standard-folie-hulle-drop-stop\/","name":"Personalisieren Sie Standard Drop Stops mit Tasche|Niedriger Preis","isPartOf":{"@id":"https:\/\/dropstop-print.ch\/de\/#website"},"primaryImageOfPage":{"@id":"https:\/\/dropstop-print.ch\/de\/produit\/standard-folie-hulle-drop-stop\/#primaryimage"},"image":{"@id":"https:\/\/dropstop-print.ch\/de\/produit\/standard-folie-hulle-drop-stop\/#primaryimage"},"thumbnailUrl":"https:\/\/dropstop-print.ch\/wp-content\/uploads\/2023\/01\/dropstop_ensemble-2-jpg.webp","datePublished":"2023-01-10T09:40:32+00:00","dateModified":"2025-09-10T08:17:17+00:00","description":"Um Drop Stops als Geschenke anzubieten, schlagen wir Ihnen vor, sie zu personalisieren, was das Geschenk f\u00fcr einen Weinliebhaber noch einzigartiger macht.","breadcrumb":{"@id":"https:\/\/dropstop-print.ch\/de\/produit\/standard-folie-hulle-drop-stop\/#breadcrumb"},"inLanguage":"de","potentialAction":[{"@type":"ReadAction","target":["https:\/\/dropstop-print.ch\/de\/produit\/standard-folie-hulle-drop-stop\/"]}]},{"@type":"ImageObject","inLanguage":"de","@id":"https:\/\/dropstop-print.ch\/de\/produit\/standard-folie-hulle-drop-stop\/#primaryimage","url":"https:\/\/dropstop-print.ch\/wp-content\/uploads\/2023\/01\/dropstop_ensemble-2-jpg.webp","contentUrl":"https:\/\/dropstop-print.ch\/wp-content\/uploads\/2023\/01\/dropstop_ensemble-2-jpg.webp","width":1500,"height":1500},{"@type":"BreadcrumbList","@id":"https:\/\/dropstop-print.ch\/de\/produit\/standard-folie-hulle-drop-stop\/#breadcrumb","itemListElement":[{"@type":"ListItem","position":1,"name":"Startseite","item":"https:\/\/dropstop-print.ch\/de\/individueller-dropstop-hochwertiger-druckservice\/"},{"@type":"ListItem","position":2,"name":"Boutique","item":"https:\/\/dropstop-print.ch\/de\/Laden\/"},{"@type":"ListItem","position":3,"name":"Individueller DropStop Standard (Zellophanh\u00fclle)"}]},{"@type":"WebSite","@id":"https:\/\/dropstop-print.ch\/de\/#website","url":"https:\/\/dropstop-print.ch\/de\/","name":"DropStop Print","description":"Impression personnalis\u00e9e de Drop Stop","publisher":{"@id":"https:\/\/dropstop-print.ch\/de\/#organization"},"potentialAction":[{"@type":"SearchAction","target":{"@type":"EntryPoint","urlTemplate":"https:\/\/dropstop-print.ch\/de\/?s={search_term_string}"},"query-input":{"@type":"PropertyValueSpecification","valueRequired":true,"valueName":"search_term_string"}}],"inLanguage":"de"},{"@type":"Organization","@id":"https:\/\/dropstop-print.ch\/de\/#organization","name":"DropStop Print","url":"https:\/\/dropstop-print.ch\/de\/","logo":{"@type":"ImageObject","inLanguage":"de","@id":"https:\/\/dropstop-print.ch\/de\/#\/schema\/logo\/image\/","url":"https:\/\/dropstop-print.ch\/wp-content\/uploads\/2022\/12\/logo-1.png","contentUrl":"https:\/\/dropstop-print.ch\/wp-content\/uploads\/2022\/12\/logo-1.png","width":751,"height":306,"caption":"DropStop Print"},"image":{"@id":"https:\/\/dropstop-print.ch\/de\/#\/schema\/logo\/image\/"},"sameAs":["https:\/\/fb.me\/dropstopprint"]}]}},"_links":{"self":[{"href":"https:\/\/dropstop-print.ch\/de\/wp-json\/wp\/v2\/product\/30460","targetHints":{"allow":["GET"]}}],"collection":[{"href":"https:\/\/dropstop-print.ch\/de\/wp-json\/wp\/v2\/product"}],"about":[{"href":"https:\/\/dropstop-print.ch\/de\/wp-json\/wp\/v2\/types\/product"}],"replies":[{"embeddable":true,"href":"https:\/\/dropstop-print.ch\/de\/wp-json\/wp\/v2\/comments?post=30460"}],"wp:featuredmedia":[{"embeddable":true,"href":"https:\/\/dropstop-print.ch\/de\/wp-json\/wp\/v2\/media\/31318"}],"wp:attachment":[{"href":"https:\/\/dropstop-print.ch\/de\/wp-json\/wp\/v2\/media?parent=30460"}],"wp:term":[{"taxonomy":"product_brand","embeddable":true,"href":"https:\/\/dropstop-print.ch\/de\/wp-json\/wp\/v2\/product_brand?post=30460"},{"taxonomy":"product_cat","embeddable":true,"href":"https:\/\/dropstop-print.ch\/de\/wp-json\/wp\/v2\/product_cat?post=30460"},{"taxonomy":"product_tag","embeddable":true,"href":"https:\/\/dropstop-print.ch\/de\/wp-json\/wp\/v2\/product_tag?post=30460"}],"curies":[{"name":"wp","href":"https:\/\/api.w.org\/{rel}","templated":true}]}}