{"id":31953,"date":"2024-01-25T15:32:05","date_gmt":"2024-01-25T14:32:05","guid":{"rendered":"https:\/\/beta.dropstop-print.ch\/wie-gestaltet-man-einen-individuellen-tropfenstopper\/"},"modified":"2024-08-28T16:09:37","modified_gmt":"2024-08-28T14:09:37","slug":"wie-gestaltet-man-einen-individuellen-tropfenstopper","status":"publish","type":"page","link":"https:\/\/dropstop-print.ch\/de\/wie-gestaltet-man-einen-individuellen-tropfenstopper\/","title":{"rendered":"Wie gestaltet man einen individuellen Tropfenstopper?"},"content":{"rendered":"\n<p>Die individuelle Gestaltung Ihres Tropfenstoppers ist ein Spiegelbild Ihrer Identit\u00e4t oder der Ihres Unternehmens. Hier erfahren Sie also Schritt f\u00fcr Schritt, wie Sie Ihre Idee in die Realit\u00e4t umsetzen k\u00f6nnen. <\/p>\n\n<ol class=\"wp-block-list\" start=\"1\">\n<li><strong>W\u00e4hlen Sie auf der Website Ihr Modell aus<\/strong>: klassisch in Cellophan, luxuri\u00f6s in einer Tasche oder mit Flaschenhalter. Jede Option bietet einen einzigartigen Stil, der so gestaltet ist, dass er sich Ihren speziellen Bed\u00fcrfnissen anpasst. <\/li>\n\n\n\n<li><strong>W\u00e4hlen Sie die gew\u00fcnschte Menge aus<\/strong>. Egal, ob es sich um eine kleine, intime Veranstaltung oder einen gro\u00dfen Anlass handelt, wir erf\u00fcllen alle W\u00fcnsche. <\/li>\n\n\n\n<li><strong>\u00dcbertragen Sie Ihr Bildmaterial oder Logo<\/strong>. Ihre Marke oder Ihre Botschaft verdient es, gesehen zu werden, und wie k\u00f6nnte man sie besser verbreiten als mit einem Tropfenstopper? <\/li>\n\n\n\n<li><strong>F\u00fcgen Sie es dem Warenkorb hinzu<\/strong>. Ein einfacher, aber wichtiger Schritt, um Ihr Projekt zu konkretisieren. <\/li>\n\n\n\n<li><strong>Option<\/strong>: Geben Sie uns einige Details zu Ihrem Bildmaterial an. Je mehr wir wissen, desto besser k\u00f6nnen wir auf Ihre Erwartungen eingehen. <\/li>\n\n\n\n<li><strong>Fahren Sie mit der Bestellung fort<\/strong>. Ein aufregender Moment, denn Ihr Projekt nimmt nun Gestalt an. <\/li>\n\n\n\n<li><strong>Nach Erhalt beginnen wir mit der Gestaltung Ihres Visuals<\/strong>. Unser Team setzt sein ganzes K\u00f6nnen ein, damit das Ergebnis Ihren Erwartungen entspricht. <\/li>\n\n\n\n<li><strong>Wir schicken Ihnen eine Druckfreigabe<\/strong>, um Ihr Bild zu best\u00e4tigen. Es ist Ihr Werk und wir m\u00f6chten sicherstellen, dass es perfekt ist. <\/li>\n\n\n\n<li><strong>Das Bildmaterial wird freigegeben<\/strong> : Ihre Dropstops gehen in den Druck. Hier beginnt die Magie der Verarbeitung. <\/li>\n\n\n\n<li><strong>Ihre personalisierten Drops Stops werden gedruckt<\/strong>, sorgf\u00e4ltig verpackt und zu Ihnen nach Hause geschickt. Jeder Schritt wird mit gr\u00f6\u00dfter Sorgfalt ausgef\u00fchrt. <\/li>\n\n\n\n<li><strong>Prost!<\/strong> Feiern Sie Ihren Erfolg mit einem Produkt, das ganz auf Sie zugeschnitten ist.<\/li>\n<\/ol>\n\n<div class=\"wp-block-columns is-layout-flex wp-container-core-columns-is-layout-9d6595d7 wp-block-columns-is-layout-flex\">\n<div class=\"wp-block-column is-layout-flow wp-block-column-is-layout-flow\"><div data-block-name=\"woocommerce\/featured-product\" data-dim-ratio=\"60\" data-edit-mode=\"false\" data-image-fit=\"cover\" data-overlay-color=\"#ffffff\" data-product-id=\"30476\" data-show-desc=\"false\" data-style=\"{&quot;elements&quot;:{&quot;link&quot;:{&quot;color&quot;:{&quot;text&quot;:&quot;var:preset|color|black&quot;}}}}\" data-text-color=\"black\" class=\"wc-block-featured-product alignnone has-background-dim has-background-dim-60 has-text-color has-black-color wp-elements-c1d49dfa93fb305b659fcc3e0fb512ea wp-block-woocommerce-featured-product\" style=\"min-height:500px;\"><div class=\"wc-block-featured-product__wrapper\"><div class=\"background-dim__overlay\" style=\"background-color: #ffffff\"><\/div><img decoding=\"async\" alt=\"Drop Stop &quot;Luxe&quot; mit personalisierter 2-teiliger Tasche\" class=\"wc-block-featured-product__background-image\" src=\"https:\/\/dropstop-print.ch\/wp-content\/uploads\/2023\/01\/lux_dropstop-1-1024x1024.webp\" style=\"object-fit: cover;object-position: 50% 50%;\" \/><h2 class=\"wc-block-featured-product__title\">Drop Stop &#8222;Luxe&#8220; mit personalisierter 2-teiliger Tasche<\/h2><div class=\"wc-block-featured-product__price\"><span class=\"woocommerce-Price-amount amount\" aria-hidden=\"true\"><span class=\"woocommerce-Price-currencySymbol\">&#067;&#072;&#070;<\/span>&nbsp;925.00<\/span> <span aria-hidden=\"true\"> \u2013 <\/span> <span class=\"woocommerce-Price-amount amount\" aria-hidden=\"true\"><span class=\"woocommerce-Price-currencySymbol\">&#067;&#072;&#070;<\/span>&nbsp;3&#8217;075.00<\/span><span class=\"screen-reader-text\">Preisspanne: &#067;&#072;&#070;&nbsp;925.00 bis &#067;&#072;&#070;&nbsp;3&#8217;075.00<\/span><\/div><div class=\"wc-block-featured-product__inner-blocks\">\n\n<div class=\"wp-block-buttons is-content-justification-center is-layout-flex wp-container-core-buttons-is-layout-16018d1d wp-block-buttons-is-layout-flex\">\n<div class=\"wp-block-button\"><a class=\"wp-block-button__link wp-element-button\" href=\"https:\/\/dropstop-print.ch\/de\/produkt\/luxus-drop-stop-mit-personalisierter-zweifaltiger-hulle\/\">Jetzt kaufen<\/a><\/div>\n<\/div>\n\n<\/div><\/div><\/div><\/div>\n\n\n\n<div class=\"wp-block-column is-layout-flow wp-block-column-is-layout-flow\"><div data-block-name=\"woocommerce\/featured-product\" data-dim-ratio=\"60\" data-edit-mode=\"false\" data-image-fit=\"cover\" data-overlay-color=\"#ffffff\" data-product-id=\"30490\" data-show-desc=\"false\" data-style=\"{&quot;elements&quot;:{&quot;link&quot;:{&quot;color&quot;:{&quot;text&quot;:&quot;var:preset|color|black&quot;}}}}\" data-text-color=\"black\" class=\"wc-block-featured-product alignnone has-background-dim has-background-dim-60 has-text-color has-black-color wp-elements-c8de3288f0f573d888d0feaab2238126 wp-block-woocommerce-featured-product\" style=\"min-height:500px;\"><div class=\"wc-block-featured-product__wrapper\"><div class=\"background-dim__overlay\" style=\"background-color: #ffffff\"><\/div><img decoding=\"async\" alt=\"Drop Stop mit Flaschenhalter\" class=\"wc-block-featured-product__background-image\" src=\"https:\/\/dropstop-print.ch\/wp-content\/uploads\/2023\/04\/support-bouteil_dropstop-1024x1024.png\" style=\"object-fit: cover;object-position: 50% 50%;\" \/><h2 class=\"wc-block-featured-product__title\">Drop Stop mit Flaschenhalter<\/h2><div class=\"wc-block-featured-product__price\"><span class=\"woocommerce-Price-amount amount\" aria-hidden=\"true\"><span class=\"woocommerce-Price-currencySymbol\">&#067;&#072;&#070;<\/span>&nbsp;975.00<\/span> <span aria-hidden=\"true\"> \u2013 <\/span> <span class=\"woocommerce-Price-amount amount\" aria-hidden=\"true\"><span class=\"woocommerce-Price-currencySymbol\">&#067;&#072;&#070;<\/span>&nbsp;1&#8217;575.00<\/span><span class=\"screen-reader-text\">Preisspanne: &#067;&#072;&#070;&nbsp;975.00 bis &#067;&#072;&#070;&nbsp;1&#8217;575.00<\/span><\/div><div class=\"wc-block-featured-product__inner-blocks\">\n\n<div class=\"wp-block-buttons is-content-justification-center is-layout-flex wp-container-core-buttons-is-layout-16018d1d wp-block-buttons-is-layout-flex\">\n<div class=\"wp-block-button\"><a class=\"wp-block-button__link wp-element-button\" href=\"https:\/\/dropstop-print.ch\/de\/produkt\/drop-stop-mit-flaschenhalter\/\">Jetzt kaufen<\/a><\/div>\n<\/div>\n\n<\/div><\/div><\/div><\/div>\n\n\n\n<div class=\"wp-block-column is-layout-flow wp-block-column-is-layout-flow\"><div data-block-name=\"woocommerce\/featured-product\" data-dim-ratio=\"60\" data-edit-mode=\"false\" data-image-fit=\"cover\" data-overlay-color=\"#ffffff\" data-product-id=\"30460\" data-show-desc=\"false\" data-style=\"{&quot;elements&quot;:{&quot;link&quot;:{&quot;color&quot;:{&quot;text&quot;:&quot;var:preset|color|black&quot;}}}}\" data-text-color=\"black\" class=\"wc-block-featured-product alignnone has-background-dim has-background-dim-60 has-text-color has-black-color wp-elements-1c5cc1f6a0ef704fa70214feeef19700 wp-block-woocommerce-featured-product\" style=\"min-height:500px;\"><div class=\"wc-block-featured-product__wrapper\"><div class=\"background-dim__overlay\" style=\"background-color: #ffffff\"><\/div><img decoding=\"async\" alt=\"Individueller DropStop Standard (Zellophanh\u00fclle)\" class=\"wc-block-featured-product__background-image\" src=\"https:\/\/dropstop-print.ch\/wp-content\/uploads\/2023\/01\/dropstop_ensemble-2-1024x1024.webp\" style=\"object-fit: cover;object-position: 50% 50%;\" \/><h2 class=\"wc-block-featured-product__title\">Individueller DropStop Standard (Zellophanh\u00fclle)<\/h2><div class=\"wc-block-featured-product__price\"><span class=\"woocommerce-Price-amount amount\" aria-hidden=\"true\"><span class=\"woocommerce-Price-currencySymbol\">&#067;&#072;&#070;<\/span>&nbsp;225.00<\/span> <span aria-hidden=\"true\"> \u2013 <\/span> <span class=\"woocommerce-Price-amount amount\" aria-hidden=\"true\"><span class=\"woocommerce-Price-currencySymbol\">&#067;&#072;&#070;<\/span>&nbsp;1&#8217;875.00<\/span><span class=\"screen-reader-text\">Preisspanne: &#067;&#072;&#070;&nbsp;225.00 bis &#067;&#072;&#070;&nbsp;1&#8217;875.00<\/span><\/div><div class=\"wc-block-featured-product__inner-blocks\">\n\n<div class=\"wp-block-buttons is-content-justification-center is-layout-flex wp-container-core-buttons-is-layout-16018d1d wp-block-buttons-is-layout-flex\">\n<div class=\"wp-block-button\"><a class=\"wp-block-button__link wp-element-button\" href=\"https:\/\/dropstop-print.ch\/de\/produkt\/standard-folie-hulle-drop-stop\/\">Jetzt kaufen<\/a><\/div>\n<\/div>\n\n<\/div><\/div><\/div><\/div>\n<\/div>\n\n<div style=\"height:50px\" aria-hidden=\"true\" class=\"wp-block-spacer\"><\/div>\n\n<h2 class=\"wp-block-heading\">Ihr Bildmaterial f\u00fcr Ihre personalisierten Drop Stops<\/h2>\n\n<p>Wir wissen, dass das Visuelle das Herzst\u00fcck Ihres <strong>individuellen Tropfenstoppers<\/strong> ist. Hier erfahren Sie, wie wir bei der Umsetzung zusammenarbeiten k\u00f6nnen : <\/p>\n\n<ol class=\"wp-block-list\" start=\"1\">\n<li><strong>Sie wissen, was Sie wollen<\/strong>: Geben Sie die Datei weiter, erz\u00e4hlen Sie uns von Ihren W\u00fcnschen. Wir sind hier, um Ihre Vision zu verwirklichen. <\/li>\n\n\n\n<li><strong>Haben Sie keine Idee?<\/strong> Lassen Sie unseren Designern freien Lauf. Sie sind Experten in Sachen Gestaltung und werden auch Ihre verschwommensten Konzepte zum Leben erwecken. <\/li>\n<\/ol>\n\n<p>Jede Vorlage wird vor dem Druck von Ihnen freigegeben. Wir \u00fcberlassen nichts dem Zufall und Ihre Zufriedenheit ist unsere oberste Priorit\u00e4t. <\/p>\n\n<h2 class=\"wp-block-heading\">Was ist ein Tropfenstopp?<\/h2>\n\n<p>Ein <strong>Tropfenstopper<\/strong>, der oft verkannt wird, ist ein <strong>unverzichtbares Accessoire f\u00fcr Weinliebhaber<\/strong>. Er verhindert, dass Tropfen auf das Tischtuch oder das Etikett der Flasche gelangen und verleiht Ihrer Weinprobe einen Hauch von Eleganz und Sauberkeit. <\/p>\n\n<p>Aber wir bei Dropstop-print.ch denken weiter: Es ist auch ein <strong>Kommunikationsmittel<\/strong>, ein Objekt, das Ihr Image oder das Image Ihres Unternehmens vermittelt. Deshalb setzen wir uns daf\u00fcr ein, dass unsere Dropstops nicht nur funktional, sondern auch \u00e4sthetisch ansprechend sind und nach Ihren W\u00fcnschen personalisiert werden. <\/p>\n","protected":false},"excerpt":{"rendered":"<p>Die individuelle Gestaltung Ihres Tropfenstoppers ist ein Spiegelbild Ihrer Identit\u00e4t oder der Ihres Unternehmens. Hier erfahren Sie also Schritt f\u00fcr Schritt, wie Sie Ihre Idee in die Realit\u00e4t umsetzen k\u00f6nnen. Ihr Bildmaterial f\u00fcr Ihre personalisierten Drop Stops Wir wissen, dass das Visuelle das Herzst\u00fcck Ihres individuellen Tropfenstoppers ist. Hier erfahren Sie, wie wir bei der [&hellip;]<\/p>\n","protected":false},"author":2,"featured_media":31213,"parent":0,"menu_order":0,"comment_status":"closed","ping_status":"closed","template":"","meta":{"inline_featured_image":false,"footnotes":""},"class_list":["post-31953","page","type-page","status-publish","has-post-thumbnail","hentry"],"yoast_head":"<!-- This site is optimized with the Yoast SEO plugin v27.4 - https:\/\/yoast.com\/product\/yoast-seo-wordpress\/ -->\n<title>Personalisieren Sie Ihren Tropf-Stopp: Ein umfassender Leitfaden<\/title>\n<meta name=\"robots\" content=\"index, follow, max-snippet:-1, max-image-preview:large, max-video-preview:-1\" \/>\n<link rel=\"canonical\" href=\"https:\/\/dropstop-print.ch\/de\/wie-gestaltet-man-einen-individuellen-tropfenstopper\/\" \/>\n<meta property=\"og:locale\" content=\"de_DE\" \/>\n<meta property=\"og:type\" content=\"article\" \/>\n<meta property=\"og:title\" content=\"Personalisieren Sie Ihren Tropf-Stopp: Ein umfassender Leitfaden\" \/>\n<meta property=\"og:description\" content=\"Die individuelle Gestaltung Ihres Tropfenstoppers ist ein Spiegelbild Ihrer Identit\u00e4t oder der Ihres Unternehmens. Hier erfahren Sie also Schritt f\u00fcr Schritt, wie Sie Ihre Idee in die Realit\u00e4t umsetzen k\u00f6nnen. Ihr Bildmaterial f\u00fcr Ihre personalisierten Drop Stops Wir wissen, dass das Visuelle das Herzst\u00fcck Ihres individuellen Tropfenstoppers ist. Hier erfahren Sie, wie wir bei der [&hellip;]\" \/>\n<meta property=\"og:url\" content=\"https:\/\/dropstop-print.ch\/de\/wie-gestaltet-man-einen-individuellen-tropfenstopper\/\" \/>\n<meta property=\"og:site_name\" content=\"DropStop Print\" \/>\n<meta property=\"article:publisher\" content=\"https:\/\/fb.me\/dropstopprint\" \/>\n<meta property=\"article:modified_time\" content=\"2024-08-28T14:09:37+00:00\" \/>\n<meta property=\"og:image\" content=\"https:\/\/dropstop-print.ch\/wp-content\/uploads\/2023\/11\/slider_background_lux-jpg-webp.webp\" \/>\n\t<meta property=\"og:image:width\" content=\"2400\" \/>\n\t<meta property=\"og:image:height\" content=\"945\" \/>\n\t<meta property=\"og:image:type\" content=\"image\/jpeg\" \/>\n<meta name=\"twitter:card\" content=\"summary_large_image\" \/>\n<meta name=\"twitter:label1\" content=\"Gesch\u00e4tzte Lesezeit\" \/>\n\t<meta name=\"twitter:data1\" content=\"2\u00a0Minuten\" \/>\n<script type=\"application\/ld+json\" class=\"yoast-schema-graph\">{\"@context\":\"https:\\\/\\\/schema.org\",\"@graph\":[{\"@type\":\"WebPage\",\"@id\":\"https:\\\/\\\/dropstop-print.ch\\\/de\\\/wie-gestaltet-man-einen-individuellen-tropfenstopper\\\/\",\"url\":\"https:\\\/\\\/dropstop-print.ch\\\/de\\\/wie-gestaltet-man-einen-individuellen-tropfenstopper\\\/\",\"name\":\"Personalisieren Sie Ihren Tropf-Stopp: Ein umfassender Leitfaden\",\"isPartOf\":{\"@id\":\"https:\\\/\\\/dropstop-print.ch\\\/de\\\/#website\"},\"primaryImageOfPage\":{\"@id\":\"https:\\\/\\\/dropstop-print.ch\\\/de\\\/wie-gestaltet-man-einen-individuellen-tropfenstopper\\\/#primaryimage\"},\"image\":{\"@id\":\"https:\\\/\\\/dropstop-print.ch\\\/de\\\/wie-gestaltet-man-einen-individuellen-tropfenstopper\\\/#primaryimage\"},\"thumbnailUrl\":\"https:\\\/\\\/dropstop-print.ch\\\/wp-content\\\/uploads\\\/2023\\\/11\\\/slider_background_lux-jpg-webp.webp\",\"datePublished\":\"2024-01-25T14:32:05+00:00\",\"dateModified\":\"2024-08-28T14:09:37+00:00\",\"breadcrumb\":{\"@id\":\"https:\\\/\\\/dropstop-print.ch\\\/de\\\/wie-gestaltet-man-einen-individuellen-tropfenstopper\\\/#breadcrumb\"},\"inLanguage\":\"de\",\"potentialAction\":[{\"@type\":\"ReadAction\",\"target\":[\"https:\\\/\\\/dropstop-print.ch\\\/de\\\/wie-gestaltet-man-einen-individuellen-tropfenstopper\\\/\"]}]},{\"@type\":\"ImageObject\",\"inLanguage\":\"de\",\"@id\":\"https:\\\/\\\/dropstop-print.ch\\\/de\\\/wie-gestaltet-man-einen-individuellen-tropfenstopper\\\/#primaryimage\",\"url\":\"https:\\\/\\\/dropstop-print.ch\\\/wp-content\\\/uploads\\\/2023\\\/11\\\/slider_background_lux-jpg-webp.webp\",\"contentUrl\":\"https:\\\/\\\/dropstop-print.ch\\\/wp-content\\\/uploads\\\/2023\\\/11\\\/slider_background_lux-jpg-webp.webp\",\"width\":2400,\"height\":945},{\"@type\":\"BreadcrumbList\",\"@id\":\"https:\\\/\\\/dropstop-print.ch\\\/de\\\/wie-gestaltet-man-einen-individuellen-tropfenstopper\\\/#breadcrumb\",\"itemListElement\":[{\"@type\":\"ListItem\",\"position\":1,\"name\":\"Startseite\",\"item\":\"https:\\\/\\\/dropstop-print.ch\\\/de\\\/\"},{\"@type\":\"ListItem\",\"position\":2,\"name\":\"Wie gestaltet man einen individuellen Tropfenstopper?\"}]},{\"@type\":\"WebSite\",\"@id\":\"https:\\\/\\\/dropstop-print.ch\\\/de\\\/#website\",\"url\":\"https:\\\/\\\/dropstop-print.ch\\\/de\\\/\",\"name\":\"DropStop Print\",\"description\":\"Impression personnalis\u00e9e de Drop Stop\",\"publisher\":{\"@id\":\"https:\\\/\\\/dropstop-print.ch\\\/de\\\/#organization\"},\"potentialAction\":[{\"@type\":\"SearchAction\",\"target\":{\"@type\":\"EntryPoint\",\"urlTemplate\":\"https:\\\/\\\/dropstop-print.ch\\\/de\\\/?s={search_term_string}\"},\"query-input\":{\"@type\":\"PropertyValueSpecification\",\"valueRequired\":true,\"valueName\":\"search_term_string\"}}],\"inLanguage\":\"de\"},{\"@type\":\"Organization\",\"@id\":\"https:\\\/\\\/dropstop-print.ch\\\/de\\\/#organization\",\"name\":\"DropStop Print\",\"url\":\"https:\\\/\\\/dropstop-print.ch\\\/de\\\/\",\"logo\":{\"@type\":\"ImageObject\",\"inLanguage\":\"de\",\"@id\":\"https:\\\/\\\/dropstop-print.ch\\\/de\\\/#\\\/schema\\\/logo\\\/image\\\/\",\"url\":\"https:\\\/\\\/dropstop-print.ch\\\/wp-content\\\/uploads\\\/2022\\\/12\\\/logo-1.png\",\"contentUrl\":\"https:\\\/\\\/dropstop-print.ch\\\/wp-content\\\/uploads\\\/2022\\\/12\\\/logo-1.png\",\"width\":751,\"height\":306,\"caption\":\"DropStop Print\"},\"image\":{\"@id\":\"https:\\\/\\\/dropstop-print.ch\\\/de\\\/#\\\/schema\\\/logo\\\/image\\\/\"},\"sameAs\":[\"https:\\\/\\\/fb.me\\\/dropstopprint\"]}]}<\/script>\n<!-- \/ Yoast SEO plugin. -->","yoast_head_json":{"title":"Personalisieren Sie Ihren Tropf-Stopp: Ein umfassender Leitfaden","robots":{"index":"index","follow":"follow","max-snippet":"max-snippet:-1","max-image-preview":"max-image-preview:large","max-video-preview":"max-video-preview:-1"},"canonical":"https:\/\/dropstop-print.ch\/de\/wie-gestaltet-man-einen-individuellen-tropfenstopper\/","og_locale":"de_DE","og_type":"article","og_title":"Personalisieren Sie Ihren Tropf-Stopp: Ein umfassender Leitfaden","og_description":"Die individuelle Gestaltung Ihres Tropfenstoppers ist ein Spiegelbild Ihrer Identit\u00e4t oder der Ihres Unternehmens. Hier erfahren Sie also Schritt f\u00fcr Schritt, wie Sie Ihre Idee in die Realit\u00e4t umsetzen k\u00f6nnen. Ihr Bildmaterial f\u00fcr Ihre personalisierten Drop Stops Wir wissen, dass das Visuelle das Herzst\u00fcck Ihres individuellen Tropfenstoppers ist. Hier erfahren Sie, wie wir bei der [&hellip;]","og_url":"https:\/\/dropstop-print.ch\/de\/wie-gestaltet-man-einen-individuellen-tropfenstopper\/","og_site_name":"DropStop Print","article_publisher":"https:\/\/fb.me\/dropstopprint","article_modified_time":"2024-08-28T14:09:37+00:00","og_image":[{"width":2400,"height":945,"url":"https:\/\/dropstop-print.ch\/wp-content\/uploads\/2023\/11\/slider_background_lux-jpg-webp.webp","type":"image\/jpeg"}],"twitter_card":"summary_large_image","twitter_misc":{"Gesch\u00e4tzte Lesezeit":"2\u00a0Minuten"},"schema":{"@context":"https:\/\/schema.org","@graph":[{"@type":"WebPage","@id":"https:\/\/dropstop-print.ch\/de\/wie-gestaltet-man-einen-individuellen-tropfenstopper\/","url":"https:\/\/dropstop-print.ch\/de\/wie-gestaltet-man-einen-individuellen-tropfenstopper\/","name":"Personalisieren Sie Ihren Tropf-Stopp: Ein umfassender Leitfaden","isPartOf":{"@id":"https:\/\/dropstop-print.ch\/de\/#website"},"primaryImageOfPage":{"@id":"https:\/\/dropstop-print.ch\/de\/wie-gestaltet-man-einen-individuellen-tropfenstopper\/#primaryimage"},"image":{"@id":"https:\/\/dropstop-print.ch\/de\/wie-gestaltet-man-einen-individuellen-tropfenstopper\/#primaryimage"},"thumbnailUrl":"https:\/\/dropstop-print.ch\/wp-content\/uploads\/2023\/11\/slider_background_lux-jpg-webp.webp","datePublished":"2024-01-25T14:32:05+00:00","dateModified":"2024-08-28T14:09:37+00:00","breadcrumb":{"@id":"https:\/\/dropstop-print.ch\/de\/wie-gestaltet-man-einen-individuellen-tropfenstopper\/#breadcrumb"},"inLanguage":"de","potentialAction":[{"@type":"ReadAction","target":["https:\/\/dropstop-print.ch\/de\/wie-gestaltet-man-einen-individuellen-tropfenstopper\/"]}]},{"@type":"ImageObject","inLanguage":"de","@id":"https:\/\/dropstop-print.ch\/de\/wie-gestaltet-man-einen-individuellen-tropfenstopper\/#primaryimage","url":"https:\/\/dropstop-print.ch\/wp-content\/uploads\/2023\/11\/slider_background_lux-jpg-webp.webp","contentUrl":"https:\/\/dropstop-print.ch\/wp-content\/uploads\/2023\/11\/slider_background_lux-jpg-webp.webp","width":2400,"height":945},{"@type":"BreadcrumbList","@id":"https:\/\/dropstop-print.ch\/de\/wie-gestaltet-man-einen-individuellen-tropfenstopper\/#breadcrumb","itemListElement":[{"@type":"ListItem","position":1,"name":"Startseite","item":"https:\/\/dropstop-print.ch\/de\/"},{"@type":"ListItem","position":2,"name":"Wie gestaltet man einen individuellen Tropfenstopper?"}]},{"@type":"WebSite","@id":"https:\/\/dropstop-print.ch\/de\/#website","url":"https:\/\/dropstop-print.ch\/de\/","name":"DropStop Print","description":"Impression personnalis\u00e9e de Drop Stop","publisher":{"@id":"https:\/\/dropstop-print.ch\/de\/#organization"},"potentialAction":[{"@type":"SearchAction","target":{"@type":"EntryPoint","urlTemplate":"https:\/\/dropstop-print.ch\/de\/?s={search_term_string}"},"query-input":{"@type":"PropertyValueSpecification","valueRequired":true,"valueName":"search_term_string"}}],"inLanguage":"de"},{"@type":"Organization","@id":"https:\/\/dropstop-print.ch\/de\/#organization","name":"DropStop Print","url":"https:\/\/dropstop-print.ch\/de\/","logo":{"@type":"ImageObject","inLanguage":"de","@id":"https:\/\/dropstop-print.ch\/de\/#\/schema\/logo\/image\/","url":"https:\/\/dropstop-print.ch\/wp-content\/uploads\/2022\/12\/logo-1.png","contentUrl":"https:\/\/dropstop-print.ch\/wp-content\/uploads\/2022\/12\/logo-1.png","width":751,"height":306,"caption":"DropStop Print"},"image":{"@id":"https:\/\/dropstop-print.ch\/de\/#\/schema\/logo\/image\/"},"sameAs":["https:\/\/fb.me\/dropstopprint"]}]}},"_links":{"self":[{"href":"https:\/\/dropstop-print.ch\/de\/wp-json\/wp\/v2\/pages\/31953","targetHints":{"allow":["GET"]}}],"collection":[{"href":"https:\/\/dropstop-print.ch\/de\/wp-json\/wp\/v2\/pages"}],"about":[{"href":"https:\/\/dropstop-print.ch\/de\/wp-json\/wp\/v2\/types\/page"}],"author":[{"embeddable":true,"href":"https:\/\/dropstop-print.ch\/de\/wp-json\/wp\/v2\/users\/2"}],"replies":[{"embeddable":true,"href":"https:\/\/dropstop-print.ch\/de\/wp-json\/wp\/v2\/comments?post=31953"}],"version-history":[{"count":1,"href":"https:\/\/dropstop-print.ch\/de\/wp-json\/wp\/v2\/pages\/31953\/revisions"}],"predecessor-version":[{"id":31954,"href":"https:\/\/dropstop-print.ch\/de\/wp-json\/wp\/v2\/pages\/31953\/revisions\/31954"}],"wp:featuredmedia":[{"embeddable":true,"href":"https:\/\/dropstop-print.ch\/de\/wp-json\/wp\/v2\/media\/31213"}],"wp:attachment":[{"href":"https:\/\/dropstop-print.ch\/de\/wp-json\/wp\/v2\/media?parent=31953"}],"curies":[{"name":"wp","href":"https:\/\/api.w.org\/{rel}","templated":true}]}}