{"id":31782,"date":"2024-05-01T17:05:12","date_gmt":"2024-05-01T15:05:12","guid":{"rendered":"https:\/\/beta.dropstop-print.ch\/?page_id=31782"},"modified":"2024-05-01T17:05:12","modified_gmt":"2024-05-01T15:05:12","slug":"rechtliche-hinweise-2","status":"publish","type":"page","link":"https:\/\/dropstop-print.ch\/de\/rechtliche-hinweise-2\/","title":{"rendered":"Rechtliche Hinweise"},"content":{"rendered":"\n<h2 class=\"wp-block-heading\">1 &#8211; Bearbeiten der Seite<\/h2>\n\n<p>Gem\u00e4\u00df <a href=\"https:\/\/www.legifrance.gouv.fr\/affichTexte.do?cidTexte=JORFTEXT000000801164#LEGIARTI000042038977\" target=\"_blank\" rel=\"noreferrer noopener\">Artikel 6 des Gesetzes Nr. 2004-575 vom 21. Juni 2004<\/a> \u00fcber das Vertrauen in die digitale Wirtschaft wird den Nutzern der Website <strong>https:\/\/dropstop-print.ch\/<\/strong> die Identit\u00e4t der verschiedenen Akteure im Rahmen der Erstellung und Betreuung der Website mitgeteilt:<\/p>\n\n<p><strong>Website-Inhaber: <\/strong>Einzelfirma &#8211; Torche Webmarketing &#8211; Kontakt: info@dropstop-print.ch +41 24 519 00 31 &#8211; Adresse: Rte de Lausanne 17, 1400 Yverdon-les-Bains.<\/p>\n\n<p><strong>Identifizierung des Unternehmens:<\/strong> Einzelfirma Einzelfirma &#8211; Torche Webmarketing mit einem Stammkapital von \u20ac &#8211; SIREN: CH-550.1.151.006-0 &#8211; RCS oder RM: &#8211; Postadresse: Rte de Lausanne 17, 1400 Yverdon-les-Bains &#8211; <a href=\"https:\/\/dropstop-print.ch\/de\/allgemeine-verkaufsbedingungen\/\">https:\/\/dropstop-print.ch\/conditions-generales-de-vente\/<\/a><\/p>\n\n<p><strong>Leiter der Ver\u00f6ffentlichung: <\/strong>Herv\u00e9 Torche &#8211; Kontakt: info@dropstop-print.ch.<\/p>\n\n<p><strong>Hosting:<\/strong> Infomaniak &#8211; Rue Eug\u00e8ne-Marziano 25, 1227 Genf, Schweiz &#8211; Telefon: +41.22.820.35.44<\/p>\n\n<p><strong>Datenschutzbeauftragter: <\/strong>Herv\u00e9 Torche &#8211; info@dropstop-print.ch<\/p>\n\n<hr class=\"wp-block-separator has-alpha-channel-opacity\"\/>\n\n<h2 class=\"wp-block-heading\">2 &#8211; Geistiges Eigentum und F\u00e4lschungen.<\/h2>\n\n<p><strong>Raison individuelle &#8211; Torche Webmarketing<\/strong> ist Eigent\u00fcmerin der Rechte am geistigen Eigentum und besitzt die Nutzungsrechte f\u00fcr alle auf der Website zug\u00e4nglichen Elemente, insbesondere Texte, Bilder, Grafiken, Logos, Videos, Architektur, Icons und Sounds.<\/p>\n\n<p>Jede Reproduktion, Darstellung, \u00c4nderung, Ver\u00f6ffentlichung und Anpassung aller oder eines Teils der Elemente der Website, unabh\u00e4ngig von den verwendeten Mitteln oder Verfahren, ist untersagt, es sei denn, es liegt eine vorherige schriftliche Genehmigung von <strong>Raison individuelle &#8211; Torche Webmarketing<\/strong> vor.<\/p>\n\n<p>Jede nicht genehmigte Nutzung der Website oder eines ihrer Elemente wird als F\u00e4lschung angesehen und gem\u00e4\u00df den Bestimmungen der Artikel <a href=\"https:\/\/www.legifrance.gouv.fr\/affichCodeArticle.do?idArticle=LEGIARTI000032655082&amp;cidTexte=LEGITEXT000006069414&amp;dateTexte=20160605\" target=\"_blank\" rel=\"noreferrer noopener\">L.335-2 ff. des franz\u00f6sischen Gesetzbuchs \u00fcber geistiges Eigentum (Code de Propri\u00e9t\u00e9 Intellectuelle<\/a>) verfolgt.<\/p>\n\n<hr class=\"wp-block-separator has-alpha-channel-opacity\"\/>\n\n<h2 class=\"wp-block-heading\">3 &#8211; Haftungsbeschr\u00e4nkungen.<\/h2>\n\n<p><strong>Raison individuelle &#8211; Torche Webmarketing<\/strong> haftet nicht f\u00fcr direkte oder indirekte Sch\u00e4den an der Hardware des Nutzers, die beim Zugriff auf die Website <strong>https:\/\/dropstop-print.ch\/<\/strong> entstehen.<\/p>\n\n<p><strong>Raison individuelle &#8211; Torche Webmarketing<\/strong> lehnt jede Verantwortung f\u00fcr die Nutzung der Informationen und Inhalte auf <strong>https:\/\/dropstop-print.ch\/<\/strong> ab.<\/p>\n\n<p><strong>Einzelfirma &#8211; Torche Webmarketing<\/strong> verpflichtet sich, die Website <strong>https:\/\/dropstop-print.ch\/<\/strong> so gut wie m\u00f6glich zu sichern. Dennoch kann sie nicht haftbar gemacht werden, wenn ohne ihr Wissen unerw\u00fcnschte Daten auf ihre Website importiert und dort installiert werden.<\/p>\n\n<p>Interaktive Bereiche (Kontaktbereich oder Kommentare) stehen den Nutzern zur Verf\u00fcgung.  <strong>Raison individuelle &#8211; Torche Webmarketing<\/strong> beh\u00e4lt sich das Recht vor, ohne vorherige Mahnung jeden in diesem Bereich hinterlegten Inhalt zu entfernen, der gegen die in Frankreich geltenden Gesetze, insbesondere die Bestimmungen zum Datenschutz, verst\u00f6\u00dft.<\/p>\n\n<p>Gegebenenfalls beh\u00e4lt sich <strong>Raison individuelle &#8211; Torche Webmarketing<\/strong> auch die M\u00f6glichkeit vor, den Nutzer zivil- und\/oder strafrechtlich haftbar zu machen, insbesondere bei rassistischen, beleidigenden, diffamierenden oder pornografischen Mitteilungen, unabh\u00e4ngig von den verwendeten Medien (Text, Fotografie &#8230;).<\/p>\n\n<hr class=\"wp-block-separator has-alpha-channel-opacity\"\/>\n\n<h2 class=\"wp-block-heading\">4 &#8211; CNIL und Umgang mit pers\u00f6nlichen Daten.<\/h2>\n\n<p>Gem\u00e4\u00df den Bestimmungen des <a href=\"https:\/\/www.legifrance.gouv.fr\/affichTexte.do?cidTexte=JORFTEXT000000886460\" target=\"_blank\" rel=\"noreferrer noopener\">ge\u00e4nderten Gesetzes 78-17 vom 6. Januar 1978<\/a> hat der Nutzer der Website <strong>https:\/\/dropstop-print.ch\/<\/strong> das Recht, auf die gesammelten Informationen zuzugreifen, sie zu \u00e4ndern und zu l\u00f6schen. Um dieses Recht auszu\u00fcben, senden Sie eine Nachricht an unseren Datenschutzbeauftragten: <strong>Herv\u00e9 Torche<\/strong> &#8211; <strong>info@dropstop-print.ch<\/strong>.<\/p>\n\n<p>F\u00fcr weitere Informationen dar\u00fcber, wie wir Ihre Daten verarbeiten (Art der Daten, Zweck, Empf\u00e4nger&#8230;), lesen Sie bitte unseren. <strong>\n  <a href=\"https:\/\/dropstop-print.ch\/politique-de-confidentialite\/\">https:\/\/dropstop-print.ch\/politique-de-confidentialite\/<\/a>\n<\/strong>.<\/p>\n\n<hr class=\"wp-block-separator has-alpha-channel-opacity\"\/>\n\n<h2 class=\"wp-block-heading\">5 &#8211; Hyperlinks und Cookies<\/h2>\n\n<p>Die Website <strong>https:\/\/dropstop-print.ch\/<\/strong> enth\u00e4lt Hyperlinks zu anderen Websites und \u00fcbernimmt keine Verantwortung f\u00fcr diese externen Links oder f\u00fcr Links, die von anderen Websites zu <strong>https:\/\/dropstop-print.ch\/<\/strong> erstellt wurden.<\/p>\n\n<p>Das Surfen auf der Website <strong>https:\/\/dropstop-print.ch\/<\/strong> kann dazu f\u00fchren, dass auf dem Computer des Nutzers ein Cookie(s) installiert wird.<\/p>\n\n<p>Ein &#8222;Cookie&#8220; ist eine kleine Datei, die Informationen \u00fcber das Surfen eines Nutzers auf einer Website speichert. Mit den so gewonnenen Daten lassen sich z. B. die Besucherzahlen messen.<\/p>\n\n<p>Sie haben die M\u00f6glichkeit, <strong>Cookies zu akzeptieren oder abzulehnen<\/strong>, indem Sie die Einstellungen Ihres Browsers \u00e4ndern. Ohne Ihre Zustimmung werden keine Cookies abgelegt.<\/p>\n\n<p>Cookies werden f\u00fcr eine Dauer von maximal 6 Monaten gespeichert.<\/p>\n\n<p>Weitere Informationen dar\u00fcber, wie wir Cookies verwenden, finden Sie in unserem. <strong>\n  <a href=\"https:\/\/dropstop-print.ch\/politique-de-confidentialite\/\">https:\/\/dropstop-print.ch\/politique-de-confidentialite\/<\/a>\n<\/strong>.<\/p>\n\n<hr class=\"wp-block-separator has-alpha-channel-opacity\"\/>\n\n<h2 class=\"wp-block-heading\">6 &#8211; Anwendbares Recht und Gerichtsstand.<\/h2>\n\n<p>Alle Streitigkeiten im Zusammenhang mit der Nutzung der Website <strong>https:\/\/dropstop-print.ch\/<\/strong> unterliegen dem franz\u00f6sischen Recht.<\/p>\n","protected":false},"excerpt":{"rendered":"<p>1 &#8211; Bearbeiten der Seite Gem\u00e4\u00df Artikel 6 des Gesetzes Nr. 2004-575 vom 21. Juni 2004 \u00fcber das Vertrauen in die digitale Wirtschaft wird den Nutzern der Website https:\/\/dropstop-print.ch\/ die Identit\u00e4t der verschiedenen Akteure im Rahmen der Erstellung und Betreuung der Website mitgeteilt: Website-Inhaber: Einzelfirma &#8211; Torche Webmarketing &#8211; Kontakt: info@dropstop-print.ch +41 24 519 00 [&hellip;]<\/p>\n","protected":false},"author":2,"featured_media":0,"parent":0,"menu_order":0,"comment_status":"closed","ping_status":"closed","template":"","meta":{"inline_featured_image":false,"footnotes":""},"class_list":["post-31782","page","type-page","status-publish","hentry"],"yoast_head":"<!-- This site is optimized with the Yoast SEO plugin v27.4 - https:\/\/yoast.com\/product\/yoast-seo-wordpress\/ -->\n<title>Rechtliche Hinweise | DropStop Print<\/title>\n<meta name=\"robots\" content=\"index, follow, max-snippet:-1, max-image-preview:large, max-video-preview:-1\" \/>\n<link rel=\"canonical\" href=\"https:\/\/dropstop-print.ch\/de\/rechtliche-hinweise-2\/\" \/>\n<meta property=\"og:locale\" content=\"de_DE\" \/>\n<meta property=\"og:type\" content=\"article\" \/>\n<meta property=\"og:title\" content=\"Rechtliche Hinweise | DropStop Print\" \/>\n<meta property=\"og:description\" content=\"1 &#8211; Bearbeiten der Seite Gem\u00e4\u00df Artikel 6 des Gesetzes Nr. 2004-575 vom 21. Juni 2004 \u00fcber das Vertrauen in die digitale Wirtschaft wird den Nutzern der Website https:\/\/dropstop-print.ch\/ die Identit\u00e4t der verschiedenen Akteure im Rahmen der Erstellung und Betreuung der Website mitgeteilt: Website-Inhaber: Einzelfirma &#8211; Torche Webmarketing &#8211; Kontakt: info@dropstop-print.ch +41 24 519 00 [&hellip;]\" \/>\n<meta property=\"og:url\" content=\"https:\/\/dropstop-print.ch\/de\/rechtliche-hinweise-2\/\" \/>\n<meta property=\"og:site_name\" content=\"DropStop Print\" \/>\n<meta property=\"article:publisher\" content=\"https:\/\/fb.me\/dropstopprint\" \/>\n<meta property=\"og:image\" content=\"https:\/\/dropstop-print.ch\/wp-content\/uploads\/2022\/12\/logo-1.png\" \/>\n\t<meta property=\"og:image:width\" content=\"751\" \/>\n\t<meta property=\"og:image:height\" content=\"306\" \/>\n\t<meta property=\"og:image:type\" content=\"image\/png\" \/>\n<meta name=\"twitter:card\" content=\"summary_large_image\" \/>\n<meta name=\"twitter:label1\" content=\"Gesch\u00e4tzte Lesezeit\" \/>\n\t<meta name=\"twitter:data1\" content=\"3\u00a0Minuten\" \/>\n<script type=\"application\/ld+json\" class=\"yoast-schema-graph\">{\"@context\":\"https:\\\/\\\/schema.org\",\"@graph\":[{\"@type\":\"WebPage\",\"@id\":\"https:\\\/\\\/dropstop-print.ch\\\/de\\\/rechtliche-hinweise-2\\\/\",\"url\":\"https:\\\/\\\/dropstop-print.ch\\\/de\\\/rechtliche-hinweise-2\\\/\",\"name\":\"Rechtliche Hinweise | DropStop Print\",\"isPartOf\":{\"@id\":\"https:\\\/\\\/dropstop-print.ch\\\/de\\\/#website\"},\"datePublished\":\"2024-05-01T15:05:12+00:00\",\"breadcrumb\":{\"@id\":\"https:\\\/\\\/dropstop-print.ch\\\/de\\\/rechtliche-hinweise-2\\\/#breadcrumb\"},\"inLanguage\":\"de\",\"potentialAction\":[{\"@type\":\"ReadAction\",\"target\":[\"https:\\\/\\\/dropstop-print.ch\\\/de\\\/rechtliche-hinweise-2\\\/\"]}]},{\"@type\":\"BreadcrumbList\",\"@id\":\"https:\\\/\\\/dropstop-print.ch\\\/de\\\/rechtliche-hinweise-2\\\/#breadcrumb\",\"itemListElement\":[{\"@type\":\"ListItem\",\"position\":1,\"name\":\"Startseite\",\"item\":\"https:\\\/\\\/dropstop-print.ch\\\/de\\\/\"},{\"@type\":\"ListItem\",\"position\":2,\"name\":\"Rechtliche Hinweise\"}]},{\"@type\":\"WebSite\",\"@id\":\"https:\\\/\\\/dropstop-print.ch\\\/de\\\/#website\",\"url\":\"https:\\\/\\\/dropstop-print.ch\\\/de\\\/\",\"name\":\"DropStop Print\",\"description\":\"Impression personnalis\u00e9e de Drop Stop\",\"publisher\":{\"@id\":\"https:\\\/\\\/dropstop-print.ch\\\/de\\\/#organization\"},\"potentialAction\":[{\"@type\":\"SearchAction\",\"target\":{\"@type\":\"EntryPoint\",\"urlTemplate\":\"https:\\\/\\\/dropstop-print.ch\\\/de\\\/?s={search_term_string}\"},\"query-input\":{\"@type\":\"PropertyValueSpecification\",\"valueRequired\":true,\"valueName\":\"search_term_string\"}}],\"inLanguage\":\"de\"},{\"@type\":\"Organization\",\"@id\":\"https:\\\/\\\/dropstop-print.ch\\\/de\\\/#organization\",\"name\":\"DropStop Print\",\"url\":\"https:\\\/\\\/dropstop-print.ch\\\/de\\\/\",\"logo\":{\"@type\":\"ImageObject\",\"inLanguage\":\"de\",\"@id\":\"https:\\\/\\\/dropstop-print.ch\\\/de\\\/#\\\/schema\\\/logo\\\/image\\\/\",\"url\":\"https:\\\/\\\/dropstop-print.ch\\\/wp-content\\\/uploads\\\/2022\\\/12\\\/logo-1.png\",\"contentUrl\":\"https:\\\/\\\/dropstop-print.ch\\\/wp-content\\\/uploads\\\/2022\\\/12\\\/logo-1.png\",\"width\":751,\"height\":306,\"caption\":\"DropStop Print\"},\"image\":{\"@id\":\"https:\\\/\\\/dropstop-print.ch\\\/de\\\/#\\\/schema\\\/logo\\\/image\\\/\"},\"sameAs\":[\"https:\\\/\\\/fb.me\\\/dropstopprint\"]}]}<\/script>\n<!-- \/ Yoast SEO plugin. -->","yoast_head_json":{"title":"Rechtliche Hinweise | DropStop Print","robots":{"index":"index","follow":"follow","max-snippet":"max-snippet:-1","max-image-preview":"max-image-preview:large","max-video-preview":"max-video-preview:-1"},"canonical":"https:\/\/dropstop-print.ch\/de\/rechtliche-hinweise-2\/","og_locale":"de_DE","og_type":"article","og_title":"Rechtliche Hinweise | DropStop Print","og_description":"1 &#8211; Bearbeiten der Seite Gem\u00e4\u00df Artikel 6 des Gesetzes Nr. 2004-575 vom 21. Juni 2004 \u00fcber das Vertrauen in die digitale Wirtschaft wird den Nutzern der Website https:\/\/dropstop-print.ch\/ die Identit\u00e4t der verschiedenen Akteure im Rahmen der Erstellung und Betreuung der Website mitgeteilt: Website-Inhaber: Einzelfirma &#8211; Torche Webmarketing &#8211; Kontakt: info@dropstop-print.ch +41 24 519 00 [&hellip;]","og_url":"https:\/\/dropstop-print.ch\/de\/rechtliche-hinweise-2\/","og_site_name":"DropStop Print","article_publisher":"https:\/\/fb.me\/dropstopprint","og_image":[{"width":751,"height":306,"url":"https:\/\/dropstop-print.ch\/wp-content\/uploads\/2022\/12\/logo-1.png","type":"image\/png"}],"twitter_card":"summary_large_image","twitter_misc":{"Gesch\u00e4tzte Lesezeit":"3\u00a0Minuten"},"schema":{"@context":"https:\/\/schema.org","@graph":[{"@type":"WebPage","@id":"https:\/\/dropstop-print.ch\/de\/rechtliche-hinweise-2\/","url":"https:\/\/dropstop-print.ch\/de\/rechtliche-hinweise-2\/","name":"Rechtliche Hinweise | DropStop Print","isPartOf":{"@id":"https:\/\/dropstop-print.ch\/de\/#website"},"datePublished":"2024-05-01T15:05:12+00:00","breadcrumb":{"@id":"https:\/\/dropstop-print.ch\/de\/rechtliche-hinweise-2\/#breadcrumb"},"inLanguage":"de","potentialAction":[{"@type":"ReadAction","target":["https:\/\/dropstop-print.ch\/de\/rechtliche-hinweise-2\/"]}]},{"@type":"BreadcrumbList","@id":"https:\/\/dropstop-print.ch\/de\/rechtliche-hinweise-2\/#breadcrumb","itemListElement":[{"@type":"ListItem","position":1,"name":"Startseite","item":"https:\/\/dropstop-print.ch\/de\/"},{"@type":"ListItem","position":2,"name":"Rechtliche Hinweise"}]},{"@type":"WebSite","@id":"https:\/\/dropstop-print.ch\/de\/#website","url":"https:\/\/dropstop-print.ch\/de\/","name":"DropStop Print","description":"Impression personnalis\u00e9e de Drop Stop","publisher":{"@id":"https:\/\/dropstop-print.ch\/de\/#organization"},"potentialAction":[{"@type":"SearchAction","target":{"@type":"EntryPoint","urlTemplate":"https:\/\/dropstop-print.ch\/de\/?s={search_term_string}"},"query-input":{"@type":"PropertyValueSpecification","valueRequired":true,"valueName":"search_term_string"}}],"inLanguage":"de"},{"@type":"Organization","@id":"https:\/\/dropstop-print.ch\/de\/#organization","name":"DropStop Print","url":"https:\/\/dropstop-print.ch\/de\/","logo":{"@type":"ImageObject","inLanguage":"de","@id":"https:\/\/dropstop-print.ch\/de\/#\/schema\/logo\/image\/","url":"https:\/\/dropstop-print.ch\/wp-content\/uploads\/2022\/12\/logo-1.png","contentUrl":"https:\/\/dropstop-print.ch\/wp-content\/uploads\/2022\/12\/logo-1.png","width":751,"height":306,"caption":"DropStop Print"},"image":{"@id":"https:\/\/dropstop-print.ch\/de\/#\/schema\/logo\/image\/"},"sameAs":["https:\/\/fb.me\/dropstopprint"]}]}},"_links":{"self":[{"href":"https:\/\/dropstop-print.ch\/de\/wp-json\/wp\/v2\/pages\/31782","targetHints":{"allow":["GET"]}}],"collection":[{"href":"https:\/\/dropstop-print.ch\/de\/wp-json\/wp\/v2\/pages"}],"about":[{"href":"https:\/\/dropstop-print.ch\/de\/wp-json\/wp\/v2\/types\/page"}],"author":[{"embeddable":true,"href":"https:\/\/dropstop-print.ch\/de\/wp-json\/wp\/v2\/users\/2"}],"replies":[{"embeddable":true,"href":"https:\/\/dropstop-print.ch\/de\/wp-json\/wp\/v2\/comments?post=31782"}],"version-history":[{"count":1,"href":"https:\/\/dropstop-print.ch\/de\/wp-json\/wp\/v2\/pages\/31782\/revisions"}],"predecessor-version":[{"id":31785,"href":"https:\/\/dropstop-print.ch\/de\/wp-json\/wp\/v2\/pages\/31782\/revisions\/31785"}],"wp:attachment":[{"href":"https:\/\/dropstop-print.ch\/de\/wp-json\/wp\/v2\/media?parent=31782"}],"curies":[{"name":"wp","href":"https:\/\/api.w.org\/{rel}","templated":true}]}}