{"id":30352,"date":"2023-08-22T11:09:49","date_gmt":"2023-08-22T09:09:49","guid":{"rendered":"https:\/\/beta.dropstop-print.ch\/sicheres-bezahlen\/"},"modified":"2023-09-06T17:10:48","modified_gmt":"2023-09-06T15:10:48","slug":"sicheres-bezahlen","status":"publish","type":"page","link":"https:\/\/dropstop-print.ch\/de\/sicheres-bezahlen\/","title":{"rendered":"Sicheres Bezahlen"},"content":{"rendered":"\n<h3 class=\"wp-block-heading\">PER BANKKARTE<\/h3>\n\n<p>Wir verwenden die sichere Plattform Stripe f\u00fcr unsere sicheren Zahlungen.<\/p>\n\n<h3 class=\"wp-block-heading\">PER BANK\u00dcBERWEISUNG<\/h3>\n\n<p>Unsere Bankdaten werden zum Zeitpunkt der Best\u00e4tigung der Bestellung mitgeteilt. Nach Eingang Ihrer \u00dcberweisung versenden wir Ihre Bestellung.<\/p>\n","protected":false},"excerpt":{"rendered":"<p>PER BANKKARTE Wir verwenden die sichere Plattform Stripe f\u00fcr unsere sicheren Zahlungen. PER BANK\u00dcBERWEISUNG Unsere Bankdaten werden zum Zeitpunkt der Best\u00e4tigung der Bestellung mitgeteilt. Nach Eingang Ihrer \u00dcberweisung versenden wir Ihre Bestellung.<\/p>\n","protected":false},"author":2,"featured_media":0,"parent":0,"menu_order":0,"comment_status":"closed","ping_status":"closed","template":"","meta":{"inline_featured_image":false,"footnotes":""},"class_list":["post-30352","page","type-page","status-publish","hentry"],"yoast_head":"<!-- This site is optimized with the Yoast SEO plugin v27.4 - https:\/\/yoast.com\/product\/yoast-seo-wordpress\/ -->\n<title>Sicheres Bezahlen | DropStop Print<\/title>\n<meta name=\"robots\" content=\"index, follow, max-snippet:-1, max-image-preview:large, max-video-preview:-1\" \/>\n<link rel=\"canonical\" href=\"https:\/\/dropstop-print.ch\/de\/sicheres-bezahlen\/\" \/>\n<meta property=\"og:locale\" content=\"de_DE\" \/>\n<meta property=\"og:type\" content=\"article\" \/>\n<meta property=\"og:title\" content=\"Sicheres Bezahlen | DropStop Print\" \/>\n<meta property=\"og:description\" content=\"PER BANKKARTE Wir verwenden die sichere Plattform Stripe f\u00fcr unsere sicheren Zahlungen. PER BANK\u00dcBERWEISUNG Unsere Bankdaten werden zum Zeitpunkt der Best\u00e4tigung der Bestellung mitgeteilt. Nach Eingang Ihrer \u00dcberweisung versenden wir Ihre Bestellung.\" \/>\n<meta property=\"og:url\" content=\"https:\/\/dropstop-print.ch\/de\/sicheres-bezahlen\/\" \/>\n<meta property=\"og:site_name\" content=\"DropStop Print\" \/>\n<meta property=\"article:publisher\" content=\"https:\/\/fb.me\/dropstopprint\" \/>\n<meta property=\"article:modified_time\" content=\"2023-09-06T15:10:48+00:00\" \/>\n<meta property=\"og:image\" content=\"https:\/\/dropstop-print.ch\/wp-content\/uploads\/2022\/12\/logo-1.png\" \/>\n\t<meta property=\"og:image:width\" content=\"751\" \/>\n\t<meta property=\"og:image:height\" content=\"306\" \/>\n\t<meta property=\"og:image:type\" content=\"image\/png\" \/>\n<meta name=\"twitter:card\" content=\"summary_large_image\" \/>\n<script type=\"application\/ld+json\" class=\"yoast-schema-graph\">{\"@context\":\"https:\\\/\\\/schema.org\",\"@graph\":[{\"@type\":\"WebPage\",\"@id\":\"https:\\\/\\\/dropstop-print.ch\\\/de\\\/sicheres-bezahlen\\\/\",\"url\":\"https:\\\/\\\/dropstop-print.ch\\\/de\\\/sicheres-bezahlen\\\/\",\"name\":\"Sicheres Bezahlen | DropStop Print\",\"isPartOf\":{\"@id\":\"https:\\\/\\\/dropstop-print.ch\\\/de\\\/#website\"},\"datePublished\":\"2023-08-22T09:09:49+00:00\",\"dateModified\":\"2023-09-06T15:10:48+00:00\",\"breadcrumb\":{\"@id\":\"https:\\\/\\\/dropstop-print.ch\\\/de\\\/sicheres-bezahlen\\\/#breadcrumb\"},\"inLanguage\":\"de\",\"potentialAction\":[{\"@type\":\"ReadAction\",\"target\":[\"https:\\\/\\\/dropstop-print.ch\\\/de\\\/sicheres-bezahlen\\\/\"]}]},{\"@type\":\"BreadcrumbList\",\"@id\":\"https:\\\/\\\/dropstop-print.ch\\\/de\\\/sicheres-bezahlen\\\/#breadcrumb\",\"itemListElement\":[{\"@type\":\"ListItem\",\"position\":1,\"name\":\"Startseite\",\"item\":\"https:\\\/\\\/dropstop-print.ch\\\/de\\\/\"},{\"@type\":\"ListItem\",\"position\":2,\"name\":\"Sicheres Bezahlen\"}]},{\"@type\":\"WebSite\",\"@id\":\"https:\\\/\\\/dropstop-print.ch\\\/de\\\/#website\",\"url\":\"https:\\\/\\\/dropstop-print.ch\\\/de\\\/\",\"name\":\"DropStop Print\",\"description\":\"Impression personnalis\u00e9e de Drop Stop\",\"publisher\":{\"@id\":\"https:\\\/\\\/dropstop-print.ch\\\/de\\\/#organization\"},\"potentialAction\":[{\"@type\":\"SearchAction\",\"target\":{\"@type\":\"EntryPoint\",\"urlTemplate\":\"https:\\\/\\\/dropstop-print.ch\\\/de\\\/?s={search_term_string}\"},\"query-input\":{\"@type\":\"PropertyValueSpecification\",\"valueRequired\":true,\"valueName\":\"search_term_string\"}}],\"inLanguage\":\"de\"},{\"@type\":\"Organization\",\"@id\":\"https:\\\/\\\/dropstop-print.ch\\\/de\\\/#organization\",\"name\":\"DropStop Print\",\"url\":\"https:\\\/\\\/dropstop-print.ch\\\/de\\\/\",\"logo\":{\"@type\":\"ImageObject\",\"inLanguage\":\"de\",\"@id\":\"https:\\\/\\\/dropstop-print.ch\\\/de\\\/#\\\/schema\\\/logo\\\/image\\\/\",\"url\":\"https:\\\/\\\/dropstop-print.ch\\\/wp-content\\\/uploads\\\/2022\\\/12\\\/logo-1.png\",\"contentUrl\":\"https:\\\/\\\/dropstop-print.ch\\\/wp-content\\\/uploads\\\/2022\\\/12\\\/logo-1.png\",\"width\":751,\"height\":306,\"caption\":\"DropStop Print\"},\"image\":{\"@id\":\"https:\\\/\\\/dropstop-print.ch\\\/de\\\/#\\\/schema\\\/logo\\\/image\\\/\"},\"sameAs\":[\"https:\\\/\\\/fb.me\\\/dropstopprint\"]}]}<\/script>\n<!-- \/ Yoast SEO plugin. -->","yoast_head_json":{"title":"Sicheres Bezahlen | DropStop Print","robots":{"index":"index","follow":"follow","max-snippet":"max-snippet:-1","max-image-preview":"max-image-preview:large","max-video-preview":"max-video-preview:-1"},"canonical":"https:\/\/dropstop-print.ch\/de\/sicheres-bezahlen\/","og_locale":"de_DE","og_type":"article","og_title":"Sicheres Bezahlen | DropStop Print","og_description":"PER BANKKARTE Wir verwenden die sichere Plattform Stripe f\u00fcr unsere sicheren Zahlungen. PER BANK\u00dcBERWEISUNG Unsere Bankdaten werden zum Zeitpunkt der Best\u00e4tigung der Bestellung mitgeteilt. Nach Eingang Ihrer \u00dcberweisung versenden wir Ihre Bestellung.","og_url":"https:\/\/dropstop-print.ch\/de\/sicheres-bezahlen\/","og_site_name":"DropStop Print","article_publisher":"https:\/\/fb.me\/dropstopprint","article_modified_time":"2023-09-06T15:10:48+00:00","og_image":[{"width":751,"height":306,"url":"https:\/\/dropstop-print.ch\/wp-content\/uploads\/2022\/12\/logo-1.png","type":"image\/png"}],"twitter_card":"summary_large_image","schema":{"@context":"https:\/\/schema.org","@graph":[{"@type":"WebPage","@id":"https:\/\/dropstop-print.ch\/de\/sicheres-bezahlen\/","url":"https:\/\/dropstop-print.ch\/de\/sicheres-bezahlen\/","name":"Sicheres Bezahlen | DropStop Print","isPartOf":{"@id":"https:\/\/dropstop-print.ch\/de\/#website"},"datePublished":"2023-08-22T09:09:49+00:00","dateModified":"2023-09-06T15:10:48+00:00","breadcrumb":{"@id":"https:\/\/dropstop-print.ch\/de\/sicheres-bezahlen\/#breadcrumb"},"inLanguage":"de","potentialAction":[{"@type":"ReadAction","target":["https:\/\/dropstop-print.ch\/de\/sicheres-bezahlen\/"]}]},{"@type":"BreadcrumbList","@id":"https:\/\/dropstop-print.ch\/de\/sicheres-bezahlen\/#breadcrumb","itemListElement":[{"@type":"ListItem","position":1,"name":"Startseite","item":"https:\/\/dropstop-print.ch\/de\/"},{"@type":"ListItem","position":2,"name":"Sicheres Bezahlen"}]},{"@type":"WebSite","@id":"https:\/\/dropstop-print.ch\/de\/#website","url":"https:\/\/dropstop-print.ch\/de\/","name":"DropStop Print","description":"Impression personnalis\u00e9e de Drop Stop","publisher":{"@id":"https:\/\/dropstop-print.ch\/de\/#organization"},"potentialAction":[{"@type":"SearchAction","target":{"@type":"EntryPoint","urlTemplate":"https:\/\/dropstop-print.ch\/de\/?s={search_term_string}"},"query-input":{"@type":"PropertyValueSpecification","valueRequired":true,"valueName":"search_term_string"}}],"inLanguage":"de"},{"@type":"Organization","@id":"https:\/\/dropstop-print.ch\/de\/#organization","name":"DropStop Print","url":"https:\/\/dropstop-print.ch\/de\/","logo":{"@type":"ImageObject","inLanguage":"de","@id":"https:\/\/dropstop-print.ch\/de\/#\/schema\/logo\/image\/","url":"https:\/\/dropstop-print.ch\/wp-content\/uploads\/2022\/12\/logo-1.png","contentUrl":"https:\/\/dropstop-print.ch\/wp-content\/uploads\/2022\/12\/logo-1.png","width":751,"height":306,"caption":"DropStop Print"},"image":{"@id":"https:\/\/dropstop-print.ch\/de\/#\/schema\/logo\/image\/"},"sameAs":["https:\/\/fb.me\/dropstopprint"]}]}},"_links":{"self":[{"href":"https:\/\/dropstop-print.ch\/de\/wp-json\/wp\/v2\/pages\/30352","targetHints":{"allow":["GET"]}}],"collection":[{"href":"https:\/\/dropstop-print.ch\/de\/wp-json\/wp\/v2\/pages"}],"about":[{"href":"https:\/\/dropstop-print.ch\/de\/wp-json\/wp\/v2\/types\/page"}],"author":[{"embeddable":true,"href":"https:\/\/dropstop-print.ch\/de\/wp-json\/wp\/v2\/users\/2"}],"replies":[{"embeddable":true,"href":"https:\/\/dropstop-print.ch\/de\/wp-json\/wp\/v2\/comments?post=30352"}],"version-history":[{"count":1,"href":"https:\/\/dropstop-print.ch\/de\/wp-json\/wp\/v2\/pages\/30352\/revisions"}],"predecessor-version":[{"id":30353,"href":"https:\/\/dropstop-print.ch\/de\/wp-json\/wp\/v2\/pages\/30352\/revisions\/30353"}],"wp:attachment":[{"href":"https:\/\/dropstop-print.ch\/de\/wp-json\/wp\/v2\/media?parent=30352"}],"curies":[{"name":"wp","href":"https:\/\/api.w.org\/{rel}","templated":true}]}}