{"id":30344,"date":"2023-01-10T12:26:39","date_gmt":"2023-01-10T11:26:39","guid":{"rendered":"https:\/\/beta.dropstop-print.ch\/angebot-anfordern\/"},"modified":"2026-02-04T15:36:07","modified_gmt":"2026-02-04T14:36:07","slug":"angebot-anfordern","status":"publish","type":"page","link":"https:\/\/dropstop-print.ch\/de\/angebot-anfordern\/","title":{"rendered":"Angebot anfordern"},"content":{"rendered":"\t\t<div data-elementor-type=\"wp-page\" data-elementor-id=\"30344\" class=\"elementor elementor-30344 elementor-29194\">\n\t\t\t\t\t\t<section class=\"elementor-section elementor-top-section elementor-element elementor-element-807b404 elementor-section-boxed elementor-section-height-default elementor-section-height-default\" data-id=\"807b404\" data-element_type=\"section\" data-e-type=\"section\">\n\t\t\t\t\t\t<div class=\"elementor-container elementor-column-gap-default\">\n\t\t\t\t\t<div class=\"aux-parallax-section elementor-column elementor-col-100 elementor-top-column elementor-element elementor-element-2efff5a\" data-id=\"2efff5a\" data-element_type=\"column\" data-e-type=\"column\">\n\t\t\t<div class=\"elementor-widget-wrap elementor-element-populated\">\n\t\t\t\t\t\t<div class=\"elementor-element elementor-element-43f273d elementor-widget elementor-widget-text-editor\" data-id=\"43f273d\" data-element_type=\"widget\" data-e-type=\"widget\" data-widget_type=\"text-editor.default\">\n\t\t\t\t<div class=\"elementor-widget-container\">\n\t\t\t\t\t\t\t\t\t<p><strong>Sie m\u00f6chten mehr als 1&#8217;000 Drop Stop oder eine Sonderausf\u00fchrung?<\/strong><\/p><p>Wir werden so schnell wie m\u00f6glich auf Ihre Bed\u00fcrfnisse eingehen.<\/p>\t\t\t\t\t\t\t\t<\/div>\n\t\t\t\t<\/div>\n\t\t\t\t\t<\/div>\n\t\t<\/div>\n\t\t\t\t\t<\/div>\n\t\t<\/section>\n\t\t\t\t<section class=\"elementor-section elementor-top-section elementor-element elementor-element-408177a elementor-section-boxed elementor-section-height-default elementor-section-height-default\" data-id=\"408177a\" data-element_type=\"section\" data-e-type=\"section\" data-settings=\"{&quot;background_background&quot;:&quot;classic&quot;}\">\n\t\t\t\t\t\t<div class=\"elementor-container elementor-column-gap-default\">\n\t\t\t\t\t<div class=\"aux-parallax-section elementor-column elementor-col-100 elementor-top-column elementor-element elementor-element-0ab39f3\" data-id=\"0ab39f3\" data-element_type=\"column\" data-e-type=\"column\" data-settings=\"{&quot;background_background&quot;:&quot;classic&quot;}\">\n\t\t\t<div class=\"elementor-widget-wrap elementor-element-populated\">\n\t\t\t\t\t\t<div class=\"elementor-element elementor-element-eee2314 elementor-widget elementor-widget-text-editor\" data-id=\"eee2314\" data-element_type=\"widget\" data-e-type=\"widget\" data-widget_type=\"text-editor.default\">\n\t\t\t\t<div class=\"elementor-widget-container\">\n\t\t\t\t\t\t\t\t\t<p>\n<div class=\"wpcf7 no-js\" id=\"wpcf7-f30372-o1\" lang=\"de-DE\" dir=\"ltr\" data-wpcf7-id=\"30372\">\n<div class=\"screen-reader-response\"><p role=\"status\" aria-live=\"polite\" aria-atomic=\"true\"><\/p> <ul><\/ul><\/div>\n<form action=\"\/de\/wp-json\/wp\/v2\/pages\/30344#wpcf7-f30372-o1\" method=\"post\" class=\"wpcf7-form init\" aria-label=\"Kontaktformular\" novalidate=\"novalidate\" data-status=\"init\">\n<fieldset class=\"hidden-fields-container\"><input type=\"hidden\" name=\"_wpcf7\" value=\"30372\" \/><input type=\"hidden\" name=\"_wpcf7_version\" value=\"6.1.4\" \/><input type=\"hidden\" name=\"_wpcf7_locale\" value=\"de_DE\" \/><input type=\"hidden\" name=\"_wpcf7_unit_tag\" value=\"wpcf7-f30372-o1\" \/><input type=\"hidden\" name=\"_wpcf7_container_post\" value=\"0\" \/><input type=\"hidden\" name=\"_wpcf7_posted_data_hash\" value=\"\" \/>\n<\/fieldset>\n<p><span class=\"wpcf7-form-control-wrap\" data-name=\"entreprise\"><input size=\"40\" maxlength=\"400\" class=\"wpcf7-form-control wpcf7-text wpcf7-validates-as-required\" aria-required=\"true\" aria-invalid=\"false\" placeholder=\"Unternehmen *\" value=\"\" type=\"text\" name=\"entreprise\" \/><\/span><span class=\"wpcf7-form-control-wrap\" data-name=\"nom\"><input size=\"40\" maxlength=\"400\" class=\"wpcf7-form-control wpcf7-text wpcf7-validates-as-required\" aria-required=\"true\" aria-invalid=\"false\" placeholder=\"Name *\" value=\"\" type=\"text\" name=\"nom\" \/><\/span><span class=\"wpcf7-form-control-wrap\" data-name=\"prenom\"><input size=\"40\" maxlength=\"400\" class=\"wpcf7-form-control wpcf7-text wpcf7-validates-as-required\" aria-required=\"true\" aria-invalid=\"false\" placeholder=\"Vorname *\" value=\"\" type=\"text\" name=\"prenom\" \/><\/span><span class=\"wpcf7-form-control-wrap\" data-name=\"email\"><input size=\"40\" maxlength=\"400\" class=\"wpcf7-form-control wpcf7-email wpcf7-validates-as-required wpcf7-text wpcf7-validates-as-email\" aria-required=\"true\" aria-invalid=\"false\" placeholder=\"E-Mail Adresse *\" value=\"\" type=\"email\" name=\"email\" \/><\/span>\n<\/p>\n<div class=\"form-group\">\n\t<p><span class=\"wpcf7-form-control-wrap\" data-name=\"menu-89\"><select class=\"wpcf7-form-control wpcf7-select wpcf7-validates-as-required\" aria-required=\"true\" aria-invalid=\"false\" name=\"menu-89\"><option value=\"Drop Stop Standard\">Drop Stop Standard<\/option><option value=\"Drop Stop Luxe\">Drop Stop Luxe<\/option><option value=\"Die 2 Versionen\">Die 2 Versionen<\/option><option value=\"Andere\">Andere<\/option><\/select><\/span><span class=\"wpcf7-form-control-wrap\" data-name=\"quantite\"><input size=\"40\" maxlength=\"400\" class=\"wpcf7-form-control wpcf7-text wpcf7-validates-as-required\" aria-required=\"true\" aria-invalid=\"false\" placeholder=\"Welche menge w\u00fcnschen Sie ? *\" value=\"\" type=\"text\" name=\"quantite\" \/><\/span>\n\t<\/p>\n<\/div>\n<p><span class=\"wpcf7-form-control-wrap\" data-name=\"message\"><textarea cols=\"40\" rows=\"10\" maxlength=\"2000\" class=\"wpcf7-form-control wpcf7-textarea\" aria-invalid=\"false\" placeholder=\"Haben Sie weitere Informationen oder Fragen an uns?\" name=\"message\"><\/textarea><\/span><br \/>\n<input class=\"wpcf7-form-control wpcf7-submit has-spinner\" type=\"submit\" value=\"Senden Sie\" \/>\n<\/p><div class=\"wpcf7-response-output\" aria-hidden=\"true\"><\/div>\n<\/form>\n<\/div>\n<\/p>\t\t\t\t\t\t\t\t<\/div>\n\t\t\t\t<\/div>\n\t\t\t\t\t<\/div>\n\t\t<\/div>\n\t\t\t\t\t<\/div>\n\t\t<\/section>\n\t\t\t\t<\/div>\n\t\t","protected":false},"excerpt":{"rendered":"<p>Sie m\u00f6chten mehr als 1&#8217;000 Drop Stop oder eine Sonderausf\u00fchrung? Wir werden so schnell wie m\u00f6glich auf Ihre Bed\u00fcrfnisse eingehen.<\/p>\n","protected":false},"author":2,"featured_media":0,"parent":0,"menu_order":0,"comment_status":"closed","ping_status":"closed","template":"elementor_header_footer","meta":{"inline_featured_image":false,"footnotes":""},"class_list":["post-30344","page","type-page","status-publish","hentry"],"yoast_head":"<!-- This site is optimized with the Yoast SEO plugin v26.9 - https:\/\/yoast.com\/product\/yoast-seo-wordpress\/ -->\n<title>Kontaktieren Sie uns f\u00fcr ein kostenloses Angebot | Drop Stop Wein Schweiz<\/title>\n<meta name=\"description\" content=\"Brauchen Sie einen g\u00fcnstigen, individuell gestaltbaren Drop Stop? Kontaktieren Sie uns f\u00fcr einen kostenlosen Kostenvoranschlag, damit wir Ihre Erwartungen bestm\u00f6glich erf\u00fcllen k\u00f6nnen.\" \/>\n<meta name=\"robots\" content=\"index, follow, max-snippet:-1, max-image-preview:large, max-video-preview:-1\" \/>\n<link rel=\"canonical\" href=\"https:\/\/dropstop-print.ch\/de\/angebot-anfordern\/\" \/>\n<meta property=\"og:locale\" content=\"de_DE\" \/>\n<meta property=\"og:type\" content=\"article\" \/>\n<meta property=\"og:title\" content=\"Kontaktieren Sie uns f\u00fcr ein kostenloses Angebot | Drop Stop Wein Schweiz\" \/>\n<meta property=\"og:description\" content=\"Brauchen Sie einen g\u00fcnstigen, individuell gestaltbaren Drop Stop? Kontaktieren Sie uns f\u00fcr einen kostenlosen Kostenvoranschlag, damit wir Ihre Erwartungen bestm\u00f6glich erf\u00fcllen k\u00f6nnen.\" \/>\n<meta property=\"og:url\" content=\"https:\/\/dropstop-print.ch\/de\/angebot-anfordern\/\" \/>\n<meta property=\"og:site_name\" content=\"DropStop Print\" \/>\n<meta property=\"article:publisher\" content=\"https:\/\/fb.me\/dropstopprint\" \/>\n<meta property=\"article:modified_time\" content=\"2026-02-04T14:36:07+00:00\" \/>\n<meta property=\"og:image\" content=\"https:\/\/dropstop-print.ch\/wp-content\/uploads\/2022\/12\/logo-1.png\" \/>\n\t<meta property=\"og:image:width\" content=\"751\" \/>\n\t<meta property=\"og:image:height\" content=\"306\" \/>\n\t<meta property=\"og:image:type\" content=\"image\/png\" \/>\n<meta name=\"twitter:card\" content=\"summary_large_image\" \/>\n<script type=\"application\/ld+json\" class=\"yoast-schema-graph\">{\"@context\":\"https:\/\/schema.org\",\"@graph\":[{\"@type\":\"WebPage\",\"@id\":\"https:\/\/dropstop-print.ch\/de\/angebot-anfordern\/\",\"url\":\"https:\/\/dropstop-print.ch\/de\/angebot-anfordern\/\",\"name\":\"Kontaktieren Sie uns f\u00fcr ein kostenloses Angebot | Drop Stop Wein Schweiz\",\"isPartOf\":{\"@id\":\"https:\/\/dropstop-print.ch\/de\/#website\"},\"datePublished\":\"2023-01-10T11:26:39+00:00\",\"dateModified\":\"2026-02-04T14:36:07+00:00\",\"description\":\"Brauchen Sie einen g\u00fcnstigen, individuell gestaltbaren Drop Stop? Kontaktieren Sie uns f\u00fcr einen kostenlosen Kostenvoranschlag, damit wir Ihre Erwartungen bestm\u00f6glich erf\u00fcllen k\u00f6nnen.\",\"breadcrumb\":{\"@id\":\"https:\/\/dropstop-print.ch\/de\/angebot-anfordern\/#breadcrumb\"},\"inLanguage\":\"de\",\"potentialAction\":[{\"@type\":\"ReadAction\",\"target\":[\"https:\/\/dropstop-print.ch\/de\/angebot-anfordern\/\"]}]},{\"@type\":\"BreadcrumbList\",\"@id\":\"https:\/\/dropstop-print.ch\/de\/angebot-anfordern\/#breadcrumb\",\"itemListElement\":[{\"@type\":\"ListItem\",\"position\":1,\"name\":\"Startseite\",\"item\":\"https:\/\/dropstop-print.ch\/de\/individueller-dropstop-hochwertiger-druckservice\/\"},{\"@type\":\"ListItem\",\"position\":2,\"name\":\"Angebot anfordern\"}]},{\"@type\":\"WebSite\",\"@id\":\"https:\/\/dropstop-print.ch\/de\/#website\",\"url\":\"https:\/\/dropstop-print.ch\/de\/\",\"name\":\"DropStop Print\",\"description\":\"Impression personnalis\u00e9e de Drop Stop\",\"publisher\":{\"@id\":\"https:\/\/dropstop-print.ch\/de\/#organization\"},\"potentialAction\":[{\"@type\":\"SearchAction\",\"target\":{\"@type\":\"EntryPoint\",\"urlTemplate\":\"https:\/\/dropstop-print.ch\/de\/?s={search_term_string}\"},\"query-input\":{\"@type\":\"PropertyValueSpecification\",\"valueRequired\":true,\"valueName\":\"search_term_string\"}}],\"inLanguage\":\"de\"},{\"@type\":\"Organization\",\"@id\":\"https:\/\/dropstop-print.ch\/de\/#organization\",\"name\":\"DropStop Print\",\"url\":\"https:\/\/dropstop-print.ch\/de\/\",\"logo\":{\"@type\":\"ImageObject\",\"inLanguage\":\"de\",\"@id\":\"https:\/\/dropstop-print.ch\/de\/#\/schema\/logo\/image\/\",\"url\":\"https:\/\/dropstop-print.ch\/wp-content\/uploads\/2022\/12\/logo-1.png\",\"contentUrl\":\"https:\/\/dropstop-print.ch\/wp-content\/uploads\/2022\/12\/logo-1.png\",\"width\":751,\"height\":306,\"caption\":\"DropStop Print\"},\"image\":{\"@id\":\"https:\/\/dropstop-print.ch\/de\/#\/schema\/logo\/image\/\"},\"sameAs\":[\"https:\/\/fb.me\/dropstopprint\"]}]}<\/script>\n<!-- \/ Yoast SEO plugin. -->","yoast_head_json":{"title":"Kontaktieren Sie uns f\u00fcr ein kostenloses Angebot | Drop Stop Wein Schweiz","description":"Brauchen Sie einen g\u00fcnstigen, individuell gestaltbaren Drop Stop? Kontaktieren Sie uns f\u00fcr einen kostenlosen Kostenvoranschlag, damit wir Ihre Erwartungen bestm\u00f6glich erf\u00fcllen k\u00f6nnen.","robots":{"index":"index","follow":"follow","max-snippet":"max-snippet:-1","max-image-preview":"max-image-preview:large","max-video-preview":"max-video-preview:-1"},"canonical":"https:\/\/dropstop-print.ch\/de\/angebot-anfordern\/","og_locale":"de_DE","og_type":"article","og_title":"Kontaktieren Sie uns f\u00fcr ein kostenloses Angebot | Drop Stop Wein Schweiz","og_description":"Brauchen Sie einen g\u00fcnstigen, individuell gestaltbaren Drop Stop? Kontaktieren Sie uns f\u00fcr einen kostenlosen Kostenvoranschlag, damit wir Ihre Erwartungen bestm\u00f6glich erf\u00fcllen k\u00f6nnen.","og_url":"https:\/\/dropstop-print.ch\/de\/angebot-anfordern\/","og_site_name":"DropStop Print","article_publisher":"https:\/\/fb.me\/dropstopprint","article_modified_time":"2026-02-04T14:36:07+00:00","og_image":[{"width":751,"height":306,"url":"https:\/\/dropstop-print.ch\/wp-content\/uploads\/2022\/12\/logo-1.png","type":"image\/png"}],"twitter_card":"summary_large_image","schema":{"@context":"https:\/\/schema.org","@graph":[{"@type":"WebPage","@id":"https:\/\/dropstop-print.ch\/de\/angebot-anfordern\/","url":"https:\/\/dropstop-print.ch\/de\/angebot-anfordern\/","name":"Kontaktieren Sie uns f\u00fcr ein kostenloses Angebot | Drop Stop Wein Schweiz","isPartOf":{"@id":"https:\/\/dropstop-print.ch\/de\/#website"},"datePublished":"2023-01-10T11:26:39+00:00","dateModified":"2026-02-04T14:36:07+00:00","description":"Brauchen Sie einen g\u00fcnstigen, individuell gestaltbaren Drop Stop? Kontaktieren Sie uns f\u00fcr einen kostenlosen Kostenvoranschlag, damit wir Ihre Erwartungen bestm\u00f6glich erf\u00fcllen k\u00f6nnen.","breadcrumb":{"@id":"https:\/\/dropstop-print.ch\/de\/angebot-anfordern\/#breadcrumb"},"inLanguage":"de","potentialAction":[{"@type":"ReadAction","target":["https:\/\/dropstop-print.ch\/de\/angebot-anfordern\/"]}]},{"@type":"BreadcrumbList","@id":"https:\/\/dropstop-print.ch\/de\/angebot-anfordern\/#breadcrumb","itemListElement":[{"@type":"ListItem","position":1,"name":"Startseite","item":"https:\/\/dropstop-print.ch\/de\/individueller-dropstop-hochwertiger-druckservice\/"},{"@type":"ListItem","position":2,"name":"Angebot anfordern"}]},{"@type":"WebSite","@id":"https:\/\/dropstop-print.ch\/de\/#website","url":"https:\/\/dropstop-print.ch\/de\/","name":"DropStop Print","description":"Impression personnalis\u00e9e de Drop Stop","publisher":{"@id":"https:\/\/dropstop-print.ch\/de\/#organization"},"potentialAction":[{"@type":"SearchAction","target":{"@type":"EntryPoint","urlTemplate":"https:\/\/dropstop-print.ch\/de\/?s={search_term_string}"},"query-input":{"@type":"PropertyValueSpecification","valueRequired":true,"valueName":"search_term_string"}}],"inLanguage":"de"},{"@type":"Organization","@id":"https:\/\/dropstop-print.ch\/de\/#organization","name":"DropStop Print","url":"https:\/\/dropstop-print.ch\/de\/","logo":{"@type":"ImageObject","inLanguage":"de","@id":"https:\/\/dropstop-print.ch\/de\/#\/schema\/logo\/image\/","url":"https:\/\/dropstop-print.ch\/wp-content\/uploads\/2022\/12\/logo-1.png","contentUrl":"https:\/\/dropstop-print.ch\/wp-content\/uploads\/2022\/12\/logo-1.png","width":751,"height":306,"caption":"DropStop Print"},"image":{"@id":"https:\/\/dropstop-print.ch\/de\/#\/schema\/logo\/image\/"},"sameAs":["https:\/\/fb.me\/dropstopprint"]}]}},"_links":{"self":[{"href":"https:\/\/dropstop-print.ch\/de\/wp-json\/wp\/v2\/pages\/30344","targetHints":{"allow":["GET"]}}],"collection":[{"href":"https:\/\/dropstop-print.ch\/de\/wp-json\/wp\/v2\/pages"}],"about":[{"href":"https:\/\/dropstop-print.ch\/de\/wp-json\/wp\/v2\/types\/page"}],"author":[{"embeddable":true,"href":"https:\/\/dropstop-print.ch\/de\/wp-json\/wp\/v2\/users\/2"}],"replies":[{"embeddable":true,"href":"https:\/\/dropstop-print.ch\/de\/wp-json\/wp\/v2\/comments?post=30344"}],"version-history":[{"count":8,"href":"https:\/\/dropstop-print.ch\/de\/wp-json\/wp\/v2\/pages\/30344\/revisions"}],"predecessor-version":[{"id":32667,"href":"https:\/\/dropstop-print.ch\/de\/wp-json\/wp\/v2\/pages\/30344\/revisions\/32667"}],"wp:attachment":[{"href":"https:\/\/dropstop-print.ch\/de\/wp-json\/wp\/v2\/media?parent=30344"}],"curies":[{"name":"wp","href":"https:\/\/api.w.org\/{rel}","templated":true}]}}